{"id":85,"date":"2025-03-24T10:09:16","date_gmt":"2025-03-24T09:09:16","guid":{"rendered":"https:\/\/vswindhag.ac.at\/?page_id=85"},"modified":"2025-07-01T08:36:48","modified_gmt":"2025-07-01T06:36:48","slug":"home","status":"publish","type":"page","link":"https:\/\/vswindhag.ac.at\/","title":{"rendered":"HOME"},"content":{"rendered":"\t\t<div data-elementor-type=\"wp-page\" data-elementor-id=\"85\" class=\"elementor elementor-85\">\n\t\t\t\t<div class=\"elementor-element elementor-element-f03d7ee e-con-full e-flex e-con e-parent\" data-id=\"f03d7ee\" data-element_type=\"container\" data-settings=\"{&quot;background_background&quot;:&quot;classic&quot;}\">\n\t\t<div class=\"elementor-element elementor-element-22f3a24 e-con-full e-flex e-con e-child\" data-id=\"22f3a24\" data-element_type=\"container\">\n\t\t\t\t<div class=\"elementor-element elementor-element-c1e7a94 elementor-widget__width-initial e-transform elementor-widget elementor-widget-image\" data-id=\"c1e7a94\" data-element_type=\"widget\" data-settings=\"{&quot;_transform_scale_effect&quot;:{&quot;unit&quot;:&quot;px&quot;,&quot;size&quot;:1.1,&quot;sizes&quot;:[]},&quot;_transform_scale_effect_tablet&quot;:{&quot;unit&quot;:&quot;px&quot;,&quot;size&quot;:&quot;&quot;,&quot;sizes&quot;:[]},&quot;_transform_scale_effect_mobile&quot;:{&quot;unit&quot;:&quot;px&quot;,&quot;size&quot;:&quot;&quot;,&quot;sizes&quot;:[]}}\" data-widget_type=\"image.default\">\n\t\t\t\t<div class=\"elementor-widget-container\">\n\t\t\t\t\t\t\t\t\t\t\t\t\t\t\t<img fetchpriority=\"high\" decoding=\"async\" width=\"1900\" height=\"820\" src=\"https:\/\/vswindhag.ac.at\/wp-content\/uploads\/2025\/03\/StartSeiteVSWindhag_1900x820.jpeg\" class=\"attachment-full size-full wp-image-104\" alt=\"\" srcset=\"https:\/\/vswindhag.ac.at\/wp-content\/uploads\/2025\/03\/StartSeiteVSWindhag_1900x820.jpeg 1900w, https:\/\/vswindhag.ac.at\/wp-content\/uploads\/2025\/03\/StartSeiteVSWindhag_1900x820-300x129.jpeg 300w, https:\/\/vswindhag.ac.at\/wp-content\/uploads\/2025\/03\/StartSeiteVSWindhag_1900x820-1024x442.jpeg 1024w, https:\/\/vswindhag.ac.at\/wp-content\/uploads\/2025\/03\/StartSeiteVSWindhag_1900x820-768x331.jpeg 768w, https:\/\/vswindhag.ac.at\/wp-content\/uploads\/2025\/03\/StartSeiteVSWindhag_1900x820-1536x663.jpeg 1536w\" sizes=\"(max-width: 1900px) 100vw, 1900px\" \/>\t\t\t\t\t\t\t\t\t\t\t\t\t\t\t<\/div>\n\t\t\t\t<\/div>\n\t\t\t\t<\/div>\n\t\t\t\t<\/div>\n\t\t<div class=\"elementor-element elementor-element-c64fb4b e-flex e-con-boxed e-con e-parent\" data-id=\"c64fb4b\" data-element_type=\"container\" data-settings=\"{&quot;background_background&quot;:&quot;classic&quot;}\">\n\t\t\t\t\t<div class=\"e-con-inner\">\n\t\t\t\t<div class=\"elementor-element elementor-element-9f4c017 elementor-widget elementor-widget-heading\" data-id=\"9f4c017\" data-element_type=\"widget\" data-widget_type=\"heading.default\">\n\t\t\t\t<div class=\"elementor-widget-container\">\n\t\t\t\t\t<h1 class=\"elementor-heading-title elementor-size-default\"><br><br>Volksschule Windhag<\/h1>\t\t\t\t<\/div>\n\t\t\t\t<\/div>\n\t\t<div class=\"elementor-element elementor-element-0aa316a e-con-full e-flex e-con e-child\" data-id=\"0aa316a\" data-element_type=\"container\" data-settings=\"{&quot;background_background&quot;:&quot;classic&quot;}\">\n\t\t\t\t<div class=\"elementor-element elementor-element-3751d31 elementor-widget__width-initial elementor-widget elementor-widget-text-editor\" data-id=\"3751d31\" data-element_type=\"widget\" data-widget_type=\"text-editor.default\">\n\t\t\t\t<div class=\"elementor-widget-container\">\n\t\t\t\t\t\t\t\t\t<p style=\"text-align: center; font-size: 30px;\">Herzlich willkommen auf der Website der Volksschule Windhag!<\/p><p style=\"text-align: center; font-size: 30px; margin-top: -30px;\">\u201eWir m\u00f6chten jedes uns anvertraute Kind in seinem Wachsen, Bl\u00fchen und Reifen f\u00f6rdern.\u201c<\/p><p style=\"text-align: center; font-size: 20px;\">Dieses Motto pr\u00e4gt unser t\u00e4gliches Miteinander und unsere p\u00e4dagogische Arbeit. In einer Atmosph\u00e4re der Wertsch\u00e4tzung und Geborgenheit begleiten wir die Kinder auf ihrem individuellen Lernweg. Unser offenes Lernkonzept erm\u00f6glicht eigenst\u00e4ndiges Arbeiten, f\u00f6rdert Neugier und gibt Raum f\u00fcr pers\u00f6nliche Entwicklung.<\/p>\t\t\t\t\t\t\t\t<\/div>\n\t\t\t\t<\/div>\n\t\t\t\t<\/div>\n\t\t<div class=\"elementor-element elementor-element-e62d07e e-con-full e-flex e-con e-child\" data-id=\"e62d07e\" data-element_type=\"container\">\n\t\t<div class=\"elementor-element elementor-element-c8f48f9 e-flex e-con-boxed e-con e-child\" data-id=\"c8f48f9\" data-element_type=\"container\">\n\t\t\t\t\t<div class=\"e-con-inner\">\n\t\t\t\t<div class=\"elementor-element elementor-element-64e1e1c elementor-widget elementor-widget-heading\" data-id=\"64e1e1c\" data-element_type=\"widget\" data-widget_type=\"heading.default\">\n\t\t\t\t<div class=\"elementor-widget-container\">\n\t\t\t\t\t<h1 class=\"elementor-heading-title elementor-size-default\">Anstehende Termine<\/h1>\t\t\t\t<\/div>\n\t\t\t\t<\/div>\n\t\t\t\t<div class=\"elementor-element elementor-element-4a2383c elementor-widget__width-initial elementor-widget elementor-widget-the-events-calendar-addon\" data-id=\"4a2383c\" data-element_type=\"widget\" data-widget_type=\"the-events-calendar-addon.default\">\n\t\t\t\t<div class=\"elementor-widget-container\">\n\t\t\t\t\t<!=========Events list Template 1.6.16=========><div id=\"ectbe-wrapper-4a2383c\" class=\"ectbe-wrapper ectbe-list-wrapper style-1\"><h3>There is no Event<\/h3><\/div>\t\t\t\t<\/div>\n\t\t\t\t<\/div>\n\t\t\t\t\t<\/div>\n\t\t\t\t<\/div>\n\t\t\t\t<\/div>\n\t\t\t\t\t<\/div>\n\t\t\t\t<\/div>\n\t\t<div class=\"elementor-element elementor-element-814acd0 e-grid e-con-boxed e-con e-parent\" data-id=\"814acd0\" data-element_type=\"container\">\n\t\t\t\t\t<div class=\"e-con-inner\">\n\t\t\t\t<div class=\"elementor-element elementor-element-5743068 elementor-widget elementor-widget-image\" data-id=\"5743068\" data-element_type=\"widget\" data-widget_type=\"image.default\">\n\t\t\t\t<div class=\"elementor-widget-container\">\n\t\t\t\t\t\t\t\t\t\t\t\t\t\t\t<img decoding=\"async\" width=\"1024\" height=\"1024\" src=\"https:\/\/vswindhag.ac.at\/wp-content\/uploads\/2025\/05\/fox_illustration_2.png\" class=\"attachment-large size-large wp-image-662\" alt=\"\" srcset=\"https:\/\/vswindhag.ac.at\/wp-content\/uploads\/2025\/05\/fox_illustration_2.png 1024w, https:\/\/vswindhag.ac.at\/wp-content\/uploads\/2025\/05\/fox_illustration_2-768x768.png 768w, https:\/\/vswindhag.ac.at\/wp-content\/uploads\/2025\/05\/elementor\/thumbs\/fox_illustration_2-r614spklh3lpj68fkz8crgyzj4lj5tp8xkwhoeg2ig.png 300w\" sizes=\"(max-width: 1024px) 100vw, 1024px\" \/>\t\t\t\t\t\t\t\t\t\t\t\t\t\t\t<\/div>\n\t\t\t\t<\/div>\n\t\t\t\t<div class=\"elementor-element elementor-element-81c8ff6 elementor-widget elementor-widget-image\" data-id=\"81c8ff6\" data-element_type=\"widget\" data-widget_type=\"image.default\">\n\t\t\t\t<div class=\"elementor-widget-container\">\n\t\t\t\t\t\t\t\t\t\t\t\t\t\t\t<img decoding=\"async\" width=\"400\" height=\"400\" src=\"https:\/\/vswindhag.ac.at\/wp-content\/uploads\/2025\/05\/Bewegte-Klasse-Logo-removebg-preview.png\" class=\"attachment-large size-large wp-image-639\" alt=\"\" srcset=\"https:\/\/vswindhag.ac.at\/wp-content\/uploads\/2025\/05\/Bewegte-Klasse-Logo-removebg-preview.png 400w, https:\/\/vswindhag.ac.at\/wp-content\/uploads\/2025\/05\/elementor\/thumbs\/Bewegte-Klasse-Logo-removebg-preview-r6135c3kjzj8jwbhvefk5difnl18acrwvwt67s03io.png 200w\" sizes=\"(max-width: 400px) 100vw, 400px\" \/>\t\t\t\t\t\t\t\t\t\t\t\t\t\t\t<\/div>\n\t\t\t\t<\/div>\n\t\t\t\t<div class=\"elementor-element elementor-element-7668518 elementor-widget elementor-widget-image\" data-id=\"7668518\" data-element_type=\"widget\" data-widget_type=\"image.default\">\n\t\t\t\t<div class=\"elementor-widget-container\">\n\t\t\t\t\t\t\t\t\t\t\t\t\t\t\t<img loading=\"lazy\" decoding=\"async\" width=\"570\" height=\"295\" src=\"https:\/\/vswindhag.ac.at\/wp-content\/uploads\/2025\/05\/Logo-Lese.Kultur.Schule.png\" class=\"attachment-large size-large wp-image-640\" alt=\"\" \/>\t\t\t\t\t\t\t\t\t\t\t\t\t\t\t<\/div>\n\t\t\t\t<\/div>\n\t\t\t\t\t<\/div>\n\t\t\t\t<\/div>\n\t\t\t\t<\/div>\n\t\t","protected":false},"excerpt":{"rendered":"<p>Volksschule Windhag Herzlich willkommen auf der Website der Volksschule Windhag! \u201eWir m\u00f6chten jedes uns anvertraute Kind in seinem Wachsen, Bl\u00fchen und Reifen f\u00f6rdern.\u201c Dieses Motto pr\u00e4gt unser t\u00e4gliches Miteinander und [&hellip;]<\/p>\n","protected":false},"author":1,"featured_media":0,"parent":0,"menu_order":0,"comment_status":"closed","ping_status":"closed","template":"","meta":{"_EventAllDay":false,"_EventTimezone":"","_EventStartDate":"","_EventEndDate":"","_EventStartDateUTC":"","_EventEndDateUTC":"","_EventShowMap":false,"_EventShowMapLink":false,"_EventURL":"","_EventCost":"","_EventCostDescription":"","_EventCurrencySymbol":"","_EventCurrencyCode":"","_EventCurrencyPosition":"","_EventDateTimeSeparator":"","_EventTimeRangeSeparator":"","_EventOrganizerID":[],"_EventVenueID":[],"_OrganizerEmail":"","_OrganizerPhone":"","_OrganizerWebsite":"","_VenueAddress":"","_VenueCity":"","_VenueCountry":"","_VenueProvince":"","_VenueState":"","_VenueZip":"","_VenuePhone":"","_VenueURL":"","_VenueStateProvince":"","_VenueLat":"","_VenueLng":"","_VenueShowMap":false,"_VenueShowMapLink":false,"footnotes":""},"class_list":["post-85","page","type-page","status-publish","hentry"],"_links":{"self":[{"href":"https:\/\/vswindhag.ac.at\/index.php\/wp-json\/wp\/v2\/pages\/85","targetHints":{"allow":["GET"]}}],"collection":[{"href":"https:\/\/vswindhag.ac.at\/index.php\/wp-json\/wp\/v2\/pages"}],"about":[{"href":"https:\/\/vswindhag.ac.at\/index.php\/wp-json\/wp\/v2\/types\/page"}],"author":[{"embeddable":true,"href":"https:\/\/vswindhag.ac.at\/index.php\/wp-json\/wp\/v2\/users\/1"}],"replies":[{"embeddable":true,"href":"https:\/\/vswindhag.ac.at\/index.php\/wp-json\/wp\/v2\/comments?post=85"}],"version-history":[{"count":169,"href":"https:\/\/vswindhag.ac.at\/index.php\/wp-json\/wp\/v2\/pages\/85\/revisions"}],"predecessor-version":[{"id":1223,"href":"https:\/\/vswindhag.ac.at\/index.php\/wp-json\/wp\/v2\/pages\/85\/revisions\/1223"}],"wp:attachment":[{"href":"https:\/\/vswindhag.ac.at\/index.php\/wp-json\/wp\/v2\/media?parent=85"}],"curies":[{"name":"wp","href":"https:\/\/api.w.org\/{rel}","templated":true}]}}