{"id":28,"date":"2025-03-17T11:00:27","date_gmt":"2025-03-17T10:00:27","guid":{"rendered":"https:\/\/vswindhag.ac.at\/?page_id=28"},"modified":"2025-07-01T06:58:29","modified_gmt":"2025-07-01T04:58:29","slug":"unsere-schwerpunkte","status":"publish","type":"page","link":"https:\/\/vswindhag.ac.at\/index.php\/unsere-schwerpunkte\/","title":{"rendered":"UNSERE SCHWERPUNKTE"},"content":{"rendered":"\t\t<div data-elementor-type=\"wp-page\" data-elementor-id=\"28\" class=\"elementor elementor-28\">\n\t\t\t\t<div class=\"elementor-element elementor-element-3fe7198 e-flex e-con-boxed e-con e-parent\" data-id=\"3fe7198\" data-element_type=\"container\">\n\t\t\t\t\t<div class=\"e-con-inner\">\n\t\t\t\t<div class=\"elementor-element elementor-element-ab3f141 elementor-widget elementor-widget-heading\" data-id=\"ab3f141\" data-element_type=\"widget\" data-widget_type=\"heading.default\">\n\t\t\t\t<div class=\"elementor-widget-container\">\n\t\t\t\t\t<h1 class=\"elementor-heading-title elementor-size-default\">Bibliothek<\/h1>\t\t\t\t<\/div>\n\t\t\t\t<\/div>\n\t\t\t\t<div class=\"elementor-element elementor-element-6bcbb7e elementor-widget__width-inherit elementor-widget elementor-widget-image\" data-id=\"6bcbb7e\" data-element_type=\"widget\" data-widget_type=\"image.default\">\n\t\t\t\t<div class=\"elementor-widget-container\">\n\t\t\t\t\t\t\t\t\t\t\t\t\t\t\t<img fetchpriority=\"high\" decoding=\"async\" width=\"2000\" height=\"1333\" src=\"https:\/\/vswindhag.ac.at\/wp-content\/uploads\/2025\/05\/Bibliothek_1-2000x1333.jpg\" class=\"attachment-medium size-medium wp-image-403\" alt=\"\" srcset=\"https:\/\/vswindhag.ac.at\/wp-content\/uploads\/2025\/05\/Bibliothek_1-2000x1333.jpg 2000w, https:\/\/vswindhag.ac.at\/wp-content\/uploads\/2025\/05\/Bibliothek_1-768x512.jpg 768w, https:\/\/vswindhag.ac.at\/wp-content\/uploads\/2025\/05\/Bibliothek_1-1536x1024.jpg 1536w, https:\/\/vswindhag.ac.at\/wp-content\/uploads\/2025\/05\/Bibliothek_1-2048x1365.jpg 2048w\" sizes=\"(max-width: 2000px) 100vw, 2000px\" \/>\t\t\t\t\t\t\t\t\t\t\t\t\t\t\t<\/div>\n\t\t\t\t<\/div>\n\t\t\t\t<div class=\"elementor-element elementor-element-3574b3b elementor-widget elementor-widget-text-editor\" data-id=\"3574b3b\" data-element_type=\"widget\" data-widget_type=\"text-editor.default\">\n\t\t\t\t<div class=\"elementor-widget-container\">\n\t\t\t\t\t\t\t\t\t<p style=\"text-align: center;\">Unsere Schulbibliothek ist ein Ort der Ruhe, Entdeckung und Fantasie. Mit einer gro\u00dfen Auswahl an altersgerechten B\u00fcchern laden wir unsere Sch\u00fcler*innen zum Schm\u00f6kern, Staunen und Lesen ein. Regelm\u00e4\u00dfig stattfindende Bibliotheksstunden und Buchvorstellungen machen die Bibliothek zu einem lebendigen Teil unseres Schulalltags. So f\u00f6rdern wir die Freude am Lesen und den bewussten Umgang mit Medien.<\/p>\t\t\t\t\t\t\t\t<\/div>\n\t\t\t\t<\/div>\n\t\t<div class=\"elementor-element elementor-element-b74c4d1 e-con-full e-flex e-con e-child\" data-id=\"b74c4d1\" data-element_type=\"container\">\n\t\t\t\t<div class=\"elementor-element elementor-element-77bf2d3 elementor-widget elementor-widget-heading\" data-id=\"77bf2d3\" data-element_type=\"widget\" data-widget_type=\"heading.default\">\n\t\t\t\t<div class=\"elementor-widget-container\">\n\t\t\t\t\t<h1 class=\"elementor-heading-title elementor-size-default\">Lesekulturschule<\/h1>\t\t\t\t<\/div>\n\t\t\t\t<\/div>\n\t\t\t\t<div class=\"elementor-element elementor-element-9998c8b elementor-widget__width-inherit elementor-widget elementor-widget-image\" data-id=\"9998c8b\" data-element_type=\"widget\" data-widget_type=\"image.default\">\n\t\t\t\t<div class=\"elementor-widget-container\">\n\t\t\t\t\t\t\t\t\t\t\t\t\t\t\t<img decoding=\"async\" width=\"1140\" height=\"760\" src=\"https:\/\/vswindhag.ac.at\/wp-content\/uploads\/2025\/05\/DSC_8312-2000x1333.jpg\" class=\"attachment-large size-large wp-image-519\" alt=\"\" srcset=\"https:\/\/vswindhag.ac.at\/wp-content\/uploads\/2025\/05\/DSC_8312-2000x1333.jpg 2000w, https:\/\/vswindhag.ac.at\/wp-content\/uploads\/2025\/05\/DSC_8312-768x512.jpg 768w, https:\/\/vswindhag.ac.at\/wp-content\/uploads\/2025\/05\/DSC_8312-1536x1024.jpg 1536w, https:\/\/vswindhag.ac.at\/wp-content\/uploads\/2025\/05\/DSC_8312-2048x1365.jpg 2048w\" sizes=\"(max-width: 1140px) 100vw, 1140px\" \/>\t\t\t\t\t\t\t\t\t\t\t\t\t\t\t<\/div>\n\t\t\t\t<\/div>\n\t\t\t\t<div class=\"elementor-element elementor-element-6f76bf0 elementor-widget elementor-widget-text-editor\" data-id=\"6f76bf0\" data-element_type=\"widget\" data-widget_type=\"text-editor.default\">\n\t\t\t\t<div class=\"elementor-widget-container\">\n\t\t\t\t\t\t\t\t\t<p style=\"text-align: center;\">Als zertifizierte Lesekulturschule legen wir besonderen Wert auf die F\u00f6rderung der Lesekompetenz. Lesen ist bei uns ein wichtiger Teil unserer Schulkultur. Vielf\u00e4ltige Projekte wie Autorenlesungen, Lesekinos, Leseflashmobs, Lese-Patenschaften oder Lesen\u00e4chte bringen Abwechslung und Motivation. So schaffen wir eine lesefreundliche Umgebung in der Kinder ihre Begeisterung f\u00fcrs Lesen entdecken und vertiefen k\u00f6nnen.<\/p>\t\t\t\t\t\t\t\t<\/div>\n\t\t\t\t<\/div>\n\t\t\t\t<\/div>\n\t\t<div class=\"elementor-element elementor-element-c2b31f1 e-con-full e-flex e-con e-child\" data-id=\"c2b31f1\" data-element_type=\"container\">\n\t\t\t\t<div class=\"elementor-element elementor-element-d4f031a elementor-widget elementor-widget-heading\" data-id=\"d4f031a\" data-element_type=\"widget\" data-widget_type=\"heading.default\">\n\t\t\t\t<div class=\"elementor-widget-container\">\n\t\t\t\t\t<h1 class=\"elementor-heading-title elementor-size-default\">Bewegte Klasse<\/h1>\t\t\t\t<\/div>\n\t\t\t\t<\/div>\n\t\t\t\t<div class=\"elementor-element elementor-element-2d24ce7 elementor-widget__width-inherit elementor-widget elementor-widget-image\" data-id=\"2d24ce7\" data-element_type=\"widget\" data-widget_type=\"image.default\">\n\t\t\t\t<div class=\"elementor-widget-container\">\n\t\t\t\t\t\t\t\t\t\t\t\t\t\t\t<img decoding=\"async\" width=\"1140\" height=\"760\" src=\"https:\/\/vswindhag.ac.at\/wp-content\/uploads\/2025\/05\/DSC_8113-2000x1333.jpg\" class=\"attachment-large size-large wp-image-503\" alt=\"\" srcset=\"https:\/\/vswindhag.ac.at\/wp-content\/uploads\/2025\/05\/DSC_8113-2000x1333.jpg 2000w, https:\/\/vswindhag.ac.at\/wp-content\/uploads\/2025\/05\/DSC_8113-768x512.jpg 768w, https:\/\/vswindhag.ac.at\/wp-content\/uploads\/2025\/05\/DSC_8113-1536x1024.jpg 1536w, https:\/\/vswindhag.ac.at\/wp-content\/uploads\/2025\/05\/DSC_8113-2048x1365.jpg 2048w\" sizes=\"(max-width: 1140px) 100vw, 1140px\" \/>\t\t\t\t\t\t\t\t\t\t\t\t\t\t\t<\/div>\n\t\t\t\t<\/div>\n\t\t\t\t<div class=\"elementor-element elementor-element-461cb77 elementor-widget elementor-widget-text-editor\" data-id=\"461cb77\" data-element_type=\"widget\" data-widget_type=\"text-editor.default\">\n\t\t\t\t<div class=\"elementor-widget-container\">\n\t\t\t\t\t\t\t\t\t<p style=\"text-align: center;\">Egal ob drinnen oder drau\u00dfen, Bewegung wird an unserer Schule gro\u00dfgeschrieben \u2013 denn ein aktiver K\u00f6rper unterst\u00fctzt auch das Lernen. In der \u201eBewegten Klasse\u201c sorgen kleine Bewegungseinheiten im Unterricht f\u00fcr Abwechslung und Konzentration. Bewegte Pausen, Sportangebote und Bewegungsspiele f\u00f6rdern Gesundheit, Koordination und Teamgeist. So schaffen wir ein lebendiges und lernfreudiges Schulklima.<\/p>\t\t\t\t\t\t\t\t<\/div>\n\t\t\t\t<\/div>\n\t\t<div class=\"elementor-element elementor-element-0c0264c e-con-full e-flex e-con e-child\" data-id=\"0c0264c\" data-element_type=\"container\">\n\t\t\t\t<div class=\"elementor-element elementor-element-edde094 elementor-widget elementor-widget-heading\" data-id=\"edde094\" data-element_type=\"widget\" data-widget_type=\"heading.default\">\n\t\t\t\t<div class=\"elementor-widget-container\">\n\t\t\t\t\t<h1 class=\"elementor-heading-title elementor-size-default\">Schulgarten<\/h1>\t\t\t\t<\/div>\n\t\t\t\t<\/div>\n\t\t\t\t<div class=\"elementor-element elementor-element-92b8dee elementor-widget__width-inherit elementor-widget elementor-widget-image\" data-id=\"92b8dee\" data-element_type=\"widget\" data-widget_type=\"image.default\">\n\t\t\t\t<div class=\"elementor-widget-container\">\n\t\t\t\t\t\t\t\t\t\t\t\t\t\t\t<img decoding=\"async\" src=\"https:\/\/vswindhag.ac.at\/wp-content\/uploads\/elementor\/thumbs\/Schulgarten-scaled-r5627duvl794hlpudy05hc60nqbjantpu9s1586as2.jpg\" title=\"Schulgarten\" alt=\"Schulgarten\" loading=\"lazy\" \/>\t\t\t\t\t\t\t\t\t\t\t\t\t\t\t<\/div>\n\t\t\t\t<\/div>\n\t\t\t\t<div class=\"elementor-element elementor-element-7c24c00 elementor-widget elementor-widget-text-editor\" data-id=\"7c24c00\" data-element_type=\"widget\" data-widget_type=\"text-editor.default\">\n\t\t\t\t<div class=\"elementor-widget-container\">\n\t\t\t\t\t\t\t\t\t<p style=\"text-align: center;\">Unser Schulgarten ist ein Ort der Erholung, des Lernens und des gemeinsamen Tuns. Die Kinder haben in den Pausen und nach dem Unterricht die M\u00f6glichkeit Zeit im Schulgarten zu verbringen. Ebenso werden bestimmte Lerninhalte im Garten mit den Sch\u00fcler*innen erarbeitet. Umfangberechnungen, Zeichenstunden oder Sachunterricht &#8211; alles hat in unserem Schulgarten seinen Platz.<\/p>\t\t\t\t\t\t\t\t<\/div>\n\t\t\t\t<\/div>\n\t\t\t\t<\/div>\n\t\t\t\t<\/div>\n\t\t\t\t\t<\/div>\n\t\t\t\t<\/div>\n\t\t<div class=\"elementor-element elementor-element-fba3c35 e-flex e-con-boxed e-con e-parent\" data-id=\"fba3c35\" data-element_type=\"container\">\n\t\t\t\t\t<div class=\"e-con-inner\">\n\t\t\t\t\t<\/div>\n\t\t\t\t<\/div>\n\t\t\t\t<\/div>\n\t\t","protected":false},"excerpt":{"rendered":"<p>Bibliothek Unsere Schulbibliothek ist ein Ort der Ruhe, Entdeckung und Fantasie. Mit einer gro\u00dfen Auswahl an altersgerechten B\u00fcchern laden wir unsere Sch\u00fcler*innen zum Schm\u00f6kern, Staunen und Lesen ein. Regelm\u00e4\u00dfig stattfindende [&hellip;]<\/p>\n","protected":false},"author":1,"featured_media":0,"parent":0,"menu_order":0,"comment_status":"closed","ping_status":"closed","template":"","meta":{"_EventAllDay":false,"_EventTimezone":"","_EventStartDate":"","_EventEndDate":"","_EventStartDateUTC":"","_EventEndDateUTC":"","_EventShowMap":false,"_EventShowMapLink":false,"_EventURL":"","_EventCost":"","_EventCostDescription":"","_EventCurrencySymbol":"","_EventCurrencyCode":"","_EventCurrencyPosition":"","_EventDateTimeSeparator":"","_EventTimeRangeSeparator":"","_EventOrganizerID":[],"_EventVenueID":[],"_OrganizerEmail":"","_OrganizerPhone":"","_OrganizerWebsite":"","_VenueAddress":"","_VenueCity":"","_VenueCountry":"","_VenueProvince":"","_VenueState":"","_VenueZip":"","_VenuePhone":"","_VenueURL":"","_VenueStateProvince":"","_VenueLat":"","_VenueLng":"","_VenueShowMap":false,"_VenueShowMapLink":false,"_lightning_design_setting":{"layout":"default"},"footnotes":""},"class_list":["post-28","page","type-page","status-publish","hentry"],"_links":{"self":[{"href":"https:\/\/vswindhag.ac.at\/index.php\/wp-json\/wp\/v2\/pages\/28","targetHints":{"allow":["GET"]}}],"collection":[{"href":"https:\/\/vswindhag.ac.at\/index.php\/wp-json\/wp\/v2\/pages"}],"about":[{"href":"https:\/\/vswindhag.ac.at\/index.php\/wp-json\/wp\/v2\/types\/page"}],"author":[{"embeddable":true,"href":"https:\/\/vswindhag.ac.at\/index.php\/wp-json\/wp\/v2\/users\/1"}],"replies":[{"embeddable":true,"href":"https:\/\/vswindhag.ac.at\/index.php\/wp-json\/wp\/v2\/comments?post=28"}],"version-history":[{"count":35,"href":"https:\/\/vswindhag.ac.at\/index.php\/wp-json\/wp\/v2\/pages\/28\/revisions"}],"predecessor-version":[{"id":1145,"href":"https:\/\/vswindhag.ac.at\/index.php\/wp-json\/wp\/v2\/pages\/28\/revisions\/1145"}],"wp:attachment":[{"href":"https:\/\/vswindhag.ac.at\/index.php\/wp-json\/wp\/v2\/media?parent=28"}],"curies":[{"name":"wp","href":"https:\/\/api.w.org\/{rel}","templated":true}]}}