{"id":1896,"date":"2026-04-08T19:11:24","date_gmt":"2026-04-08T17:11:24","guid":{"rendered":"https:\/\/vswindhag.ac.at\/?page_id=1896"},"modified":"2026-04-08T19:16:34","modified_gmt":"2026-04-08T17:16:34","slug":"easter-eggs-surprise","status":"publish","type":"page","link":"https:\/\/vswindhag.ac.at\/index.php\/easter-eggs-surprise\/","title":{"rendered":"Easter eggs surprise"},"content":{"rendered":"\t\t<div data-elementor-type=\"wp-page\" data-elementor-id=\"1896\" class=\"elementor elementor-1896\">\n\t\t\t\t<div class=\"elementor-element elementor-element-12702f5b e-flex e-con-boxed e-con e-parent\" data-id=\"12702f5b\" data-element_type=\"container\">\n\t\t\t\t\t<div class=\"e-con-inner\">\n\t\t\t\t<div class=\"elementor-element elementor-element-5aab26b0 elementor-widget elementor-widget-heading\" data-id=\"5aab26b0\" data-element_type=\"widget\" data-widget_type=\"heading.default\">\n\t\t\t\t<div class=\"elementor-widget-container\">\n\t\t\t\t\t<h1 class=\"elementor-heading-title elementor-size-default\">Easter eggs surprise<\/h1>\t\t\t\t<\/div>\n\t\t\t\t<\/div>\n\t\t\t\t<div class=\"elementor-element elementor-element-4e16aad0 elementor-widget elementor-widget-text-editor\" data-id=\"4e16aad0\" data-element_type=\"widget\" data-widget_type=\"text-editor.default\">\n\t\t\t\t<div class=\"elementor-widget-container\">\n\t\t\t\t\t\t\t\t\t<p>Ein besonderes Highlight vor den Osterferien war unser Oster-Musical \u201eEaster Eggs Surprise\u201c. Die Sch\u00fclerinnen und Sch\u00fcler der 1. und 2. Schulstufe begeisterten mit ihrer schauspielerischen Darstellung, w\u00e4hrend die 3. und 4. Schulstufe gemeinsam mit den Lehrpersonen f\u00fcr die musikalische Begleitung sorgten. Ein gro\u00dfes Lob gilt auch den engagierten Eltern, die unsere Schauspielerinnen und Schauspieler toll geschminkt haben. Besonders gefreut haben wir uns auch \u00fcber ein Fr\u00fchlingslied, das von der Kindergartengruppe gesungen wurde.<\/p>\t\t\t\t\t\t\t\t<\/div>\n\t\t\t\t<\/div>\n\t\t\t\t<div class=\"elementor-element elementor-element-7a8679b5 elementor-widget elementor-widget-shortcode\" data-id=\"7a8679b5\" data-element_type=\"widget\" data-widget_type=\"shortcode.default\">\n\t\t\t\t<div class=\"elementor-widget-container\">\n\t\t\t\t\t\t\t<div class=\"elementor-shortcode\"><style>#jtg-1887 .modula-item .jtg-social a, .lightbox-socials.jtg-social a{ fill: #ffffff; color: #ffffff }#jtg-1887 .modula-item .jtg-social-mobile a{ fill: #ffffff; color: #ffffff }#jtg-1887 .modula-item .jtg-social svg, .lightbox-socials.jtg-social svg { height: 16px; width: 16px }#jtg-1887 .modula-item .jtg-social-mobile svg { height: 16px; width: 16px }#jtg-1887 .modula-item .jtg-social a:not(:last-child), .lightbox-socials.jtg-social a:not(:last-child) { margin-right: 10px }#jtg-1887 .modula-item .jtg-social-mobile .jtg-social-mobile-icons a:not(:last-child){ margin-right: 10px }#jtg-1887 .modula-item .figc {color:#ffffff;}#jtg-1887 .modula-item .figc .jtg-title {  font-size: 24px; }#jtg-1887 .modula-item .modula-item-content { transform: scale(1) }#jtg-1887 { width:100%;}#jtg-1887 .modula-items .figc p.description { font-size:16px; }#jtg-1887 .modula-items .figc p.description { color:#ffffff;}#jtg-1887 .modula-items .figc .jtg-title { color:#ffffff; }#jtg-1887.modula-gallery .modula-item > a, #jtg-1887.modula-gallery .modula-item, #jtg-1887.modula-gallery .modula-item-content > a:not(.modula-no-follow) { cursor:zoom-in; } #jtg-1887.modula-gallery .modula-item-content .modula-no-follow { cursor: default; } @media screen and (max-width:480px){#jtg-1887 .modula-item .figc .jtg-title {  font-size: 12px; }#jtg-1887 .modula-items .figc p.description { color:#ffffff;font-size:10px; }}<\/style>\n<div  id=\"jtg-1887\" class=\"modula modula-gallery modula-columns\" data-config=\"{&quot;tabletHeight&quot;:800,&quot;mobileHeight&quot;:800,&quot;desktopHeight&quot;:800,&quot;enableTwitter&quot;:false,&quot;enableWhatsapp&quot;:false,&quot;enableFacebook&quot;:false,&quot;enablePinterest&quot;:false,&quot;enableLinkedin&quot;:false,&quot;enableEmail&quot;:false,&quot;randomFactor&quot;:0.5,&quot;type&quot;:&quot;grid&quot;,&quot;columns&quot;:12,&quot;gutter&quot;:10,&quot;mobileGutter&quot;:10,&quot;tabletGutter&quot;:10,&quot;desktopGutter&quot;:10,&quot;enableResponsive&quot;:&quot;0&quot;,&quot;tabletColumns&quot;:2,&quot;mobileColumns&quot;:1,&quot;lazyLoad&quot;:true,&quot;lightboxOpts&quot;:{&quot;animated&quot;:true,&quot;Thumbs&quot;:{&quot;type&quot;:&quot;modern&quot;,&quot;showOnStart&quot;:false},&quot;Toolbar&quot;:{&quot;display&quot;:{&quot;right&quot;:[&quot;close&quot;]},&quot;enabled&quot;:true},&quot;Carousel&quot;:{&quot;Panzoom&quot;:{&quot;touch&quot;:false},&quot;infinite&quot;:false},&quot;keyboard&quot;:{&quot;Escape&quot;:&quot;close&quot;,&quot;Delete&quot;:&quot;close&quot;,&quot;Backspace&quot;:&quot;close&quot;,&quot;PageUp&quot;:false,&quot;PageDown&quot;:false,&quot;ArrowUp&quot;:false,&quot;ArrowDown&quot;:false,&quot;ArrowRight&quot;:false,&quot;ArrowLeft&quot;:false},&quot;touch&quot;:false,&quot;backdropClick&quot;:false,&quot;l10n&quot;:{&quot;CLOSE&quot;:&quot;Close&quot;,&quot;NEXT&quot;:&quot;Next&quot;,&quot;PREV&quot;:&quot;Previous&quot;,&quot;Error&quot;:&quot;The requested content cannot be loaded. Please try again later.&quot;,&quot;PLAY_START&quot;:&quot;Start slideshow&quot;,&quot;PLAY_STOP&quot;:&quot;Pause slideshow&quot;,&quot;FULL_SCREEN&quot;:&quot;Full screen&quot;,&quot;THUMBS&quot;:&quot;Thumbnails&quot;,&quot;DOWNLOAD&quot;:&quot;Download&quot;,&quot;SHARE&quot;:&quot;Share&quot;,&quot;ZOOM&quot;:&quot;Zoom&quot;,&quot;EMAIL&quot;:&quot;Here is the link to the image : %%image_link%% and this is the link to the gallery : %%gallery_link%%&quot;,&quot;MODAL&quot;:&quot;You can close this modal content with the ESC key&quot;,&quot;ERROR&quot;:&quot;Something Went Wrong, Please Try Again Later&quot;,&quot;IMAGE_ERROR&quot;:&quot;Image Not Found&quot;,&quot;ELEMENT_NOT_FOUND&quot;:&quot;HTML Element Not Found&quot;,&quot;AJAX_NOT_FOUND&quot;:&quot;Error Loading AJAX : Not Found&quot;,&quot;AJAX_FORBIDDEN&quot;:&quot;Error Loading AJAX : Forbidden&quot;,&quot;IFRAME_ERROR&quot;:&quot;Error Loading Page&quot;,&quot;TOGGLE_ZOOM&quot;:&quot;Toggle zoom level&quot;,&quot;TOGGLE_THUMBS&quot;:&quot;Toggle thumbnails&quot;,&quot;TOGGLE_SLIDESHOW&quot;:&quot;Toggle slideshow&quot;,&quot;TOGGLE_FULLSCREEN&quot;:&quot;Toggle full-screen mode&quot;},&quot;Images&quot;:{&quot;Panzoom&quot;:{&quot;maxScale&quot;:2}},&quot;mainClass&quot;:&quot;modula-fancybox-container modula-lightbox-jtg-1887&quot;,&quot;Html&quot;:{&quot;videoAutoplay&quot;:0,&quot;videoTpl&quot;:&quot;&lt;video class=\\&quot;fancybox__html5video\\&quot; controls muted playsinline controlsList controlsList=\\&quot;nodownload\\&quot; poster=\\&quot;{{poster}}\\&quot; src=\\&quot;{{src}}\\&quot; type=\\&quot;{{format}}\\&quot; &gt;  Sorry, your browser doesn&#039;t support embedded videos, &lt;a href=\\&quot;{{src}}\\&quot;&gt; download &lt;\\\/a&gt; and watch with your favorite video player! &lt;\\\/video&gt;&quot;}},&quot;inView&quot;:false,&quot;email_subject&quot;:&quot;Check out this awesome image !!&quot;,&quot;email_message&quot;:&quot;Here is the link to the image : %%image_link%% and this is the link to the gallery : %%gallery_link%%&quot;,&quot;grid_type&quot;:&quot;automatic&quot;,&quot;rowHeight&quot;:250,&quot;lastRow&quot;:&quot;justify&quot;,&quot;lightbox&quot;:&quot;fancybox&quot;}\">\n\n\t\n\t<div  class=\"modula-items grid-gallery\">\n\t\t<div class=\"modula-item effect-pufrobo\" >\n\t<div class=\"modula-item-overlay\"><\/div>\n\n\t<div class=\"modula-item-content\">\n\n\t\t\t\t\n\t\t\t\t\t<a data-image-id=\"1890\" data-elementor-open-lightbox=\"no\" tabindex=\"0\" rel=\"jtg-1887\" data-caption=\"\" aria-label=\"Open image in lightbox\" role=\"button\" class=\"tile-inner modula-item-link\"><\/a>\n\t\t\n\t\t<img fetchpriority=\"high\" class=\"pic wp-image-1890 lazyload\"  data-valign=\"middle\" data-halign=\"center\" alt=\"\" data-full=\"https:\/\/vswindhag.ac.at\/wp-content\/uploads\/2026\/04\/7ccda457-d158-40a4-8bcd-91aeebfc391f.jpg\" title=\"7ccda457-d158-40a4-8bcd-91aeebfc391f\" width=\"1600\" height=\"1200\" data-src=\"https:\/\/vswindhag.ac.at\/wp-content\/uploads\/2026\/04\/7ccda457-d158-40a4-8bcd-91aeebfc391f.jpg\" data-caption=\"\" data-source=\"modula\" data-srcset=\"https:\/\/vswindhag.ac.at\/wp-content\/uploads\/2026\/04\/7ccda457-d158-40a4-8bcd-91aeebfc391f.jpg 1600w, https:\/\/vswindhag.ac.at\/wp-content\/uploads\/2026\/04\/7ccda457-d158-40a4-8bcd-91aeebfc391f-768x576.jpg 768w, https:\/\/vswindhag.ac.at\/wp-content\/uploads\/2026\/04\/7ccda457-d158-40a4-8bcd-91aeebfc391f-1536x1152.jpg 1536w\" data-sizes=\"(max-width: 1600px) 100vw, 1600px\" srcset=\"https:\/\/vswindhag.ac.at\/wp-content\/uploads\/2026\/04\/7ccda457-d158-40a4-8bcd-91aeebfc391f.jpg 1600w, https:\/\/vswindhag.ac.at\/wp-content\/uploads\/2026\/04\/7ccda457-d158-40a4-8bcd-91aeebfc391f-768x576.jpg 768w, https:\/\/vswindhag.ac.at\/wp-content\/uploads\/2026\/04\/7ccda457-d158-40a4-8bcd-91aeebfc391f-1536x1152.jpg 1536w\" sizes=\"(max-width: 1600px) 100vw, 1600px\" \/>\n\t\t<div class=\"figc no-description\">\n\t\t\t<div class=\"figc-inner\">\n\t\t\t\t\t\t\t\t\t\t\t\t\t\t\t<\/div>\n\t\t<\/div>\n\n\t<\/div>\n\n<\/div><div class=\"modula-item effect-pufrobo\" >\n\t<div class=\"modula-item-overlay\"><\/div>\n\n\t<div class=\"modula-item-content\">\n\n\t\t\t\t\n\t\t\t\t\t<a data-image-id=\"1893\" data-elementor-open-lightbox=\"no\" tabindex=\"0\" rel=\"jtg-1887\" data-caption=\"\" aria-label=\"Open image in lightbox\" role=\"button\" class=\"tile-inner modula-item-link\"><\/a>\n\t\t\n\t\t<img class=\"pic wp-image-1893 lazyload\"  data-valign=\"middle\" data-halign=\"center\" alt=\"\" data-full=\"https:\/\/vswindhag.ac.at\/wp-content\/uploads\/2026\/04\/595f1257-8d3d-486c-b97c-ef21170474e5.jpg\" title=\"595f1257-8d3d-486c-b97c-ef21170474e5\" width=\"1600\" height=\"1200\" data-src=\"https:\/\/vswindhag.ac.at\/wp-content\/uploads\/2026\/04\/595f1257-8d3d-486c-b97c-ef21170474e5.jpg\" data-caption=\"\" data-source=\"modula\" data-srcset=\"https:\/\/vswindhag.ac.at\/wp-content\/uploads\/2026\/04\/595f1257-8d3d-486c-b97c-ef21170474e5.jpg 1600w, https:\/\/vswindhag.ac.at\/wp-content\/uploads\/2026\/04\/595f1257-8d3d-486c-b97c-ef21170474e5-768x576.jpg 768w, https:\/\/vswindhag.ac.at\/wp-content\/uploads\/2026\/04\/595f1257-8d3d-486c-b97c-ef21170474e5-1536x1152.jpg 1536w\" data-sizes=\"(max-width: 1600px) 100vw, 1600px\" srcset=\"https:\/\/vswindhag.ac.at\/wp-content\/uploads\/2026\/04\/595f1257-8d3d-486c-b97c-ef21170474e5.jpg 1600w, https:\/\/vswindhag.ac.at\/wp-content\/uploads\/2026\/04\/595f1257-8d3d-486c-b97c-ef21170474e5-768x576.jpg 768w, https:\/\/vswindhag.ac.at\/wp-content\/uploads\/2026\/04\/595f1257-8d3d-486c-b97c-ef21170474e5-1536x1152.jpg 1536w\" sizes=\"(max-width: 1600px) 100vw, 1600px\" \/>\n\t\t<div class=\"figc no-description\">\n\t\t\t<div class=\"figc-inner\">\n\t\t\t\t\t\t\t\t\t\t\t\t\t\t\t<\/div>\n\t\t<\/div>\n\n\t<\/div>\n\n<\/div><div class=\"modula-item effect-pufrobo\" >\n\t<div class=\"modula-item-overlay\"><\/div>\n\n\t<div class=\"modula-item-content\">\n\n\t\t\t\t\n\t\t\t\t\t<a data-image-id=\"1892\" data-elementor-open-lightbox=\"no\" tabindex=\"0\" rel=\"jtg-1887\" data-caption=\"\" aria-label=\"Open image in lightbox\" role=\"button\" class=\"tile-inner modula-item-link\"><\/a>\n\t\t\n\t\t<img class=\"pic wp-image-1892 lazyload\"  data-valign=\"middle\" data-halign=\"center\" alt=\"\" data-full=\"https:\/\/vswindhag.ac.at\/wp-content\/uploads\/2026\/04\/195ae9f3-68a1-4935-a1e8-7e79f5d67fd7.jpg\" title=\"195ae9f3-68a1-4935-a1e8-7e79f5d67fd7\" width=\"1200\" height=\"1600\" data-src=\"https:\/\/vswindhag.ac.at\/wp-content\/uploads\/2026\/04\/195ae9f3-68a1-4935-a1e8-7e79f5d67fd7.jpg\" data-caption=\"\" data-source=\"modula\" data-srcset=\"https:\/\/vswindhag.ac.at\/wp-content\/uploads\/2026\/04\/195ae9f3-68a1-4935-a1e8-7e79f5d67fd7.jpg 1200w, https:\/\/vswindhag.ac.at\/wp-content\/uploads\/2026\/04\/195ae9f3-68a1-4935-a1e8-7e79f5d67fd7-768x1024.jpg 768w, https:\/\/vswindhag.ac.at\/wp-content\/uploads\/2026\/04\/195ae9f3-68a1-4935-a1e8-7e79f5d67fd7-1152x1536.jpg 1152w\" data-sizes=\"(max-width: 1200px) 100vw, 1200px\" srcset=\"https:\/\/vswindhag.ac.at\/wp-content\/uploads\/2026\/04\/195ae9f3-68a1-4935-a1e8-7e79f5d67fd7.jpg 1200w, https:\/\/vswindhag.ac.at\/wp-content\/uploads\/2026\/04\/195ae9f3-68a1-4935-a1e8-7e79f5d67fd7-768x1024.jpg 768w, https:\/\/vswindhag.ac.at\/wp-content\/uploads\/2026\/04\/195ae9f3-68a1-4935-a1e8-7e79f5d67fd7-1152x1536.jpg 1152w\" sizes=\"(max-width: 1200px) 100vw, 1200px\" \/>\n\t\t<div class=\"figc no-description\">\n\t\t\t<div class=\"figc-inner\">\n\t\t\t\t\t\t\t\t\t\t\t\t\t\t\t<\/div>\n\t\t<\/div>\n\n\t<\/div>\n\n<\/div><div class=\"modula-item effect-pufrobo\" >\n\t<div class=\"modula-item-overlay\"><\/div>\n\n\t<div class=\"modula-item-content\">\n\n\t\t\t\t\n\t\t\t\t\t<a data-image-id=\"1895\" data-elementor-open-lightbox=\"no\" tabindex=\"0\" rel=\"jtg-1887\" data-caption=\"\" aria-label=\"Open image in lightbox\" role=\"button\" class=\"tile-inner modula-item-link\"><\/a>\n\t\t\n\t\t<img loading=\"lazy\" class=\"pic wp-image-1895 lazyload\"  data-valign=\"middle\" data-halign=\"center\" alt=\"\" data-full=\"https:\/\/vswindhag.ac.at\/wp-content\/uploads\/2026\/04\/c7d74cfa-6abf-4de4-a7a1-72177ebbd969.jpg\" title=\"c7d74cfa-6abf-4de4-a7a1-72177ebbd969\" width=\"1600\" height=\"1200\" data-src=\"https:\/\/vswindhag.ac.at\/wp-content\/uploads\/2026\/04\/c7d74cfa-6abf-4de4-a7a1-72177ebbd969.jpg\" data-caption=\"\" data-source=\"modula\" data-srcset=\"https:\/\/vswindhag.ac.at\/wp-content\/uploads\/2026\/04\/c7d74cfa-6abf-4de4-a7a1-72177ebbd969.jpg 1600w, https:\/\/vswindhag.ac.at\/wp-content\/uploads\/2026\/04\/c7d74cfa-6abf-4de4-a7a1-72177ebbd969-768x576.jpg 768w, https:\/\/vswindhag.ac.at\/wp-content\/uploads\/2026\/04\/c7d74cfa-6abf-4de4-a7a1-72177ebbd969-1536x1152.jpg 1536w\" data-sizes=\"(max-width: 1600px) 100vw, 1600px\" srcset=\"https:\/\/vswindhag.ac.at\/wp-content\/uploads\/2026\/04\/c7d74cfa-6abf-4de4-a7a1-72177ebbd969.jpg 1600w, https:\/\/vswindhag.ac.at\/wp-content\/uploads\/2026\/04\/c7d74cfa-6abf-4de4-a7a1-72177ebbd969-768x576.jpg 768w, https:\/\/vswindhag.ac.at\/wp-content\/uploads\/2026\/04\/c7d74cfa-6abf-4de4-a7a1-72177ebbd969-1536x1152.jpg 1536w\" sizes=\"(max-width: 1600px) 100vw, 1600px\" \/>\n\t\t<div class=\"figc no-description\">\n\t\t\t<div class=\"figc-inner\">\n\t\t\t\t\t\t\t\t\t\t\t\t\t\t\t<\/div>\n\t\t<\/div>\n\n\t<\/div>\n\n<\/div><div class=\"modula-item effect-pufrobo\" >\n\t<div class=\"modula-item-overlay\"><\/div>\n\n\t<div class=\"modula-item-content\">\n\n\t\t\t\t\n\t\t\t\t\t<a data-image-id=\"1889\" data-elementor-open-lightbox=\"no\" tabindex=\"0\" rel=\"jtg-1887\" data-caption=\"\" aria-label=\"Open image in lightbox\" role=\"button\" class=\"tile-inner modula-item-link\"><\/a>\n\t\t\n\t\t<img loading=\"lazy\" class=\"pic wp-image-1889 lazyload\"  data-valign=\"middle\" data-halign=\"center\" alt=\"\" data-full=\"https:\/\/vswindhag.ac.at\/wp-content\/uploads\/2026\/04\/5a9427bb-232c-4a1c-b878-dcbac88bd99a.jpg\" title=\"5a9427bb-232c-4a1c-b878-dcbac88bd99a\" width=\"1600\" height=\"1200\" data-src=\"https:\/\/vswindhag.ac.at\/wp-content\/uploads\/2026\/04\/5a9427bb-232c-4a1c-b878-dcbac88bd99a.jpg\" data-caption=\"\" data-source=\"modula\" data-srcset=\"https:\/\/vswindhag.ac.at\/wp-content\/uploads\/2026\/04\/5a9427bb-232c-4a1c-b878-dcbac88bd99a.jpg 1600w, https:\/\/vswindhag.ac.at\/wp-content\/uploads\/2026\/04\/5a9427bb-232c-4a1c-b878-dcbac88bd99a-768x576.jpg 768w, https:\/\/vswindhag.ac.at\/wp-content\/uploads\/2026\/04\/5a9427bb-232c-4a1c-b878-dcbac88bd99a-1536x1152.jpg 1536w\" data-sizes=\"(max-width: 1600px) 100vw, 1600px\" srcset=\"https:\/\/vswindhag.ac.at\/wp-content\/uploads\/2026\/04\/5a9427bb-232c-4a1c-b878-dcbac88bd99a.jpg 1600w, https:\/\/vswindhag.ac.at\/wp-content\/uploads\/2026\/04\/5a9427bb-232c-4a1c-b878-dcbac88bd99a-768x576.jpg 768w, https:\/\/vswindhag.ac.at\/wp-content\/uploads\/2026\/04\/5a9427bb-232c-4a1c-b878-dcbac88bd99a-1536x1152.jpg 1536w\" sizes=\"(max-width: 1600px) 100vw, 1600px\" \/>\n\t\t<div class=\"figc no-description\">\n\t\t\t<div class=\"figc-inner\">\n\t\t\t\t\t\t\t\t\t\t\t\t\t\t\t<\/div>\n\t\t<\/div>\n\n\t<\/div>\n\n<\/div><div class=\"modula-item effect-pufrobo\" >\n\t<div class=\"modula-item-overlay\"><\/div>\n\n\t<div class=\"modula-item-content\">\n\n\t\t\t\t\n\t\t\t\t\t<a data-image-id=\"1894\" data-elementor-open-lightbox=\"no\" tabindex=\"0\" rel=\"jtg-1887\" data-caption=\"\" aria-label=\"Open image in lightbox\" role=\"button\" class=\"tile-inner modula-item-link\"><\/a>\n\t\t\n\t\t<img loading=\"lazy\" class=\"pic wp-image-1894 lazyload\"  data-valign=\"middle\" data-halign=\"center\" alt=\"\" data-full=\"https:\/\/vswindhag.ac.at\/wp-content\/uploads\/2026\/04\/20481744-e6c7-447b-affd-5d041349d9ec.jpg\" title=\"20481744-e6c7-447b-affd-5d041349d9ec\" width=\"1600\" height=\"1200\" data-src=\"https:\/\/vswindhag.ac.at\/wp-content\/uploads\/2026\/04\/20481744-e6c7-447b-affd-5d041349d9ec.jpg\" data-caption=\"\" data-source=\"modula\" data-srcset=\"https:\/\/vswindhag.ac.at\/wp-content\/uploads\/2026\/04\/20481744-e6c7-447b-affd-5d041349d9ec.jpg 1600w, https:\/\/vswindhag.ac.at\/wp-content\/uploads\/2026\/04\/20481744-e6c7-447b-affd-5d041349d9ec-768x576.jpg 768w, https:\/\/vswindhag.ac.at\/wp-content\/uploads\/2026\/04\/20481744-e6c7-447b-affd-5d041349d9ec-1536x1152.jpg 1536w\" data-sizes=\"(max-width: 1600px) 100vw, 1600px\" srcset=\"https:\/\/vswindhag.ac.at\/wp-content\/uploads\/2026\/04\/20481744-e6c7-447b-affd-5d041349d9ec.jpg 1600w, https:\/\/vswindhag.ac.at\/wp-content\/uploads\/2026\/04\/20481744-e6c7-447b-affd-5d041349d9ec-768x576.jpg 768w, https:\/\/vswindhag.ac.at\/wp-content\/uploads\/2026\/04\/20481744-e6c7-447b-affd-5d041349d9ec-1536x1152.jpg 1536w\" sizes=\"(max-width: 1600px) 100vw, 1600px\" \/>\n\t\t<div class=\"figc no-description\">\n\t\t\t<div class=\"figc-inner\">\n\t\t\t\t\t\t\t\t\t\t\t\t\t\t\t<\/div>\n\t\t<\/div>\n\n\t<\/div>\n\n<\/div>\t\t\n\t<\/div>\n\n\t\n\t\n\t<script type=\"application\/ld+json\">\n\t{\n\t\t\"@context\": \"http:\/\/schema.org\",\n\t\t\"@type\"   : \"ImageGallery\",\n\t\t\"id\"      : \"https:\/\/vswindhag.ac.at\/index.php\/easter-eggs-surprise\/\",\n\t\t\"url\"     : \"https:\/\/vswindhag.ac.at\/index.php\/easter-eggs-surprise\/\"\n\t}\n\n\t<\/script>\n\n\t\n<\/div><\/div>\n\t\t\t\t\t\t<\/div>\n\t\t\t\t<\/div>\n\t\t\t\t<div class=\"elementor-element elementor-element-c5e4d93 elementor-widget elementor-widget-button\" data-id=\"c5e4d93\" data-element_type=\"widget\" data-widget_type=\"button.default\">\n\t\t\t\t<div class=\"elementor-widget-container\">\n\t\t\t\t\t\t\t\t\t<div class=\"elementor-button-wrapper\">\n\t\t\t\t\t<a class=\"elementor-button elementor-button-link elementor-size-sm\" href=\"https:\/\/vswindhag.ac.at\/index.php\/schulleben\/\">\n\t\t\t\t\t\t<span class=\"elementor-button-content-wrapper\">\n\t\t\t\t\t\t\t\t\t<span class=\"elementor-button-text\">zur\u00fcck<\/span>\n\t\t\t\t\t<\/span>\n\t\t\t\t\t<\/a>\n\t\t\t\t<\/div>\n\t\t\t\t\t\t\t\t<\/div>\n\t\t\t\t<\/div>\n\t\t\t\t\t<\/div>\n\t\t\t\t<\/div>\n\t\t<div class=\"elementor-element elementor-element-321c9b75 e-flex e-con-boxed e-con e-parent\" data-id=\"321c9b75\" data-element_type=\"container\">\n\t\t\t\t\t<div class=\"e-con-inner\">\n\t\t\t\t\t<\/div>\n\t\t\t\t<\/div>\n\t\t\t\t<\/div>\n\t\t","protected":false},"excerpt":{"rendered":"<p>Easter eggs surprise Ein besonderes Highlight vor den Osterferien war unser Oster-Musical \u201eEaster Eggs Surprise\u201c. Die Sch\u00fclerinnen und Sch\u00fcler der 1. und 2. Schulstufe begeisterten mit ihrer schauspielerischen Darstellung, w\u00e4hrend [&hellip;]<\/p>\n","protected":false},"author":1,"featured_media":0,"parent":0,"menu_order":0,"comment_status":"closed","ping_status":"closed","template":"","meta":{"_EventAllDay":false,"_EventTimezone":"","_EventStartDate":"","_EventEndDate":"","_EventStartDateUTC":"","_EventEndDateUTC":"","_EventShowMap":false,"_EventShowMapLink":false,"_EventURL":"","_EventCost":"","_EventCostDescription":"","_EventCurrencySymbol":"","_EventCurrencyCode":"","_EventCurrencyPosition":"","_EventDateTimeSeparator":"","_EventTimeRangeSeparator":"","_EventOrganizerID":[],"_EventVenueID":[],"_OrganizerEmail":"","_OrganizerPhone":"","_OrganizerWebsite":"","_VenueAddress":"","_VenueCity":"","_VenueCountry":"","_VenueProvince":"","_VenueState":"","_VenueZip":"","_VenuePhone":"","_VenueURL":"","_VenueStateProvince":"","_VenueLat":"","_VenueLng":"","_VenueShowMap":false,"_VenueShowMapLink":false,"footnotes":""},"class_list":["post-1896","page","type-page","status-publish","hentry"],"_links":{"self":[{"href":"https:\/\/vswindhag.ac.at\/index.php\/wp-json\/wp\/v2\/pages\/1896","targetHints":{"allow":["GET"]}}],"collection":[{"href":"https:\/\/vswindhag.ac.at\/index.php\/wp-json\/wp\/v2\/pages"}],"about":[{"href":"https:\/\/vswindhag.ac.at\/index.php\/wp-json\/wp\/v2\/types\/page"}],"author":[{"embeddable":true,"href":"https:\/\/vswindhag.ac.at\/index.php\/wp-json\/wp\/v2\/users\/1"}],"replies":[{"embeddable":true,"href":"https:\/\/vswindhag.ac.at\/index.php\/wp-json\/wp\/v2\/comments?post=1896"}],"version-history":[{"count":4,"href":"https:\/\/vswindhag.ac.at\/index.php\/wp-json\/wp\/v2\/pages\/1896\/revisions"}],"predecessor-version":[{"id":1900,"href":"https:\/\/vswindhag.ac.at\/index.php\/wp-json\/wp\/v2\/pages\/1896\/revisions\/1900"}],"wp:attachment":[{"href":"https:\/\/vswindhag.ac.at\/index.php\/wp-json\/wp\/v2\/media?parent=1896"}],"curies":[{"name":"wp","href":"https:\/\/api.w.org\/{rel}","templated":true}]}}