{"id":1869,"date":"2026-04-08T18:55:53","date_gmt":"2026-04-08T16:55:53","guid":{"rendered":"https:\/\/vswindhag.ac.at\/?page_id=1869"},"modified":"2026-04-08T18:57:02","modified_gmt":"2026-04-08T16:57:02","slug":"unser-ausflug-nach-st-poelten","status":"publish","type":"page","link":"https:\/\/vswindhag.ac.at\/index.php\/unser-ausflug-nach-st-poelten\/","title":{"rendered":"Unser Ausflug nach St. P\u00f6lten"},"content":{"rendered":"\t\t<div data-elementor-type=\"wp-page\" data-elementor-id=\"1869\" class=\"elementor elementor-1869\">\n\t\t\t\t<div class=\"elementor-element elementor-element-3d6b3b74 e-flex e-con-boxed e-con e-parent\" data-id=\"3d6b3b74\" data-element_type=\"container\">\n\t\t\t\t\t<div class=\"e-con-inner\">\n\t\t\t\t<div class=\"elementor-element elementor-element-10e63404 elementor-widget elementor-widget-heading\" data-id=\"10e63404\" data-element_type=\"widget\" data-widget_type=\"heading.default\">\n\t\t\t\t<div class=\"elementor-widget-container\">\n\t\t\t\t\t<h1 class=\"elementor-heading-title elementor-size-default\">Unser Ausflug nach St. P\u00f6lten<\/h1>\t\t\t\t<\/div>\n\t\t\t\t<\/div>\n\t\t\t\t<div class=\"elementor-element elementor-element-2d7891a6 elementor-widget elementor-widget-text-editor\" data-id=\"2d7891a6\" data-element_type=\"widget\" data-widget_type=\"text-editor.default\">\n\t\t\t\t<div class=\"elementor-widget-container\">\n\t\t\t\t\t\t\t\t\t<p>Am 17. M\u00e4rz durften wir die Landeshauptstadt St. P\u00f6lten besuchen und viele Sehensw\u00fcrdigkeiten wie den Klangturm, das Regierungsviertel und den Dom entdecken. Ein besonderes Highlight f\u00fcr die Kinder war die gemeinsame Zugfahrt, die f\u00fcr gro\u00dfe Begeisterung sorgte.<\/p>\t\t\t\t\t\t\t\t<\/div>\n\t\t\t\t<\/div>\n\t\t\t\t<div class=\"elementor-element elementor-element-7adbf342 elementor-widget elementor-widget-shortcode\" data-id=\"7adbf342\" data-element_type=\"widget\" data-widget_type=\"shortcode.default\">\n\t\t\t\t<div class=\"elementor-widget-container\">\n\t\t\t\t\t\t\t<div class=\"elementor-shortcode\"><style>#jtg-1860 .modula-item .jtg-social a, .lightbox-socials.jtg-social a{ fill: #ffffff; color: #ffffff }#jtg-1860 .modula-item .jtg-social-mobile a{ fill: #ffffff; color: #ffffff }#jtg-1860 .modula-item .jtg-social svg, .lightbox-socials.jtg-social svg { height: 16px; width: 16px }#jtg-1860 .modula-item .jtg-social-mobile svg { height: 16px; width: 16px }#jtg-1860 .modula-item .jtg-social a:not(:last-child), .lightbox-socials.jtg-social a:not(:last-child) { margin-right: 10px }#jtg-1860 .modula-item .jtg-social-mobile .jtg-social-mobile-icons a:not(:last-child){ margin-right: 10px }#jtg-1860 .modula-item .figc {color:#ffffff;}#jtg-1860 .modula-item .figc .jtg-title {  font-size: 24px; }#jtg-1860 .modula-item .modula-item-content { transform: scale(1) }#jtg-1860 { width:100%;}#jtg-1860 .modula-items .figc p.description { font-size:16px; }#jtg-1860 .modula-items .figc p.description { color:#ffffff;}#jtg-1860 .modula-items .figc .jtg-title { color:#ffffff; }#jtg-1860.modula-gallery .modula-item > a, #jtg-1860.modula-gallery .modula-item, #jtg-1860.modula-gallery .modula-item-content > a:not(.modula-no-follow) { cursor:zoom-in; } #jtg-1860.modula-gallery .modula-item-content .modula-no-follow { cursor: default; } @media screen and (max-width:480px){#jtg-1860 .modula-item .figc .jtg-title {  font-size: 12px; }#jtg-1860 .modula-items .figc p.description { color:#ffffff;font-size:10px; }}<\/style>\n<div  id=\"jtg-1860\" class=\"modula modula-gallery modula-columns\" data-config=\"{&quot;tabletHeight&quot;:800,&quot;mobileHeight&quot;:800,&quot;desktopHeight&quot;:800,&quot;enableTwitter&quot;:false,&quot;enableWhatsapp&quot;:false,&quot;enableFacebook&quot;:false,&quot;enablePinterest&quot;:false,&quot;enableLinkedin&quot;:false,&quot;enableEmail&quot;:false,&quot;randomFactor&quot;:0.5,&quot;type&quot;:&quot;grid&quot;,&quot;columns&quot;:12,&quot;gutter&quot;:10,&quot;mobileGutter&quot;:10,&quot;tabletGutter&quot;:10,&quot;desktopGutter&quot;:10,&quot;enableResponsive&quot;:&quot;0&quot;,&quot;tabletColumns&quot;:2,&quot;mobileColumns&quot;:1,&quot;lazyLoad&quot;:true,&quot;lightboxOpts&quot;:{&quot;animated&quot;:true,&quot;Thumbs&quot;:{&quot;type&quot;:&quot;modern&quot;,&quot;showOnStart&quot;:false},&quot;Toolbar&quot;:{&quot;display&quot;:{&quot;right&quot;:[&quot;close&quot;]},&quot;enabled&quot;:true},&quot;Carousel&quot;:{&quot;Panzoom&quot;:{&quot;touch&quot;:false},&quot;infinite&quot;:false},&quot;keyboard&quot;:{&quot;Escape&quot;:&quot;close&quot;,&quot;Delete&quot;:&quot;close&quot;,&quot;Backspace&quot;:&quot;close&quot;,&quot;PageUp&quot;:false,&quot;PageDown&quot;:false,&quot;ArrowUp&quot;:false,&quot;ArrowDown&quot;:false,&quot;ArrowRight&quot;:false,&quot;ArrowLeft&quot;:false},&quot;touch&quot;:false,&quot;backdropClick&quot;:false,&quot;l10n&quot;:{&quot;CLOSE&quot;:&quot;Close&quot;,&quot;NEXT&quot;:&quot;Next&quot;,&quot;PREV&quot;:&quot;Previous&quot;,&quot;Error&quot;:&quot;The requested content cannot be loaded. Please try again later.&quot;,&quot;PLAY_START&quot;:&quot;Start slideshow&quot;,&quot;PLAY_STOP&quot;:&quot;Pause slideshow&quot;,&quot;FULL_SCREEN&quot;:&quot;Full screen&quot;,&quot;THUMBS&quot;:&quot;Thumbnails&quot;,&quot;DOWNLOAD&quot;:&quot;Download&quot;,&quot;SHARE&quot;:&quot;Share&quot;,&quot;ZOOM&quot;:&quot;Zoom&quot;,&quot;EMAIL&quot;:&quot;Here is the link to the image : %%image_link%% and this is the link to the gallery : %%gallery_link%%&quot;,&quot;MODAL&quot;:&quot;You can close this modal content with the ESC key&quot;,&quot;ERROR&quot;:&quot;Something Went Wrong, Please Try Again Later&quot;,&quot;IMAGE_ERROR&quot;:&quot;Image Not Found&quot;,&quot;ELEMENT_NOT_FOUND&quot;:&quot;HTML Element Not Found&quot;,&quot;AJAX_NOT_FOUND&quot;:&quot;Error Loading AJAX : Not Found&quot;,&quot;AJAX_FORBIDDEN&quot;:&quot;Error Loading AJAX : Forbidden&quot;,&quot;IFRAME_ERROR&quot;:&quot;Error Loading Page&quot;,&quot;TOGGLE_ZOOM&quot;:&quot;Toggle zoom level&quot;,&quot;TOGGLE_THUMBS&quot;:&quot;Toggle thumbnails&quot;,&quot;TOGGLE_SLIDESHOW&quot;:&quot;Toggle slideshow&quot;,&quot;TOGGLE_FULLSCREEN&quot;:&quot;Toggle full-screen mode&quot;},&quot;Images&quot;:{&quot;Panzoom&quot;:{&quot;maxScale&quot;:2}},&quot;mainClass&quot;:&quot;modula-fancybox-container modula-lightbox-jtg-1860&quot;,&quot;Html&quot;:{&quot;videoAutoplay&quot;:0,&quot;videoTpl&quot;:&quot;&lt;video class=\\&quot;fancybox__html5video\\&quot; controls muted playsinline controlsList controlsList=\\&quot;nodownload\\&quot; poster=\\&quot;{{poster}}\\&quot; src=\\&quot;{{src}}\\&quot; type=\\&quot;{{format}}\\&quot; &gt;  Sorry, your browser doesn&#039;t support embedded videos, &lt;a href=\\&quot;{{src}}\\&quot;&gt; download &lt;\\\/a&gt; and watch with your favorite video player! &lt;\\\/video&gt;&quot;}},&quot;inView&quot;:false,&quot;email_subject&quot;:&quot;Check out this awesome image !!&quot;,&quot;email_message&quot;:&quot;Here is the link to the image : %%image_link%% and this is the link to the gallery : %%gallery_link%%&quot;,&quot;grid_type&quot;:&quot;automatic&quot;,&quot;rowHeight&quot;:250,&quot;lastRow&quot;:&quot;justify&quot;,&quot;lightbox&quot;:&quot;fancybox&quot;}\">\n\n\t\n\t<div  class=\"modula-items grid-gallery\">\n\t\t<div class=\"modula-item effect-pufrobo\" >\n\t<div class=\"modula-item-overlay\"><\/div>\n\n\t<div class=\"modula-item-content\">\n\n\t\t\t\t\n\t\t\t\t\t<a data-image-id=\"1861\" data-elementor-open-lightbox=\"no\" tabindex=\"0\" rel=\"jtg-1860\" data-caption=\"\" aria-label=\"Open image in lightbox\" role=\"button\" class=\"tile-inner modula-item-link\"><\/a>\n\t\t\n\t\t<img fetchpriority=\"high\" class=\"pic wp-image-1861 lazyload\"  data-valign=\"middle\" data-halign=\"center\" alt=\"\" data-full=\"https:\/\/vswindhag.ac.at\/wp-content\/uploads\/2026\/04\/tempImage3MT1Oe.jpg\" title=\"tempImage3MT1Oe\" width=\"1500\" height=\"2000\" data-src=\"https:\/\/vswindhag.ac.at\/wp-content\/uploads\/2026\/04\/tempImage3MT1Oe-1500x2000.jpg\" data-caption=\"\" data-source=\"modula\" data-srcset=\"https:\/\/vswindhag.ac.at\/wp-content\/uploads\/2026\/04\/tempImage3MT1Oe-scaled.jpg 1920w, https:\/\/vswindhag.ac.at\/wp-content\/uploads\/2026\/04\/tempImage3MT1Oe-scaled-1500x2000.jpg 1500w, https:\/\/vswindhag.ac.at\/wp-content\/uploads\/2026\/04\/tempImage3MT1Oe-768x1024.jpg 768w, https:\/\/vswindhag.ac.at\/wp-content\/uploads\/2026\/04\/tempImage3MT1Oe-1152x1536.jpg 1152w, https:\/\/vswindhag.ac.at\/wp-content\/uploads\/2026\/04\/tempImage3MT1Oe-1536x2048.jpg 1536w\" data-sizes=\"(max-width: 1500px) 100vw, 1500px\" srcset=\"https:\/\/vswindhag.ac.at\/wp-content\/uploads\/2026\/04\/tempImage3MT1Oe-1500x2000.jpg 1500w, https:\/\/vswindhag.ac.at\/wp-content\/uploads\/2026\/04\/tempImage3MT1Oe-768x1024.jpg 768w, https:\/\/vswindhag.ac.at\/wp-content\/uploads\/2026\/04\/tempImage3MT1Oe-1152x1536.jpg 1152w, https:\/\/vswindhag.ac.at\/wp-content\/uploads\/2026\/04\/tempImage3MT1Oe-1536x2048.jpg 1536w, https:\/\/vswindhag.ac.at\/wp-content\/uploads\/2026\/04\/tempImage3MT1Oe-scaled.jpg 1920w\" sizes=\"(max-width: 1500px) 100vw, 1500px\" \/>\n\t\t<div class=\"figc no-description\">\n\t\t\t<div class=\"figc-inner\">\n\t\t\t\t\t\t\t\t\t\t\t\t\t\t\t<\/div>\n\t\t<\/div>\n\n\t<\/div>\n\n<\/div><div class=\"modula-item effect-pufrobo\" >\n\t<div class=\"modula-item-overlay\"><\/div>\n\n\t<div class=\"modula-item-content\">\n\n\t\t\t\t\n\t\t\t\t\t<a data-image-id=\"1862\" data-elementor-open-lightbox=\"no\" tabindex=\"0\" rel=\"jtg-1860\" data-caption=\"\" aria-label=\"Open image in lightbox\" role=\"button\" class=\"tile-inner modula-item-link\"><\/a>\n\t\t\n\t\t<img class=\"pic wp-image-1862 lazyload\"  data-valign=\"middle\" data-halign=\"center\" alt=\"\" data-full=\"https:\/\/vswindhag.ac.at\/wp-content\/uploads\/2026\/04\/tempImage7HLRqV.jpg\" title=\"tempImage7HLRqV\" width=\"1500\" height=\"2000\" data-src=\"https:\/\/vswindhag.ac.at\/wp-content\/uploads\/2026\/04\/tempImage7HLRqV-1500x2000.jpg\" data-caption=\"\" data-source=\"modula\" data-srcset=\"https:\/\/vswindhag.ac.at\/wp-content\/uploads\/2026\/04\/tempImage7HLRqV-scaled.jpg 1920w, https:\/\/vswindhag.ac.at\/wp-content\/uploads\/2026\/04\/tempImage7HLRqV-scaled-1500x2000.jpg 1500w, https:\/\/vswindhag.ac.at\/wp-content\/uploads\/2026\/04\/tempImage7HLRqV-768x1024.jpg 768w, https:\/\/vswindhag.ac.at\/wp-content\/uploads\/2026\/04\/tempImage7HLRqV-1152x1536.jpg 1152w, https:\/\/vswindhag.ac.at\/wp-content\/uploads\/2026\/04\/tempImage7HLRqV-1536x2048.jpg 1536w\" data-sizes=\"(max-width: 1500px) 100vw, 1500px\" srcset=\"https:\/\/vswindhag.ac.at\/wp-content\/uploads\/2026\/04\/tempImage7HLRqV-1500x2000.jpg 1500w, https:\/\/vswindhag.ac.at\/wp-content\/uploads\/2026\/04\/tempImage7HLRqV-768x1024.jpg 768w, https:\/\/vswindhag.ac.at\/wp-content\/uploads\/2026\/04\/tempImage7HLRqV-1152x1536.jpg 1152w, https:\/\/vswindhag.ac.at\/wp-content\/uploads\/2026\/04\/tempImage7HLRqV-1536x2048.jpg 1536w, https:\/\/vswindhag.ac.at\/wp-content\/uploads\/2026\/04\/tempImage7HLRqV-scaled.jpg 1920w\" sizes=\"(max-width: 1500px) 100vw, 1500px\" \/>\n\t\t<div class=\"figc no-description\">\n\t\t\t<div class=\"figc-inner\">\n\t\t\t\t\t\t\t\t\t\t\t\t\t\t\t<\/div>\n\t\t<\/div>\n\n\t<\/div>\n\n<\/div><div class=\"modula-item effect-pufrobo\" >\n\t<div class=\"modula-item-overlay\"><\/div>\n\n\t<div class=\"modula-item-content\">\n\n\t\t\t\t\n\t\t\t\t\t<a data-image-id=\"1863\" data-elementor-open-lightbox=\"no\" tabindex=\"0\" rel=\"jtg-1860\" data-caption=\"\" aria-label=\"Open image in lightbox\" role=\"button\" class=\"tile-inner modula-item-link\"><\/a>\n\t\t\n\t\t<img class=\"pic wp-image-1863 lazyload\"  data-valign=\"middle\" data-halign=\"center\" alt=\"\" data-full=\"https:\/\/vswindhag.ac.at\/wp-content\/uploads\/2026\/04\/tempImageBqeq1w.jpg\" title=\"tempImageBqeq1w\" width=\"1500\" height=\"2000\" data-src=\"https:\/\/vswindhag.ac.at\/wp-content\/uploads\/2026\/04\/tempImageBqeq1w-1500x2000.jpg\" data-caption=\"\" data-source=\"modula\" data-srcset=\"https:\/\/vswindhag.ac.at\/wp-content\/uploads\/2026\/04\/tempImageBqeq1w-scaled.jpg 1920w, https:\/\/vswindhag.ac.at\/wp-content\/uploads\/2026\/04\/tempImageBqeq1w-scaled-1500x2000.jpg 1500w, https:\/\/vswindhag.ac.at\/wp-content\/uploads\/2026\/04\/tempImageBqeq1w-768x1024.jpg 768w, https:\/\/vswindhag.ac.at\/wp-content\/uploads\/2026\/04\/tempImageBqeq1w-1152x1536.jpg 1152w, https:\/\/vswindhag.ac.at\/wp-content\/uploads\/2026\/04\/tempImageBqeq1w-1536x2048.jpg 1536w\" data-sizes=\"(max-width: 1500px) 100vw, 1500px\" srcset=\"https:\/\/vswindhag.ac.at\/wp-content\/uploads\/2026\/04\/tempImageBqeq1w-1500x2000.jpg 1500w, https:\/\/vswindhag.ac.at\/wp-content\/uploads\/2026\/04\/tempImageBqeq1w-768x1024.jpg 768w, https:\/\/vswindhag.ac.at\/wp-content\/uploads\/2026\/04\/tempImageBqeq1w-1152x1536.jpg 1152w, https:\/\/vswindhag.ac.at\/wp-content\/uploads\/2026\/04\/tempImageBqeq1w-1536x2048.jpg 1536w, https:\/\/vswindhag.ac.at\/wp-content\/uploads\/2026\/04\/tempImageBqeq1w-scaled.jpg 1920w\" sizes=\"(max-width: 1500px) 100vw, 1500px\" \/>\n\t\t<div class=\"figc no-description\">\n\t\t\t<div class=\"figc-inner\">\n\t\t\t\t\t\t\t\t\t\t\t\t\t\t\t<\/div>\n\t\t<\/div>\n\n\t<\/div>\n\n<\/div><div class=\"modula-item effect-pufrobo\" >\n\t<div class=\"modula-item-overlay\"><\/div>\n\n\t<div class=\"modula-item-content\">\n\n\t\t\t\t\n\t\t\t\t\t<a data-image-id=\"1864\" data-elementor-open-lightbox=\"no\" tabindex=\"0\" rel=\"jtg-1860\" data-caption=\"\" aria-label=\"Open image in lightbox\" role=\"button\" class=\"tile-inner modula-item-link\"><\/a>\n\t\t\n\t\t<img loading=\"lazy\" class=\"pic wp-image-1864 lazyload\"  data-valign=\"middle\" data-halign=\"center\" alt=\"\" data-full=\"https:\/\/vswindhag.ac.at\/wp-content\/uploads\/2026\/04\/tempImagegMNhWC.jpg\" title=\"tempImagegMNhWC\" width=\"1500\" height=\"2000\" data-src=\"https:\/\/vswindhag.ac.at\/wp-content\/uploads\/2026\/04\/tempImagegMNhWC-1500x2000.jpg\" data-caption=\"\" data-source=\"modula\" data-srcset=\"https:\/\/vswindhag.ac.at\/wp-content\/uploads\/2026\/04\/tempImagegMNhWC-scaled.jpg 1920w, https:\/\/vswindhag.ac.at\/wp-content\/uploads\/2026\/04\/tempImagegMNhWC-scaled-1500x2000.jpg 1500w, https:\/\/vswindhag.ac.at\/wp-content\/uploads\/2026\/04\/tempImagegMNhWC-768x1024.jpg 768w, https:\/\/vswindhag.ac.at\/wp-content\/uploads\/2026\/04\/tempImagegMNhWC-1152x1536.jpg 1152w, https:\/\/vswindhag.ac.at\/wp-content\/uploads\/2026\/04\/tempImagegMNhWC-1536x2048.jpg 1536w\" data-sizes=\"(max-width: 1500px) 100vw, 1500px\" srcset=\"https:\/\/vswindhag.ac.at\/wp-content\/uploads\/2026\/04\/tempImagegMNhWC-1500x2000.jpg 1500w, https:\/\/vswindhag.ac.at\/wp-content\/uploads\/2026\/04\/tempImagegMNhWC-768x1024.jpg 768w, https:\/\/vswindhag.ac.at\/wp-content\/uploads\/2026\/04\/tempImagegMNhWC-1152x1536.jpg 1152w, https:\/\/vswindhag.ac.at\/wp-content\/uploads\/2026\/04\/tempImagegMNhWC-1536x2048.jpg 1536w, https:\/\/vswindhag.ac.at\/wp-content\/uploads\/2026\/04\/tempImagegMNhWC-scaled.jpg 1920w\" sizes=\"(max-width: 1500px) 100vw, 1500px\" \/>\n\t\t<div class=\"figc no-description\">\n\t\t\t<div class=\"figc-inner\">\n\t\t\t\t\t\t\t\t\t\t\t\t\t\t\t<\/div>\n\t\t<\/div>\n\n\t<\/div>\n\n<\/div><div class=\"modula-item effect-pufrobo\" >\n\t<div class=\"modula-item-overlay\"><\/div>\n\n\t<div class=\"modula-item-content\">\n\n\t\t\t\t\n\t\t\t\t\t<a data-image-id=\"1865\" data-elementor-open-lightbox=\"no\" tabindex=\"0\" rel=\"jtg-1860\" data-caption=\"\" aria-label=\"Open image in lightbox\" role=\"button\" class=\"tile-inner modula-item-link\"><\/a>\n\t\t\n\t\t<img loading=\"lazy\" class=\"pic wp-image-1865 lazyload\"  data-valign=\"middle\" data-halign=\"center\" alt=\"\" data-full=\"https:\/\/vswindhag.ac.at\/wp-content\/uploads\/2026\/04\/tempImagehcihon.jpg\" title=\"tempImagehcihon\" width=\"1500\" height=\"2000\" data-src=\"https:\/\/vswindhag.ac.at\/wp-content\/uploads\/2026\/04\/tempImagehcihon-1500x2000.jpg\" data-caption=\"\" data-source=\"modula\" data-srcset=\"https:\/\/vswindhag.ac.at\/wp-content\/uploads\/2026\/04\/tempImagehcihon-scaled.jpg 1920w, https:\/\/vswindhag.ac.at\/wp-content\/uploads\/2026\/04\/tempImagehcihon-scaled-1500x2000.jpg 1500w, https:\/\/vswindhag.ac.at\/wp-content\/uploads\/2026\/04\/tempImagehcihon-768x1024.jpg 768w, https:\/\/vswindhag.ac.at\/wp-content\/uploads\/2026\/04\/tempImagehcihon-1152x1536.jpg 1152w, https:\/\/vswindhag.ac.at\/wp-content\/uploads\/2026\/04\/tempImagehcihon-1536x2048.jpg 1536w\" data-sizes=\"(max-width: 1500px) 100vw, 1500px\" srcset=\"https:\/\/vswindhag.ac.at\/wp-content\/uploads\/2026\/04\/tempImagehcihon-1500x2000.jpg 1500w, https:\/\/vswindhag.ac.at\/wp-content\/uploads\/2026\/04\/tempImagehcihon-768x1024.jpg 768w, https:\/\/vswindhag.ac.at\/wp-content\/uploads\/2026\/04\/tempImagehcihon-1152x1536.jpg 1152w, https:\/\/vswindhag.ac.at\/wp-content\/uploads\/2026\/04\/tempImagehcihon-1536x2048.jpg 1536w, https:\/\/vswindhag.ac.at\/wp-content\/uploads\/2026\/04\/tempImagehcihon-scaled.jpg 1920w\" sizes=\"(max-width: 1500px) 100vw, 1500px\" \/>\n\t\t<div class=\"figc no-description\">\n\t\t\t<div class=\"figc-inner\">\n\t\t\t\t\t\t\t\t\t\t\t\t\t\t\t<\/div>\n\t\t<\/div>\n\n\t<\/div>\n\n<\/div><div class=\"modula-item effect-pufrobo\" >\n\t<div class=\"modula-item-overlay\"><\/div>\n\n\t<div class=\"modula-item-content\">\n\n\t\t\t\t\n\t\t\t\t\t<a data-image-id=\"1866\" data-elementor-open-lightbox=\"no\" tabindex=\"0\" rel=\"jtg-1860\" data-caption=\"\" aria-label=\"Open image in lightbox\" role=\"button\" class=\"tile-inner modula-item-link\"><\/a>\n\t\t\n\t\t<img loading=\"lazy\" class=\"pic wp-image-1866 lazyload\"  data-valign=\"middle\" data-halign=\"center\" alt=\"\" data-full=\"https:\/\/vswindhag.ac.at\/wp-content\/uploads\/2026\/04\/tempImageMLf4c2.jpg\" title=\"tempImageMLf4c2\" width=\"1500\" height=\"2000\" data-src=\"https:\/\/vswindhag.ac.at\/wp-content\/uploads\/2026\/04\/tempImageMLf4c2-1500x2000.jpg\" data-caption=\"\" data-source=\"modula\" data-srcset=\"https:\/\/vswindhag.ac.at\/wp-content\/uploads\/2026\/04\/tempImageMLf4c2-scaled.jpg 1920w, https:\/\/vswindhag.ac.at\/wp-content\/uploads\/2026\/04\/tempImageMLf4c2-scaled-1500x2000.jpg 1500w, https:\/\/vswindhag.ac.at\/wp-content\/uploads\/2026\/04\/tempImageMLf4c2-768x1024.jpg 768w, https:\/\/vswindhag.ac.at\/wp-content\/uploads\/2026\/04\/tempImageMLf4c2-1152x1536.jpg 1152w, https:\/\/vswindhag.ac.at\/wp-content\/uploads\/2026\/04\/tempImageMLf4c2-1536x2048.jpg 1536w\" data-sizes=\"(max-width: 1500px) 100vw, 1500px\" srcset=\"https:\/\/vswindhag.ac.at\/wp-content\/uploads\/2026\/04\/tempImageMLf4c2-1500x2000.jpg 1500w, https:\/\/vswindhag.ac.at\/wp-content\/uploads\/2026\/04\/tempImageMLf4c2-768x1024.jpg 768w, https:\/\/vswindhag.ac.at\/wp-content\/uploads\/2026\/04\/tempImageMLf4c2-1152x1536.jpg 1152w, https:\/\/vswindhag.ac.at\/wp-content\/uploads\/2026\/04\/tempImageMLf4c2-1536x2048.jpg 1536w, https:\/\/vswindhag.ac.at\/wp-content\/uploads\/2026\/04\/tempImageMLf4c2-scaled.jpg 1920w\" sizes=\"(max-width: 1500px) 100vw, 1500px\" \/>\n\t\t<div class=\"figc no-description\">\n\t\t\t<div class=\"figc-inner\">\n\t\t\t\t\t\t\t\t\t\t\t\t\t\t\t<\/div>\n\t\t<\/div>\n\n\t<\/div>\n\n<\/div><div class=\"modula-item effect-pufrobo\" >\n\t<div class=\"modula-item-overlay\"><\/div>\n\n\t<div class=\"modula-item-content\">\n\n\t\t\t\t\n\t\t\t\t\t<a data-image-id=\"1867\" data-elementor-open-lightbox=\"no\" tabindex=\"0\" rel=\"jtg-1860\" data-caption=\"\" aria-label=\"Open image in lightbox\" role=\"button\" class=\"tile-inner modula-item-link\"><\/a>\n\t\t\n\t\t<img loading=\"lazy\" class=\"pic wp-image-1867 lazyload\"  data-valign=\"middle\" data-halign=\"center\" alt=\"\" data-full=\"https:\/\/vswindhag.ac.at\/wp-content\/uploads\/2026\/04\/tempImageo4eMCn.jpg\" title=\"tempImageo4eMCn\" width=\"1500\" height=\"2000\" data-src=\"https:\/\/vswindhag.ac.at\/wp-content\/uploads\/2026\/04\/tempImageo4eMCn-1500x2000.jpg\" data-caption=\"\" data-source=\"modula\" data-srcset=\"https:\/\/vswindhag.ac.at\/wp-content\/uploads\/2026\/04\/tempImageo4eMCn-scaled.jpg 1920w, https:\/\/vswindhag.ac.at\/wp-content\/uploads\/2026\/04\/tempImageo4eMCn-scaled-1500x2000.jpg 1500w, https:\/\/vswindhag.ac.at\/wp-content\/uploads\/2026\/04\/tempImageo4eMCn-768x1024.jpg 768w, https:\/\/vswindhag.ac.at\/wp-content\/uploads\/2026\/04\/tempImageo4eMCn-1152x1536.jpg 1152w, https:\/\/vswindhag.ac.at\/wp-content\/uploads\/2026\/04\/tempImageo4eMCn-1536x2048.jpg 1536w\" data-sizes=\"(max-width: 1500px) 100vw, 1500px\" srcset=\"https:\/\/vswindhag.ac.at\/wp-content\/uploads\/2026\/04\/tempImageo4eMCn-1500x2000.jpg 1500w, https:\/\/vswindhag.ac.at\/wp-content\/uploads\/2026\/04\/tempImageo4eMCn-768x1024.jpg 768w, https:\/\/vswindhag.ac.at\/wp-content\/uploads\/2026\/04\/tempImageo4eMCn-1152x1536.jpg 1152w, https:\/\/vswindhag.ac.at\/wp-content\/uploads\/2026\/04\/tempImageo4eMCn-1536x2048.jpg 1536w, https:\/\/vswindhag.ac.at\/wp-content\/uploads\/2026\/04\/tempImageo4eMCn-scaled.jpg 1920w\" sizes=\"(max-width: 1500px) 100vw, 1500px\" \/>\n\t\t<div class=\"figc no-description\">\n\t\t\t<div class=\"figc-inner\">\n\t\t\t\t\t\t\t\t\t\t\t\t\t\t\t<\/div>\n\t\t<\/div>\n\n\t<\/div>\n\n<\/div><div class=\"modula-item effect-pufrobo\" >\n\t<div class=\"modula-item-overlay\"><\/div>\n\n\t<div class=\"modula-item-content\">\n\n\t\t\t\t\n\t\t\t\t\t<a data-image-id=\"1868\" data-elementor-open-lightbox=\"no\" tabindex=\"0\" rel=\"jtg-1860\" data-caption=\"\" aria-label=\"Open image in lightbox\" role=\"button\" class=\"tile-inner modula-item-link\"><\/a>\n\t\t\n\t\t<img loading=\"lazy\" class=\"pic wp-image-1868 lazyload\"  data-valign=\"middle\" data-halign=\"center\" alt=\"\" data-full=\"https:\/\/vswindhag.ac.at\/wp-content\/uploads\/2026\/04\/tempImagewmLfvG.jpg\" title=\"tempImagewmLfvG\" width=\"1500\" height=\"2000\" data-src=\"https:\/\/vswindhag.ac.at\/wp-content\/uploads\/2026\/04\/tempImagewmLfvG-1500x2000.jpg\" data-caption=\"\" data-source=\"modula\" data-srcset=\"https:\/\/vswindhag.ac.at\/wp-content\/uploads\/2026\/04\/tempImagewmLfvG-scaled.jpg 1920w, https:\/\/vswindhag.ac.at\/wp-content\/uploads\/2026\/04\/tempImagewmLfvG-scaled-1500x2000.jpg 1500w, https:\/\/vswindhag.ac.at\/wp-content\/uploads\/2026\/04\/tempImagewmLfvG-768x1024.jpg 768w, https:\/\/vswindhag.ac.at\/wp-content\/uploads\/2026\/04\/tempImagewmLfvG-1152x1536.jpg 1152w, https:\/\/vswindhag.ac.at\/wp-content\/uploads\/2026\/04\/tempImagewmLfvG-1536x2048.jpg 1536w\" data-sizes=\"(max-width: 1500px) 100vw, 1500px\" srcset=\"https:\/\/vswindhag.ac.at\/wp-content\/uploads\/2026\/04\/tempImagewmLfvG-1500x2000.jpg 1500w, https:\/\/vswindhag.ac.at\/wp-content\/uploads\/2026\/04\/tempImagewmLfvG-768x1024.jpg 768w, https:\/\/vswindhag.ac.at\/wp-content\/uploads\/2026\/04\/tempImagewmLfvG-1152x1536.jpg 1152w, https:\/\/vswindhag.ac.at\/wp-content\/uploads\/2026\/04\/tempImagewmLfvG-1536x2048.jpg 1536w, https:\/\/vswindhag.ac.at\/wp-content\/uploads\/2026\/04\/tempImagewmLfvG-scaled.jpg 1920w\" sizes=\"(max-width: 1500px) 100vw, 1500px\" \/>\n\t\t<div class=\"figc no-description\">\n\t\t\t<div class=\"figc-inner\">\n\t\t\t\t\t\t\t\t\t\t\t\t\t\t\t<\/div>\n\t\t<\/div>\n\n\t<\/div>\n\n<\/div>\t\t\n\t<\/div>\n\n\t\n\t\n\t<script type=\"application\/ld+json\">\n\t{\n\t\t\"@context\": \"http:\/\/schema.org\",\n\t\t\"@type\"   : \"ImageGallery\",\n\t\t\"id\"      : \"https:\/\/vswindhag.ac.at\/index.php\/unser-ausflug-nach-st-poelten\/\",\n\t\t\"url\"     : \"https:\/\/vswindhag.ac.at\/index.php\/unser-ausflug-nach-st-poelten\/\"\n\t}\n\n\t<\/script>\n\n\t\n<\/div><\/div>\n\t\t\t\t\t\t<\/div>\n\t\t\t\t<\/div>\n\t\t\t\t<div class=\"elementor-element elementor-element-45c2f914 elementor-widget elementor-widget-button\" data-id=\"45c2f914\" data-element_type=\"widget\" data-widget_type=\"button.default\">\n\t\t\t\t<div class=\"elementor-widget-container\">\n\t\t\t\t\t\t\t\t\t<div class=\"elementor-button-wrapper\">\n\t\t\t\t\t<a class=\"elementor-button elementor-button-link elementor-size-sm\" href=\"https:\/\/vswindhag.ac.at\/index.php\/schulleben\/\">\n\t\t\t\t\t\t<span class=\"elementor-button-content-wrapper\">\n\t\t\t\t\t\t\t\t\t<span class=\"elementor-button-text\">zur\u00fcck<\/span>\n\t\t\t\t\t<\/span>\n\t\t\t\t\t<\/a>\n\t\t\t\t<\/div>\n\t\t\t\t\t\t\t\t<\/div>\n\t\t\t\t<\/div>\n\t\t\t\t\t<\/div>\n\t\t\t\t<\/div>\n\t\t<div class=\"elementor-element elementor-element-15e34eb e-flex e-con-boxed e-con e-parent\" data-id=\"15e34eb\" data-element_type=\"container\">\n\t\t\t\t\t<div class=\"e-con-inner\">\n\t\t\t\t\t<\/div>\n\t\t\t\t<\/div>\n\t\t\t\t<\/div>\n\t\t","protected":false},"excerpt":{"rendered":"<p>Unser Ausflug nach St. P\u00f6lten Am 17. M\u00e4rz durften wir die Landeshauptstadt St. P\u00f6lten besuchen und viele Sehensw\u00fcrdigkeiten wie den Klangturm, das Regierungsviertel und den Dom entdecken. Ein besonderes Highlight [&hellip;]<\/p>\n","protected":false},"author":1,"featured_media":0,"parent":0,"menu_order":0,"comment_status":"closed","ping_status":"closed","template":"","meta":{"_EventAllDay":false,"_EventTimezone":"","_EventStartDate":"","_EventEndDate":"","_EventStartDateUTC":"","_EventEndDateUTC":"","_EventShowMap":false,"_EventShowMapLink":false,"_EventURL":"","_EventCost":"","_EventCostDescription":"","_EventCurrencySymbol":"","_EventCurrencyCode":"","_EventCurrencyPosition":"","_EventDateTimeSeparator":"","_EventTimeRangeSeparator":"","_EventOrganizerID":[],"_EventVenueID":[],"_OrganizerEmail":"","_OrganizerPhone":"","_OrganizerWebsite":"","_VenueAddress":"","_VenueCity":"","_VenueCountry":"","_VenueProvince":"","_VenueState":"","_VenueZip":"","_VenuePhone":"","_VenueURL":"","_VenueStateProvince":"","_VenueLat":"","_VenueLng":"","_VenueShowMap":false,"_VenueShowMapLink":false,"footnotes":""},"class_list":["post-1869","page","type-page","status-publish","hentry"],"_links":{"self":[{"href":"https:\/\/vswindhag.ac.at\/index.php\/wp-json\/wp\/v2\/pages\/1869","targetHints":{"allow":["GET"]}}],"collection":[{"href":"https:\/\/vswindhag.ac.at\/index.php\/wp-json\/wp\/v2\/pages"}],"about":[{"href":"https:\/\/vswindhag.ac.at\/index.php\/wp-json\/wp\/v2\/types\/page"}],"author":[{"embeddable":true,"href":"https:\/\/vswindhag.ac.at\/index.php\/wp-json\/wp\/v2\/users\/1"}],"replies":[{"embeddable":true,"href":"https:\/\/vswindhag.ac.at\/index.php\/wp-json\/wp\/v2\/comments?post=1869"}],"version-history":[{"count":4,"href":"https:\/\/vswindhag.ac.at\/index.php\/wp-json\/wp\/v2\/pages\/1869\/revisions"}],"predecessor-version":[{"id":1873,"href":"https:\/\/vswindhag.ac.at\/index.php\/wp-json\/wp\/v2\/pages\/1869\/revisions\/1873"}],"wp:attachment":[{"href":"https:\/\/vswindhag.ac.at\/index.php\/wp-json\/wp\/v2\/media?parent=1869"}],"curies":[{"name":"wp","href":"https:\/\/api.w.org\/{rel}","templated":true}]}}