{"id":1839,"date":"2026-04-08T18:33:24","date_gmt":"2026-04-08T16:33:24","guid":{"rendered":"https:\/\/vswindhag.ac.at\/?page_id=1839"},"modified":"2026-04-08T18:36:47","modified_gmt":"2026-04-08T16:36:47","slug":"faschingszeit","status":"publish","type":"page","link":"https:\/\/vswindhag.ac.at\/index.php\/faschingszeit\/","title":{"rendered":"Faschingszeit"},"content":{"rendered":"\t\t<div data-elementor-type=\"wp-page\" data-elementor-id=\"1839\" class=\"elementor elementor-1839\">\n\t\t\t\t<div class=\"elementor-element elementor-element-7530a3bc e-flex e-con-boxed e-con e-parent\" data-id=\"7530a3bc\" data-element_type=\"container\">\n\t\t\t\t\t<div class=\"e-con-inner\">\n\t\t\t\t<div class=\"elementor-element elementor-element-26ba0ac1 elementor-widget elementor-widget-heading\" data-id=\"26ba0ac1\" data-element_type=\"widget\" data-widget_type=\"heading.default\">\n\t\t\t\t<div class=\"elementor-widget-container\">\n\t\t\t\t\t<h1 class=\"elementor-heading-title elementor-size-default\">Faschingszeit<\/h1>\t\t\t\t<\/div>\n\t\t\t\t<\/div>\n\t\t\t\t<div class=\"elementor-element elementor-element-e554ffb elementor-widget elementor-widget-text-editor\" data-id=\"e554ffb\" data-element_type=\"widget\" data-widget_type=\"text-editor.default\">\n\t\t\t\t<div class=\"elementor-widget-container\">\n\t\t\t\t\t\t\t\t\t<p>Am Faschingsdienstag erlebten wir einen besonders fr\u00f6hlichen und bunten Tag. Gemeinsam wurde Pizza gebacken, es wurde viel gelacht und bei lustigen Spielen gefeiert. Ein H\u00f6hepunkt war unser Faschingsumzug durch die Siedlung, bei dem wir auch eine kleinen St\u00e4rkung bekamen.<\/p>\t\t\t\t\t\t\t\t<\/div>\n\t\t\t\t<\/div>\n\t\t\t\t<div class=\"elementor-element elementor-element-1c19dbbe elementor-widget elementor-widget-shortcode\" data-id=\"1c19dbbe\" data-element_type=\"widget\" data-widget_type=\"shortcode.default\">\n\t\t\t\t<div class=\"elementor-widget-container\">\n\t\t\t\t\t\t\t<div class=\"elementor-shortcode\"><style>#jtg-1831 .modula-item .jtg-social a, .lightbox-socials.jtg-social a{ fill: #ffffff; color: #ffffff }#jtg-1831 .modula-item .jtg-social-mobile a{ fill: #ffffff; color: #ffffff }#jtg-1831 .modula-item .jtg-social svg, .lightbox-socials.jtg-social svg { height: 16px; width: 16px }#jtg-1831 .modula-item .jtg-social-mobile svg { height: 16px; width: 16px }#jtg-1831 .modula-item .jtg-social a:not(:last-child), .lightbox-socials.jtg-social a:not(:last-child) { margin-right: 10px }#jtg-1831 .modula-item .jtg-social-mobile .jtg-social-mobile-icons a:not(:last-child){ margin-right: 10px }#jtg-1831 .modula-item .figc {color:#ffffff;}#jtg-1831 .modula-item .figc .jtg-title {  font-size: 24px; }#jtg-1831 .modula-item .modula-item-content { transform: scale(1) }#jtg-1831 { width:100%;}#jtg-1831 .modula-items .figc p.description { font-size:16px; }#jtg-1831 .modula-items .figc p.description { color:#ffffff;}#jtg-1831 .modula-items .figc .jtg-title { color:#ffffff; }#jtg-1831.modula-gallery .modula-item > a, #jtg-1831.modula-gallery .modula-item, #jtg-1831.modula-gallery .modula-item-content > a:not(.modula-no-follow) { cursor:zoom-in; } #jtg-1831.modula-gallery .modula-item-content .modula-no-follow { cursor: default; } @media screen and (max-width:480px){#jtg-1831 .modula-item .figc .jtg-title {  font-size: 12px; }#jtg-1831 .modula-items .figc p.description { color:#ffffff;font-size:10px; }}<\/style>\n<div  id=\"jtg-1831\" class=\"modula modula-gallery modula-columns\" data-config=\"{&quot;tabletHeight&quot;:800,&quot;mobileHeight&quot;:800,&quot;desktopHeight&quot;:800,&quot;enableTwitter&quot;:false,&quot;enableWhatsapp&quot;:false,&quot;enableFacebook&quot;:false,&quot;enablePinterest&quot;:false,&quot;enableLinkedin&quot;:false,&quot;enableEmail&quot;:false,&quot;randomFactor&quot;:0.5,&quot;type&quot;:&quot;grid&quot;,&quot;columns&quot;:12,&quot;gutter&quot;:10,&quot;mobileGutter&quot;:10,&quot;tabletGutter&quot;:10,&quot;desktopGutter&quot;:10,&quot;enableResponsive&quot;:&quot;0&quot;,&quot;tabletColumns&quot;:2,&quot;mobileColumns&quot;:1,&quot;lazyLoad&quot;:true,&quot;lightboxOpts&quot;:{&quot;animated&quot;:true,&quot;Thumbs&quot;:{&quot;type&quot;:&quot;modern&quot;,&quot;showOnStart&quot;:false},&quot;Toolbar&quot;:{&quot;display&quot;:{&quot;right&quot;:[&quot;close&quot;]},&quot;enabled&quot;:true},&quot;Carousel&quot;:{&quot;Panzoom&quot;:{&quot;touch&quot;:false},&quot;infinite&quot;:false},&quot;keyboard&quot;:{&quot;Escape&quot;:&quot;close&quot;,&quot;Delete&quot;:&quot;close&quot;,&quot;Backspace&quot;:&quot;close&quot;,&quot;PageUp&quot;:false,&quot;PageDown&quot;:false,&quot;ArrowUp&quot;:false,&quot;ArrowDown&quot;:false,&quot;ArrowRight&quot;:false,&quot;ArrowLeft&quot;:false},&quot;touch&quot;:false,&quot;backdropClick&quot;:false,&quot;l10n&quot;:{&quot;CLOSE&quot;:&quot;Close&quot;,&quot;NEXT&quot;:&quot;Next&quot;,&quot;PREV&quot;:&quot;Previous&quot;,&quot;Error&quot;:&quot;The requested content cannot be loaded. Please try again later.&quot;,&quot;PLAY_START&quot;:&quot;Start slideshow&quot;,&quot;PLAY_STOP&quot;:&quot;Pause slideshow&quot;,&quot;FULL_SCREEN&quot;:&quot;Full screen&quot;,&quot;THUMBS&quot;:&quot;Thumbnails&quot;,&quot;DOWNLOAD&quot;:&quot;Download&quot;,&quot;SHARE&quot;:&quot;Share&quot;,&quot;ZOOM&quot;:&quot;Zoom&quot;,&quot;EMAIL&quot;:&quot;Here is the link to the image : %%image_link%% and this is the link to the gallery : %%gallery_link%%&quot;,&quot;MODAL&quot;:&quot;You can close this modal content with the ESC key&quot;,&quot;ERROR&quot;:&quot;Something Went Wrong, Please Try Again Later&quot;,&quot;IMAGE_ERROR&quot;:&quot;Image Not Found&quot;,&quot;ELEMENT_NOT_FOUND&quot;:&quot;HTML Element Not Found&quot;,&quot;AJAX_NOT_FOUND&quot;:&quot;Error Loading AJAX : Not Found&quot;,&quot;AJAX_FORBIDDEN&quot;:&quot;Error Loading AJAX : Forbidden&quot;,&quot;IFRAME_ERROR&quot;:&quot;Error Loading Page&quot;,&quot;TOGGLE_ZOOM&quot;:&quot;Toggle zoom level&quot;,&quot;TOGGLE_THUMBS&quot;:&quot;Toggle thumbnails&quot;,&quot;TOGGLE_SLIDESHOW&quot;:&quot;Toggle slideshow&quot;,&quot;TOGGLE_FULLSCREEN&quot;:&quot;Toggle full-screen mode&quot;},&quot;Images&quot;:{&quot;Panzoom&quot;:{&quot;maxScale&quot;:2}},&quot;mainClass&quot;:&quot;modula-fancybox-container modula-lightbox-jtg-1831&quot;,&quot;Html&quot;:{&quot;videoAutoplay&quot;:0,&quot;videoTpl&quot;:&quot;&lt;video class=\\&quot;fancybox__html5video\\&quot; controls muted playsinline controlsList controlsList=\\&quot;nodownload\\&quot; poster=\\&quot;{{poster}}\\&quot; src=\\&quot;{{src}}\\&quot; type=\\&quot;{{format}}\\&quot; &gt;  Sorry, your browser doesn&#039;t support embedded videos, &lt;a href=\\&quot;{{src}}\\&quot;&gt; download &lt;\\\/a&gt; and watch with your favorite video player! &lt;\\\/video&gt;&quot;}},&quot;inView&quot;:false,&quot;email_subject&quot;:&quot;Check out this awesome image !!&quot;,&quot;email_message&quot;:&quot;Here is the link to the image : %%image_link%% and this is the link to the gallery : %%gallery_link%%&quot;,&quot;grid_type&quot;:&quot;automatic&quot;,&quot;rowHeight&quot;:250,&quot;lastRow&quot;:&quot;justify&quot;,&quot;lightbox&quot;:&quot;fancybox&quot;}\">\n\n\t\n\t<div  class=\"modula-items grid-gallery\">\n\t\t<div class=\"modula-item effect-pufrobo\" >\n\t<div class=\"modula-item-overlay\"><\/div>\n\n\t<div class=\"modula-item-content\">\n\n\t\t\t\t\n\t\t\t\t\t<a data-image-id=\"1832\" data-elementor-open-lightbox=\"no\" tabindex=\"0\" rel=\"jtg-1831\" data-caption=\"\" aria-label=\"Open image in lightbox\" role=\"button\" class=\"tile-inner modula-item-link\"><\/a>\n\t\t\n\t\t<img fetchpriority=\"high\" class=\"pic wp-image-1832 lazyload\"  data-valign=\"middle\" data-halign=\"center\" alt=\"\" data-full=\"https:\/\/vswindhag.ac.at\/wp-content\/uploads\/2026\/04\/20260217_080209_resized.jpg\" title=\"20260217_080209_resized\" width=\"1008\" height=\"756\" data-src=\"https:\/\/vswindhag.ac.at\/wp-content\/uploads\/2026\/04\/20260217_080209_resized.jpg\" data-caption=\"\" data-source=\"modula\" data-srcset=\"https:\/\/vswindhag.ac.at\/wp-content\/uploads\/2026\/04\/20260217_080209_resized.jpg 1008w, https:\/\/vswindhag.ac.at\/wp-content\/uploads\/2026\/04\/20260217_080209_resized-768x576.jpg 768w\" data-sizes=\"(max-width: 1008px) 100vw, 1008px\" srcset=\"https:\/\/vswindhag.ac.at\/wp-content\/uploads\/2026\/04\/20260217_080209_resized.jpg 1008w, https:\/\/vswindhag.ac.at\/wp-content\/uploads\/2026\/04\/20260217_080209_resized-768x576.jpg 768w\" sizes=\"(max-width: 1008px) 100vw, 1008px\" \/>\n\t\t<div class=\"figc no-description\">\n\t\t\t<div class=\"figc-inner\">\n\t\t\t\t\t\t\t\t\t\t\t\t\t\t\t<\/div>\n\t\t<\/div>\n\n\t<\/div>\n\n<\/div><div class=\"modula-item effect-pufrobo\" >\n\t<div class=\"modula-item-overlay\"><\/div>\n\n\t<div class=\"modula-item-content\">\n\n\t\t\t\t\n\t\t\t\t\t<a data-image-id=\"1833\" data-elementor-open-lightbox=\"no\" tabindex=\"0\" rel=\"jtg-1831\" data-caption=\"\" aria-label=\"Open image in lightbox\" role=\"button\" class=\"tile-inner modula-item-link\"><\/a>\n\t\t\n\t\t<img class=\"pic wp-image-1833 lazyload\"  data-valign=\"middle\" data-halign=\"center\" alt=\"\" data-full=\"https:\/\/vswindhag.ac.at\/wp-content\/uploads\/2026\/04\/20260217_092307_resized.jpg\" title=\"20260217_092307_resized\" width=\"756\" height=\"1008\" data-src=\"https:\/\/vswindhag.ac.at\/wp-content\/uploads\/2026\/04\/20260217_092307_resized.jpg\" data-caption=\"\" data-source=\"modula\"\/>\n\t\t<div class=\"figc no-description\">\n\t\t\t<div class=\"figc-inner\">\n\t\t\t\t\t\t\t\t\t\t\t\t\t\t\t<\/div>\n\t\t<\/div>\n\n\t<\/div>\n\n<\/div><div class=\"modula-item effect-pufrobo\" >\n\t<div class=\"modula-item-overlay\"><\/div>\n\n\t<div class=\"modula-item-content\">\n\n\t\t\t\t\n\t\t\t\t\t<a data-image-id=\"1844\" data-elementor-open-lightbox=\"no\" tabindex=\"0\" rel=\"jtg-1831\" data-caption=\"\" aria-label=\"Open image in lightbox\" role=\"button\" class=\"tile-inner modula-item-link\"><\/a>\n\t\t\n\t\t<img class=\"pic wp-image-1844 lazyload\"  data-valign=\"middle\" data-halign=\"center\" alt=\"\" data-full=\"https:\/\/vswindhag.ac.at\/wp-content\/uploads\/2026\/04\/IMG_3181-1.jpeg\" title=\"IMG_3181 (1)\" width=\"1500\" height=\"2000\" data-src=\"https:\/\/vswindhag.ac.at\/wp-content\/uploads\/2026\/04\/IMG_3181-1-1500x2000.jpeg\" data-caption=\"\" data-source=\"modula\" data-srcset=\"https:\/\/vswindhag.ac.at\/wp-content\/uploads\/2026\/04\/IMG_3181-1-scaled.jpeg 1920w, https:\/\/vswindhag.ac.at\/wp-content\/uploads\/2026\/04\/IMG_3181-1-scaled-1500x2000.jpeg 1500w, https:\/\/vswindhag.ac.at\/wp-content\/uploads\/2026\/04\/IMG_3181-1-768x1024.jpeg 768w, https:\/\/vswindhag.ac.at\/wp-content\/uploads\/2026\/04\/IMG_3181-1-1152x1536.jpeg 1152w, https:\/\/vswindhag.ac.at\/wp-content\/uploads\/2026\/04\/IMG_3181-1-1536x2048.jpeg 1536w\" data-sizes=\"(max-width: 1500px) 100vw, 1500px\" srcset=\"https:\/\/vswindhag.ac.at\/wp-content\/uploads\/2026\/04\/IMG_3181-1-1500x2000.jpeg 1500w, https:\/\/vswindhag.ac.at\/wp-content\/uploads\/2026\/04\/IMG_3181-1-768x1024.jpeg 768w, https:\/\/vswindhag.ac.at\/wp-content\/uploads\/2026\/04\/IMG_3181-1-1152x1536.jpeg 1152w, https:\/\/vswindhag.ac.at\/wp-content\/uploads\/2026\/04\/IMG_3181-1-1536x2048.jpeg 1536w, https:\/\/vswindhag.ac.at\/wp-content\/uploads\/2026\/04\/IMG_3181-1-scaled.jpeg 1920w\" sizes=\"(max-width: 1500px) 100vw, 1500px\" \/>\n\t\t<div class=\"figc no-description\">\n\t\t\t<div class=\"figc-inner\">\n\t\t\t\t\t\t\t\t\t\t\t\t\t\t\t<\/div>\n\t\t<\/div>\n\n\t<\/div>\n\n<\/div><div class=\"modula-item effect-pufrobo\" >\n\t<div class=\"modula-item-overlay\"><\/div>\n\n\t<div class=\"modula-item-content\">\n\n\t\t\t\t\n\t\t\t\t\t<a data-image-id=\"1834\" data-elementor-open-lightbox=\"no\" tabindex=\"0\" rel=\"jtg-1831\" data-caption=\"\" aria-label=\"Open image in lightbox\" role=\"button\" class=\"tile-inner modula-item-link\"><\/a>\n\t\t\n\t\t<img loading=\"lazy\" class=\"pic wp-image-1834 lazyload\"  data-valign=\"middle\" data-halign=\"center\" alt=\"\" data-full=\"https:\/\/vswindhag.ac.at\/wp-content\/uploads\/2026\/04\/20260217_103550_resized.jpg\" title=\"20260217_103550_resized\" width=\"1008\" height=\"756\" data-src=\"https:\/\/vswindhag.ac.at\/wp-content\/uploads\/2026\/04\/20260217_103550_resized.jpg\" data-caption=\"\" data-source=\"modula\" data-srcset=\"https:\/\/vswindhag.ac.at\/wp-content\/uploads\/2026\/04\/20260217_103550_resized.jpg 1008w, https:\/\/vswindhag.ac.at\/wp-content\/uploads\/2026\/04\/20260217_103550_resized-768x576.jpg 768w\" data-sizes=\"(max-width: 1008px) 100vw, 1008px\" srcset=\"https:\/\/vswindhag.ac.at\/wp-content\/uploads\/2026\/04\/20260217_103550_resized.jpg 1008w, https:\/\/vswindhag.ac.at\/wp-content\/uploads\/2026\/04\/20260217_103550_resized-768x576.jpg 768w\" sizes=\"(max-width: 1008px) 100vw, 1008px\" \/>\n\t\t<div class=\"figc no-description\">\n\t\t\t<div class=\"figc-inner\">\n\t\t\t\t\t\t\t\t\t\t\t\t\t\t\t<\/div>\n\t\t<\/div>\n\n\t<\/div>\n\n<\/div><div class=\"modula-item effect-pufrobo\" >\n\t<div class=\"modula-item-overlay\"><\/div>\n\n\t<div class=\"modula-item-content\">\n\n\t\t\t\t\n\t\t\t\t\t<a data-image-id=\"1836\" data-elementor-open-lightbox=\"no\" tabindex=\"0\" rel=\"jtg-1831\" data-caption=\"\" aria-label=\"Open image in lightbox\" role=\"button\" class=\"tile-inner modula-item-link\"><\/a>\n\t\t\n\t\t<img loading=\"lazy\" class=\"pic wp-image-1836 lazyload\"  data-valign=\"middle\" data-halign=\"center\" alt=\"\" data-full=\"https:\/\/vswindhag.ac.at\/wp-content\/uploads\/2026\/04\/20260217_105825_resized.jpg\" title=\"20260217_105825_resized\" width=\"1008\" height=\"756\" data-src=\"https:\/\/vswindhag.ac.at\/wp-content\/uploads\/2026\/04\/20260217_105825_resized.jpg\" data-caption=\"\" data-source=\"modula\" data-srcset=\"https:\/\/vswindhag.ac.at\/wp-content\/uploads\/2026\/04\/20260217_105825_resized.jpg 1008w, https:\/\/vswindhag.ac.at\/wp-content\/uploads\/2026\/04\/20260217_105825_resized-768x576.jpg 768w\" data-sizes=\"(max-width: 1008px) 100vw, 1008px\" srcset=\"https:\/\/vswindhag.ac.at\/wp-content\/uploads\/2026\/04\/20260217_105825_resized.jpg 1008w, https:\/\/vswindhag.ac.at\/wp-content\/uploads\/2026\/04\/20260217_105825_resized-768x576.jpg 768w\" sizes=\"(max-width: 1008px) 100vw, 1008px\" \/>\n\t\t<div class=\"figc no-description\">\n\t\t\t<div class=\"figc-inner\">\n\t\t\t\t\t\t\t\t\t\t\t\t\t\t\t<\/div>\n\t\t<\/div>\n\n\t<\/div>\n\n<\/div><div class=\"modula-item effect-pufrobo\" >\n\t<div class=\"modula-item-overlay\"><\/div>\n\n\t<div class=\"modula-item-content\">\n\n\t\t\t\t\n\t\t\t\t\t<a data-image-id=\"1837\" data-elementor-open-lightbox=\"no\" tabindex=\"0\" rel=\"jtg-1831\" data-caption=\"\" aria-label=\"Open image in lightbox\" role=\"button\" class=\"tile-inner modula-item-link\"><\/a>\n\t\t\n\t\t<img loading=\"lazy\" class=\"pic wp-image-1837 lazyload\"  data-valign=\"middle\" data-halign=\"center\" alt=\"\" data-full=\"https:\/\/vswindhag.ac.at\/wp-content\/uploads\/2026\/04\/20260217_110528_resized.jpg\" title=\"20260217_110528_resized\" width=\"756\" height=\"1008\" data-src=\"https:\/\/vswindhag.ac.at\/wp-content\/uploads\/2026\/04\/20260217_110528_resized.jpg\" data-caption=\"\" data-source=\"modula\"\/>\n\t\t<div class=\"figc no-description\">\n\t\t\t<div class=\"figc-inner\">\n\t\t\t\t\t\t\t\t\t\t\t\t\t\t\t<\/div>\n\t\t<\/div>\n\n\t<\/div>\n\n<\/div><div class=\"modula-item effect-pufrobo\" >\n\t<div class=\"modula-item-overlay\"><\/div>\n\n\t<div class=\"modula-item-content\">\n\n\t\t\t\t\n\t\t\t\t\t<a data-image-id=\"1838\" data-elementor-open-lightbox=\"no\" tabindex=\"0\" rel=\"jtg-1831\" data-caption=\"\" aria-label=\"Open image in lightbox\" role=\"button\" class=\"tile-inner modula-item-link\"><\/a>\n\t\t\n\t\t<img loading=\"lazy\" class=\"pic wp-image-1838 lazyload\"  data-valign=\"middle\" data-halign=\"center\" alt=\"\" data-full=\"https:\/\/vswindhag.ac.at\/wp-content\/uploads\/2026\/04\/20260217_113720_resized.jpg\" title=\"20260217_113720_resized\" width=\"1008\" height=\"756\" data-src=\"https:\/\/vswindhag.ac.at\/wp-content\/uploads\/2026\/04\/20260217_113720_resized.jpg\" data-caption=\"\" data-source=\"modula\" data-srcset=\"https:\/\/vswindhag.ac.at\/wp-content\/uploads\/2026\/04\/20260217_113720_resized.jpg 1008w, https:\/\/vswindhag.ac.at\/wp-content\/uploads\/2026\/04\/20260217_113720_resized-768x576.jpg 768w\" data-sizes=\"(max-width: 1008px) 100vw, 1008px\" srcset=\"https:\/\/vswindhag.ac.at\/wp-content\/uploads\/2026\/04\/20260217_113720_resized.jpg 1008w, https:\/\/vswindhag.ac.at\/wp-content\/uploads\/2026\/04\/20260217_113720_resized-768x576.jpg 768w\" sizes=\"(max-width: 1008px) 100vw, 1008px\" \/>\n\t\t<div class=\"figc no-description\">\n\t\t\t<div class=\"figc-inner\">\n\t\t\t\t\t\t\t\t\t\t\t\t\t\t\t<\/div>\n\t\t<\/div>\n\n\t<\/div>\n\n<\/div>\t\t\n\t<\/div>\n\n\t\n\t\n\t<script type=\"application\/ld+json\">\n\t{\n\t\t\"@context\": \"http:\/\/schema.org\",\n\t\t\"@type\"   : \"ImageGallery\",\n\t\t\"id\"      : \"https:\/\/vswindhag.ac.at\/index.php\/faschingszeit\/\",\n\t\t\"url\"     : \"https:\/\/vswindhag.ac.at\/index.php\/faschingszeit\/\"\n\t}\n\n\t<\/script>\n\n\t\n<\/div><\/div>\n\t\t\t\t\t\t<\/div>\n\t\t\t\t<\/div>\n\t\t\t\t<div class=\"elementor-element elementor-element-14681ea1 elementor-widget elementor-widget-button\" data-id=\"14681ea1\" data-element_type=\"widget\" data-widget_type=\"button.default\">\n\t\t\t\t<div class=\"elementor-widget-container\">\n\t\t\t\t\t\t\t\t\t<div class=\"elementor-button-wrapper\">\n\t\t\t\t\t<a class=\"elementor-button elementor-button-link elementor-size-sm\" href=\"https:\/\/vswindhag.ac.at\/index.php\/schulleben\/\">\n\t\t\t\t\t\t<span class=\"elementor-button-content-wrapper\">\n\t\t\t\t\t\t\t\t\t<span class=\"elementor-button-text\">zur\u00fcck<\/span>\n\t\t\t\t\t<\/span>\n\t\t\t\t\t<\/a>\n\t\t\t\t<\/div>\n\t\t\t\t\t\t\t\t<\/div>\n\t\t\t\t<\/div>\n\t\t\t\t\t<\/div>\n\t\t\t\t<\/div>\n\t\t<div class=\"elementor-element elementor-element-4ee76afa e-flex e-con-boxed e-con e-parent\" data-id=\"4ee76afa\" data-element_type=\"container\">\n\t\t\t\t\t<div class=\"e-con-inner\">\n\t\t\t\t\t<\/div>\n\t\t\t\t<\/div>\n\t\t\t\t<\/div>\n\t\t","protected":false},"excerpt":{"rendered":"<p>Faschingszeit Am Faschingsdienstag erlebten wir einen besonders fr\u00f6hlichen und bunten Tag. Gemeinsam wurde Pizza gebacken, es wurde viel gelacht und bei lustigen Spielen gefeiert. Ein H\u00f6hepunkt war unser Faschingsumzug durch [&hellip;]<\/p>\n","protected":false},"author":1,"featured_media":0,"parent":0,"menu_order":0,"comment_status":"closed","ping_status":"closed","template":"","meta":{"_EventAllDay":false,"_EventTimezone":"","_EventStartDate":"","_EventEndDate":"","_EventStartDateUTC":"","_EventEndDateUTC":"","_EventShowMap":false,"_EventShowMapLink":false,"_EventURL":"","_EventCost":"","_EventCostDescription":"","_EventCurrencySymbol":"","_EventCurrencyCode":"","_EventCurrencyPosition":"","_EventDateTimeSeparator":"","_EventTimeRangeSeparator":"","_EventOrganizerID":[],"_EventVenueID":[],"_OrganizerEmail":"","_OrganizerPhone":"","_OrganizerWebsite":"","_VenueAddress":"","_VenueCity":"","_VenueCountry":"","_VenueProvince":"","_VenueState":"","_VenueZip":"","_VenuePhone":"","_VenueURL":"","_VenueStateProvince":"","_VenueLat":"","_VenueLng":"","_VenueShowMap":false,"_VenueShowMapLink":false,"footnotes":""},"class_list":["post-1839","page","type-page","status-publish","hentry"],"_links":{"self":[{"href":"https:\/\/vswindhag.ac.at\/index.php\/wp-json\/wp\/v2\/pages\/1839","targetHints":{"allow":["GET"]}}],"collection":[{"href":"https:\/\/vswindhag.ac.at\/index.php\/wp-json\/wp\/v2\/pages"}],"about":[{"href":"https:\/\/vswindhag.ac.at\/index.php\/wp-json\/wp\/v2\/types\/page"}],"author":[{"embeddable":true,"href":"https:\/\/vswindhag.ac.at\/index.php\/wp-json\/wp\/v2\/users\/1"}],"replies":[{"embeddable":true,"href":"https:\/\/vswindhag.ac.at\/index.php\/wp-json\/wp\/v2\/comments?post=1839"}],"version-history":[{"count":4,"href":"https:\/\/vswindhag.ac.at\/index.php\/wp-json\/wp\/v2\/pages\/1839\/revisions"}],"predecessor-version":[{"id":1843,"href":"https:\/\/vswindhag.ac.at\/index.php\/wp-json\/wp\/v2\/pages\/1839\/revisions\/1843"}],"wp:attachment":[{"href":"https:\/\/vswindhag.ac.at\/index.php\/wp-json\/wp\/v2\/media?parent=1839"}],"curies":[{"name":"wp","href":"https:\/\/api.w.org\/{rel}","templated":true}]}}