{"id":1738,"date":"2026-01-20T19:12:18","date_gmt":"2026-01-20T18:12:18","guid":{"rendered":"https:\/\/vswindhag.ac.at\/?page_id=1738"},"modified":"2026-01-20T19:13:10","modified_gmt":"2026-01-20T18:13:10","slug":"ein-verschneiter-waldtag-im-november","status":"publish","type":"page","link":"https:\/\/vswindhag.ac.at\/index.php\/ein-verschneiter-waldtag-im-november\/","title":{"rendered":"Ein verschneiter Waldtag im November"},"content":{"rendered":"\t\t<div data-elementor-type=\"wp-page\" data-elementor-id=\"1738\" class=\"elementor elementor-1738\">\n\t\t\t\t<div class=\"elementor-element elementor-element-768016c2 e-flex e-con-boxed e-con e-parent\" data-id=\"768016c2\" data-element_type=\"container\">\n\t\t\t\t\t<div class=\"e-con-inner\">\n\t\t\t\t<div class=\"elementor-element elementor-element-429a97db elementor-widget elementor-widget-heading\" data-id=\"429a97db\" data-element_type=\"widget\" data-widget_type=\"heading.default\">\n\t\t\t\t<div class=\"elementor-widget-container\">\n\t\t\t\t\t<h1 class=\"elementor-heading-title elementor-size-default\">Ein verschneiter Waldtag im November<\/h1>\t\t\t\t<\/div>\n\t\t\t\t<\/div>\n\t\t\t\t<div class=\"elementor-element elementor-element-6fd4a5dc elementor-widget elementor-widget-text-editor\" data-id=\"6fd4a5dc\" data-element_type=\"widget\" data-widget_type=\"text-editor.default\">\n\t\t\t\t<div class=\"elementor-widget-container\">\n\t\t\t\t\t\t\t\t\t<p>Der <strong data-start=\"381\" data-end=\"404\">Waldtag im November<\/strong> \u00fcberraschte uns mit Schnee. Beim Bobfahren, Schneemannbauen und Burgenbauen hatten die Kinder gro\u00dfen Spa\u00df. <br \/>Die winterliche Stimmung machte den Tag zu etwas ganz Besonderem.<\/p>\t\t\t\t\t\t\t\t<\/div>\n\t\t\t\t<\/div>\n\t\t\t\t<div class=\"elementor-element elementor-element-1adb086d elementor-widget elementor-widget-shortcode\" data-id=\"1adb086d\" data-element_type=\"widget\" data-widget_type=\"shortcode.default\">\n\t\t\t\t<div class=\"elementor-widget-container\">\n\t\t\t\t\t\t\t<div class=\"elementor-shortcode\"><style>#jtg-1731 .modula-item .jtg-social a, .lightbox-socials.jtg-social a{ fill: #ffffff; color: #ffffff }#jtg-1731 .modula-item .jtg-social-mobile a{ fill: #ffffff; color: #ffffff }#jtg-1731 .modula-item .jtg-social svg, .lightbox-socials.jtg-social svg { height: 16px; width: 16px }#jtg-1731 .modula-item .jtg-social-mobile svg { height: 16px; width: 16px }#jtg-1731 .modula-item .jtg-social a:not(:last-child), .lightbox-socials.jtg-social a:not(:last-child) { margin-right: 10px }#jtg-1731 .modula-item .jtg-social-mobile .jtg-social-mobile-icons a:not(:last-child){ margin-right: 10px }#jtg-1731 .modula-item .figc {color:#ffffff;}#jtg-1731 .modula-item .figc .jtg-title {  font-size: 24px; }#jtg-1731 .modula-item .modula-item-content { transform: scale(1) }#jtg-1731 { width:100%;}#jtg-1731 .modula-items .figc p.description { font-size:16px; }#jtg-1731 .modula-items .figc p.description { color:#ffffff;}#jtg-1731 .modula-items .figc .jtg-title { color:#ffffff; }#jtg-1731.modula-gallery .modula-item > a, #jtg-1731.modula-gallery .modula-item, #jtg-1731.modula-gallery .modula-item-content > a:not(.modula-no-follow) { cursor:zoom-in; } #jtg-1731.modula-gallery .modula-item-content .modula-no-follow { cursor: default; } @media screen and (max-width:480px){#jtg-1731 .modula-item .figc .jtg-title {  font-size: 12px; }#jtg-1731 .modula-items .figc p.description { color:#ffffff;font-size:10px; }}<\/style>\n<div  id=\"jtg-1731\" class=\"modula modula-gallery modula-columns\" data-config=\"{&quot;tabletHeight&quot;:800,&quot;mobileHeight&quot;:800,&quot;desktopHeight&quot;:800,&quot;enableTwitter&quot;:false,&quot;enableWhatsapp&quot;:false,&quot;enableFacebook&quot;:false,&quot;enablePinterest&quot;:false,&quot;enableLinkedin&quot;:false,&quot;enableEmail&quot;:false,&quot;randomFactor&quot;:0.5,&quot;type&quot;:&quot;grid&quot;,&quot;columns&quot;:12,&quot;gutter&quot;:10,&quot;mobileGutter&quot;:10,&quot;tabletGutter&quot;:10,&quot;desktopGutter&quot;:10,&quot;enableResponsive&quot;:&quot;0&quot;,&quot;tabletColumns&quot;:2,&quot;mobileColumns&quot;:1,&quot;lazyLoad&quot;:true,&quot;lightboxOpts&quot;:{&quot;animated&quot;:true,&quot;Thumbs&quot;:{&quot;type&quot;:&quot;modern&quot;,&quot;showOnStart&quot;:false},&quot;Toolbar&quot;:{&quot;display&quot;:{&quot;right&quot;:[&quot;close&quot;]},&quot;enabled&quot;:true},&quot;Carousel&quot;:{&quot;Panzoom&quot;:{&quot;touch&quot;:false},&quot;infinite&quot;:false},&quot;keyboard&quot;:{&quot;Escape&quot;:&quot;close&quot;,&quot;Delete&quot;:&quot;close&quot;,&quot;Backspace&quot;:&quot;close&quot;,&quot;PageUp&quot;:false,&quot;PageDown&quot;:false,&quot;ArrowUp&quot;:false,&quot;ArrowDown&quot;:false,&quot;ArrowRight&quot;:false,&quot;ArrowLeft&quot;:false},&quot;touch&quot;:false,&quot;backdropClick&quot;:false,&quot;l10n&quot;:{&quot;CLOSE&quot;:&quot;Close&quot;,&quot;NEXT&quot;:&quot;Next&quot;,&quot;PREV&quot;:&quot;Previous&quot;,&quot;Error&quot;:&quot;The requested content cannot be loaded. Please try again later.&quot;,&quot;PLAY_START&quot;:&quot;Start slideshow&quot;,&quot;PLAY_STOP&quot;:&quot;Pause slideshow&quot;,&quot;FULL_SCREEN&quot;:&quot;Full screen&quot;,&quot;THUMBS&quot;:&quot;Thumbnails&quot;,&quot;DOWNLOAD&quot;:&quot;Download&quot;,&quot;SHARE&quot;:&quot;Share&quot;,&quot;ZOOM&quot;:&quot;Zoom&quot;,&quot;EMAIL&quot;:&quot;Here is the link to the image : %%image_link%% and this is the link to the gallery : %%gallery_link%%&quot;,&quot;MODAL&quot;:&quot;You can close this modal content with the ESC key&quot;,&quot;ERROR&quot;:&quot;Something Went Wrong, Please Try Again Later&quot;,&quot;IMAGE_ERROR&quot;:&quot;Image Not Found&quot;,&quot;ELEMENT_NOT_FOUND&quot;:&quot;HTML Element Not Found&quot;,&quot;AJAX_NOT_FOUND&quot;:&quot;Error Loading AJAX : Not Found&quot;,&quot;AJAX_FORBIDDEN&quot;:&quot;Error Loading AJAX : Forbidden&quot;,&quot;IFRAME_ERROR&quot;:&quot;Error Loading Page&quot;,&quot;TOGGLE_ZOOM&quot;:&quot;Toggle zoom level&quot;,&quot;TOGGLE_THUMBS&quot;:&quot;Toggle thumbnails&quot;,&quot;TOGGLE_SLIDESHOW&quot;:&quot;Toggle slideshow&quot;,&quot;TOGGLE_FULLSCREEN&quot;:&quot;Toggle full-screen mode&quot;},&quot;Images&quot;:{&quot;Panzoom&quot;:{&quot;maxScale&quot;:2}},&quot;mainClass&quot;:&quot;modula-fancybox-container modula-lightbox-jtg-1731&quot;,&quot;Html&quot;:{&quot;videoAutoplay&quot;:0,&quot;videoTpl&quot;:&quot;&lt;video class=\\&quot;fancybox__html5video\\&quot; controls muted playsinline controlsList controlsList=\\&quot;nodownload\\&quot; poster=\\&quot;{{poster}}\\&quot; src=\\&quot;{{src}}\\&quot; type=\\&quot;{{format}}\\&quot; &gt;  Sorry, your browser doesn&#039;t support embedded videos, &lt;a href=\\&quot;{{src}}\\&quot;&gt; download &lt;\\\/a&gt; and watch with your favorite video player! &lt;\\\/video&gt;&quot;}},&quot;inView&quot;:false,&quot;email_subject&quot;:&quot;Check out this awesome image !!&quot;,&quot;email_message&quot;:&quot;Here is the link to the image : %%image_link%% and this is the link to the gallery : %%gallery_link%%&quot;,&quot;grid_type&quot;:&quot;automatic&quot;,&quot;rowHeight&quot;:250,&quot;lastRow&quot;:&quot;justify&quot;,&quot;lightbox&quot;:&quot;fancybox&quot;}\">\n\n\t\n\t<div  class=\"modula-items grid-gallery\">\n\t\t<div class=\"modula-item effect-pufrobo\" >\n\t<div class=\"modula-item-overlay\"><\/div>\n\n\t<div class=\"modula-item-content\">\n\n\t\t\t\t\n\t\t\t\t\t<a data-image-id=\"1733\" data-elementor-open-lightbox=\"no\" tabindex=\"0\" rel=\"jtg-1731\" data-caption=\"\" aria-label=\"Open image in lightbox\" role=\"button\" class=\"tile-inner modula-item-link\"><\/a>\n\t\t\n\t\t<img fetchpriority=\"high\" class=\"pic wp-image-1733 lazyload\"  data-valign=\"middle\" data-halign=\"center\" alt=\"\" data-full=\"https:\/\/vswindhag.ac.at\/wp-content\/uploads\/2026\/01\/20251121_110547_resized.jpg\" title=\"20251121_110547_resized\" width=\"1008\" height=\"756\" data-src=\"https:\/\/vswindhag.ac.at\/wp-content\/uploads\/2026\/01\/20251121_110547_resized.jpg\" data-caption=\"\" data-source=\"modula\" data-srcset=\"https:\/\/vswindhag.ac.at\/wp-content\/uploads\/2026\/01\/20251121_110547_resized.jpg 1008w, https:\/\/vswindhag.ac.at\/wp-content\/uploads\/2026\/01\/20251121_110547_resized-768x576.jpg 768w\" data-sizes=\"(max-width: 1008px) 100vw, 1008px\" srcset=\"https:\/\/vswindhag.ac.at\/wp-content\/uploads\/2026\/01\/20251121_110547_resized.jpg 1008w, https:\/\/vswindhag.ac.at\/wp-content\/uploads\/2026\/01\/20251121_110547_resized-768x576.jpg 768w\" sizes=\"(max-width: 1008px) 100vw, 1008px\" \/>\n\t\t<div class=\"figc no-description\">\n\t\t\t<div class=\"figc-inner\">\n\t\t\t\t\t\t\t\t\t\t\t\t\t\t\t<\/div>\n\t\t<\/div>\n\n\t<\/div>\n\n<\/div><div class=\"modula-item effect-pufrobo\" >\n\t<div class=\"modula-item-overlay\"><\/div>\n\n\t<div class=\"modula-item-content\">\n\n\t\t\t\t\n\t\t\t\t\t<a data-image-id=\"1734\" data-elementor-open-lightbox=\"no\" tabindex=\"0\" rel=\"jtg-1731\" data-caption=\"\" aria-label=\"Open image in lightbox\" role=\"button\" class=\"tile-inner modula-item-link\"><\/a>\n\t\t\n\t\t<img class=\"pic wp-image-1734 lazyload\"  data-valign=\"middle\" data-halign=\"center\" alt=\"\" data-full=\"https:\/\/vswindhag.ac.at\/wp-content\/uploads\/2026\/01\/20251121_110700_resized.jpg\" title=\"20251121_110700_resized\" width=\"1008\" height=\"756\" data-src=\"https:\/\/vswindhag.ac.at\/wp-content\/uploads\/2026\/01\/20251121_110700_resized.jpg\" data-caption=\"\" data-source=\"modula\" data-srcset=\"https:\/\/vswindhag.ac.at\/wp-content\/uploads\/2026\/01\/20251121_110700_resized.jpg 1008w, https:\/\/vswindhag.ac.at\/wp-content\/uploads\/2026\/01\/20251121_110700_resized-768x576.jpg 768w\" data-sizes=\"(max-width: 1008px) 100vw, 1008px\" srcset=\"https:\/\/vswindhag.ac.at\/wp-content\/uploads\/2026\/01\/20251121_110700_resized.jpg 1008w, https:\/\/vswindhag.ac.at\/wp-content\/uploads\/2026\/01\/20251121_110700_resized-768x576.jpg 768w\" sizes=\"(max-width: 1008px) 100vw, 1008px\" \/>\n\t\t<div class=\"figc no-description\">\n\t\t\t<div class=\"figc-inner\">\n\t\t\t\t\t\t\t\t\t\t\t\t\t\t\t<\/div>\n\t\t<\/div>\n\n\t<\/div>\n\n<\/div><div class=\"modula-item effect-pufrobo\" >\n\t<div class=\"modula-item-overlay\"><\/div>\n\n\t<div class=\"modula-item-content\">\n\n\t\t\t\t\n\t\t\t\t\t<a data-image-id=\"1735\" data-elementor-open-lightbox=\"no\" tabindex=\"0\" rel=\"jtg-1731\" data-caption=\"\" aria-label=\"Open image in lightbox\" role=\"button\" class=\"tile-inner modula-item-link\"><\/a>\n\t\t\n\t\t<img class=\"pic wp-image-1735 lazyload\"  data-valign=\"middle\" data-halign=\"center\" alt=\"\" data-full=\"https:\/\/vswindhag.ac.at\/wp-content\/uploads\/2026\/01\/20251121_110757_resized.jpg\" title=\"20251121_110757_resized\" width=\"756\" height=\"1008\" data-src=\"https:\/\/vswindhag.ac.at\/wp-content\/uploads\/2026\/01\/20251121_110757_resized.jpg\" data-caption=\"\" data-source=\"modula\"\/>\n\t\t<div class=\"figc no-description\">\n\t\t\t<div class=\"figc-inner\">\n\t\t\t\t\t\t\t\t\t\t\t\t\t\t\t<\/div>\n\t\t<\/div>\n\n\t<\/div>\n\n<\/div><div class=\"modula-item effect-pufrobo\" >\n\t<div class=\"modula-item-overlay\"><\/div>\n\n\t<div class=\"modula-item-content\">\n\n\t\t\t\t\n\t\t\t\t\t<a data-image-id=\"1736\" data-elementor-open-lightbox=\"no\" tabindex=\"0\" rel=\"jtg-1731\" data-caption=\"\" aria-label=\"Open image in lightbox\" role=\"button\" class=\"tile-inner modula-item-link\"><\/a>\n\t\t\n\t\t<img loading=\"lazy\" class=\"pic wp-image-1736 lazyload\"  data-valign=\"middle\" data-halign=\"center\" alt=\"\" data-full=\"https:\/\/vswindhag.ac.at\/wp-content\/uploads\/2026\/01\/20251121_111233_resized.jpg\" title=\"20251121_111233_resized\" width=\"1008\" height=\"756\" data-src=\"https:\/\/vswindhag.ac.at\/wp-content\/uploads\/2026\/01\/20251121_111233_resized.jpg\" data-caption=\"\" data-source=\"modula\" data-srcset=\"https:\/\/vswindhag.ac.at\/wp-content\/uploads\/2026\/01\/20251121_111233_resized.jpg 1008w, https:\/\/vswindhag.ac.at\/wp-content\/uploads\/2026\/01\/20251121_111233_resized-768x576.jpg 768w\" data-sizes=\"(max-width: 1008px) 100vw, 1008px\" srcset=\"https:\/\/vswindhag.ac.at\/wp-content\/uploads\/2026\/01\/20251121_111233_resized.jpg 1008w, https:\/\/vswindhag.ac.at\/wp-content\/uploads\/2026\/01\/20251121_111233_resized-768x576.jpg 768w\" sizes=\"(max-width: 1008px) 100vw, 1008px\" \/>\n\t\t<div class=\"figc no-description\">\n\t\t\t<div class=\"figc-inner\">\n\t\t\t\t\t\t\t\t\t\t\t\t\t\t\t<\/div>\n\t\t<\/div>\n\n\t<\/div>\n\n<\/div><div class=\"modula-item effect-pufrobo\" >\n\t<div class=\"modula-item-overlay\"><\/div>\n\n\t<div class=\"modula-item-content\">\n\n\t\t\t\t\n\t\t\t\t\t<a data-image-id=\"1737\" data-elementor-open-lightbox=\"no\" tabindex=\"0\" rel=\"jtg-1731\" data-caption=\"\" aria-label=\"Open image in lightbox\" role=\"button\" class=\"tile-inner modula-item-link\"><\/a>\n\t\t\n\t\t<img loading=\"lazy\" class=\"pic wp-image-1737 lazyload\"  data-valign=\"middle\" data-halign=\"center\" alt=\"\" data-full=\"https:\/\/vswindhag.ac.at\/wp-content\/uploads\/2026\/01\/20251121_113317_resized.jpg\" title=\"20251121_113317_resized\" width=\"1152\" height=\"864\" data-src=\"https:\/\/vswindhag.ac.at\/wp-content\/uploads\/2026\/01\/20251121_113317_resized.jpg\" data-caption=\"\" data-source=\"modula\" data-srcset=\"https:\/\/vswindhag.ac.at\/wp-content\/uploads\/2026\/01\/20251121_113317_resized.jpg 1152w, https:\/\/vswindhag.ac.at\/wp-content\/uploads\/2026\/01\/20251121_113317_resized-768x576.jpg 768w\" data-sizes=\"(max-width: 1152px) 100vw, 1152px\" srcset=\"https:\/\/vswindhag.ac.at\/wp-content\/uploads\/2026\/01\/20251121_113317_resized.jpg 1152w, https:\/\/vswindhag.ac.at\/wp-content\/uploads\/2026\/01\/20251121_113317_resized-768x576.jpg 768w\" sizes=\"(max-width: 1152px) 100vw, 1152px\" \/>\n\t\t<div class=\"figc no-description\">\n\t\t\t<div class=\"figc-inner\">\n\t\t\t\t\t\t\t\t\t\t\t\t\t\t\t<\/div>\n\t\t<\/div>\n\n\t<\/div>\n\n<\/div><div class=\"modula-item effect-pufrobo\" >\n\t<div class=\"modula-item-overlay\"><\/div>\n\n\t<div class=\"modula-item-content\">\n\n\t\t\t\t\n\t\t\t\t\t<a data-image-id=\"1743\" data-elementor-open-lightbox=\"no\" tabindex=\"0\" rel=\"jtg-1731\" data-caption=\"\" aria-label=\"Open image in lightbox\" role=\"button\" class=\"tile-inner modula-item-link\"><\/a>\n\t\t\n\t\t<img loading=\"lazy\" class=\"pic wp-image-1743 lazyload\"  data-valign=\"middle\" data-halign=\"center\" alt=\"\" data-full=\"https:\/\/vswindhag.ac.at\/wp-content\/uploads\/2026\/01\/20251121_113050_resized.jpg\" title=\"20251121_113050_resized\" width=\"1152\" height=\"864\" data-src=\"https:\/\/vswindhag.ac.at\/wp-content\/uploads\/2026\/01\/20251121_113050_resized.jpg\" data-caption=\"\" data-source=\"modula\" data-srcset=\"https:\/\/vswindhag.ac.at\/wp-content\/uploads\/2026\/01\/20251121_113050_resized.jpg 1152w, https:\/\/vswindhag.ac.at\/wp-content\/uploads\/2026\/01\/20251121_113050_resized-768x576.jpg 768w\" data-sizes=\"(max-width: 1152px) 100vw, 1152px\" srcset=\"https:\/\/vswindhag.ac.at\/wp-content\/uploads\/2026\/01\/20251121_113050_resized.jpg 1152w, https:\/\/vswindhag.ac.at\/wp-content\/uploads\/2026\/01\/20251121_113050_resized-768x576.jpg 768w\" sizes=\"(max-width: 1152px) 100vw, 1152px\" \/>\n\t\t<div class=\"figc no-description\">\n\t\t\t<div class=\"figc-inner\">\n\t\t\t\t\t\t\t\t\t\t\t\t\t\t\t<\/div>\n\t\t<\/div>\n\n\t<\/div>\n\n<\/div>\t\t\n\t<\/div>\n\n\t\n\t\n\t<script type=\"application\/ld+json\">\n\t{\n\t\t\"@context\": \"http:\/\/schema.org\",\n\t\t\"@type\"   : \"ImageGallery\",\n\t\t\"id\"      : \"https:\/\/vswindhag.ac.at\/index.php\/ein-verschneiter-waldtag-im-november\/\",\n\t\t\"url\"     : \"https:\/\/vswindhag.ac.at\/index.php\/ein-verschneiter-waldtag-im-november\/\"\n\t}\n\n\t<\/script>\n\n\t\n<\/div><\/div>\n\t\t\t\t\t\t<\/div>\n\t\t\t\t<\/div>\n\t\t\t\t<div class=\"elementor-element elementor-element-7623a79b elementor-widget elementor-widget-button\" data-id=\"7623a79b\" data-element_type=\"widget\" data-widget_type=\"button.default\">\n\t\t\t\t<div class=\"elementor-widget-container\">\n\t\t\t\t\t\t\t\t\t<div class=\"elementor-button-wrapper\">\n\t\t\t\t\t<a class=\"elementor-button elementor-button-link elementor-size-sm\" href=\"https:\/\/vswindhag.ac.at\/index.php\/schulleben\/\">\n\t\t\t\t\t\t<span class=\"elementor-button-content-wrapper\">\n\t\t\t\t\t\t\t\t\t<span class=\"elementor-button-text\">zur\u00fcck<\/span>\n\t\t\t\t\t<\/span>\n\t\t\t\t\t<\/a>\n\t\t\t\t<\/div>\n\t\t\t\t\t\t\t\t<\/div>\n\t\t\t\t<\/div>\n\t\t\t\t\t<\/div>\n\t\t\t\t<\/div>\n\t\t<div class=\"elementor-element elementor-element-5e758498 e-flex e-con-boxed e-con e-parent\" data-id=\"5e758498\" data-element_type=\"container\">\n\t\t\t\t\t<div class=\"e-con-inner\">\n\t\t\t\t\t<\/div>\n\t\t\t\t<\/div>\n\t\t\t\t<\/div>\n\t\t","protected":false},"excerpt":{"rendered":"<p>Ein verschneiter Waldtag im November Der Waldtag im November \u00fcberraschte uns mit Schnee. Beim Bobfahren, Schneemannbauen und Burgenbauen hatten die Kinder gro\u00dfen Spa\u00df. Die winterliche Stimmung machte den Tag zu [&hellip;]<\/p>\n","protected":false},"author":1,"featured_media":0,"parent":0,"menu_order":0,"comment_status":"closed","ping_status":"closed","template":"","meta":{"_EventAllDay":false,"_EventTimezone":"","_EventStartDate":"","_EventEndDate":"","_EventStartDateUTC":"","_EventEndDateUTC":"","_EventShowMap":false,"_EventShowMapLink":false,"_EventURL":"","_EventCost":"","_EventCostDescription":"","_EventCurrencySymbol":"","_EventCurrencyCode":"","_EventCurrencyPosition":"","_EventDateTimeSeparator":"","_EventTimeRangeSeparator":"","_EventOrganizerID":[],"_EventVenueID":[],"_OrganizerEmail":"","_OrganizerPhone":"","_OrganizerWebsite":"","_VenueAddress":"","_VenueCity":"","_VenueCountry":"","_VenueProvince":"","_VenueState":"","_VenueZip":"","_VenuePhone":"","_VenueURL":"","_VenueStateProvince":"","_VenueLat":"","_VenueLng":"","_VenueShowMap":false,"_VenueShowMapLink":false,"footnotes":""},"class_list":["post-1738","page","type-page","status-publish","hentry"],"_links":{"self":[{"href":"https:\/\/vswindhag.ac.at\/index.php\/wp-json\/wp\/v2\/pages\/1738","targetHints":{"allow":["GET"]}}],"collection":[{"href":"https:\/\/vswindhag.ac.at\/index.php\/wp-json\/wp\/v2\/pages"}],"about":[{"href":"https:\/\/vswindhag.ac.at\/index.php\/wp-json\/wp\/v2\/types\/page"}],"author":[{"embeddable":true,"href":"https:\/\/vswindhag.ac.at\/index.php\/wp-json\/wp\/v2\/users\/1"}],"replies":[{"embeddable":true,"href":"https:\/\/vswindhag.ac.at\/index.php\/wp-json\/wp\/v2\/comments?post=1738"}],"version-history":[{"count":4,"href":"https:\/\/vswindhag.ac.at\/index.php\/wp-json\/wp\/v2\/pages\/1738\/revisions"}],"predecessor-version":[{"id":1742,"href":"https:\/\/vswindhag.ac.at\/index.php\/wp-json\/wp\/v2\/pages\/1738\/revisions\/1742"}],"wp:attachment":[{"href":"https:\/\/vswindhag.ac.at\/index.php\/wp-json\/wp\/v2\/media?parent=1738"}],"curies":[{"name":"wp","href":"https:\/\/api.w.org\/{rel}","templated":true}]}}