{"id":1595,"date":"2025-08-31T15:14:40","date_gmt":"2025-08-31T13:14:40","guid":{"rendered":"https:\/\/vswindhag.ac.at\/?page_id=1595"},"modified":"2025-08-31T15:16:06","modified_gmt":"2025-08-31T13:16:06","slug":"schulgipfel-am-letzten-schultag","status":"publish","type":"page","link":"https:\/\/vswindhag.ac.at\/index.php\/schulgipfel-am-letzten-schultag\/","title":{"rendered":"Schulgipfel am letzten Schultag"},"content":{"rendered":"\t\t<div data-elementor-type=\"wp-page\" data-elementor-id=\"1595\" class=\"elementor elementor-1595\">\n\t\t\t\t<div class=\"elementor-element elementor-element-17a3e4e0 e-flex e-con-boxed e-con e-parent\" data-id=\"17a3e4e0\" data-element_type=\"container\">\n\t\t\t\t\t<div class=\"e-con-inner\">\n\t\t\t\t<div class=\"elementor-element elementor-element-33748f elementor-widget elementor-widget-heading\" data-id=\"33748f\" data-element_type=\"widget\" data-widget_type=\"heading.default\">\n\t\t\t\t<div class=\"elementor-widget-container\">\n\t\t\t\t\t<h1 class=\"elementor-heading-title elementor-size-default\">Schulgipfel am letzten Schultag<\/h1>\t\t\t\t<\/div>\n\t\t\t\t<\/div>\n\t\t\t\t<div class=\"elementor-element elementor-element-1488c47b elementor-widget elementor-widget-text-editor\" data-id=\"1488c47b\" data-element_type=\"widget\" data-widget_type=\"text-editor.default\">\n\t\t\t\t<div class=\"elementor-widget-container\">\n\t\t\t\t\t\t\t\t\t<p>Am letzten Schultag haben wir beim Schulgipfel unsere Viertkl\u00e4ssler:innen verabschiedet. Es gab tolle Lieder, r\u00fchrende Reden und auch einige Tr\u00e4nen. Zum Abschluss haben alle gemeinsam mit den Eltern im Schulgarten getanzt \u2013 ein sch\u00f6ner und emotionaler Ausklang des Schuljahres!<\/p>\t\t\t\t\t\t\t\t<\/div>\n\t\t\t\t<\/div>\n\t\t\t\t<div class=\"elementor-element elementor-element-38df31ce elementor-widget elementor-widget-shortcode\" data-id=\"38df31ce\" data-element_type=\"widget\" data-widget_type=\"shortcode.default\">\n\t\t\t\t<div class=\"elementor-widget-container\">\n\t\t\t\t\t\t\t<div class=\"elementor-shortcode\"><style>#jtg-1581 .modula-item .jtg-social a, .lightbox-socials.jtg-social a{ fill: #ffffff; color: #ffffff }#jtg-1581 .modula-item .jtg-social-mobile a{ fill: #ffffff; color: #ffffff }#jtg-1581 .modula-item .jtg-social svg, .lightbox-socials.jtg-social svg { height: 16px; width: 16px }#jtg-1581 .modula-item .jtg-social-mobile svg { height: 16px; width: 16px }#jtg-1581 .modula-item .jtg-social a:not(:last-child), .lightbox-socials.jtg-social a:not(:last-child) { margin-right: 10px }#jtg-1581 .modula-item .jtg-social-mobile .jtg-social-mobile-icons a:not(:last-child){ margin-right: 10px }#jtg-1581 .modula-item .figc {color:#ffffff;}#jtg-1581 .modula-item .figc .jtg-title {  font-size: 24px; }#jtg-1581 .modula-item .modula-item-content { transform: scale(1) }#jtg-1581 { width:100%;}#jtg-1581 .modula-items .figc p.description { font-size:16px; }#jtg-1581 .modula-items .figc p.description { color:#ffffff;}#jtg-1581 .modula-items .figc .jtg-title { color:#ffffff; }#jtg-1581.modula-gallery .modula-item > a, #jtg-1581.modula-gallery .modula-item, #jtg-1581.modula-gallery .modula-item-content > a:not(.modula-no-follow) { cursor:zoom-in; } #jtg-1581.modula-gallery .modula-item-content .modula-no-follow { cursor: default; } @media screen and (max-width:480px){#jtg-1581 .modula-item .figc .jtg-title {  font-size: 12px; }#jtg-1581 .modula-items .figc p.description { color:#ffffff;font-size:10px; }}<\/style>\n<div  id=\"jtg-1581\" class=\"modula modula-gallery modula-columns\" data-config=\"{&quot;tabletHeight&quot;:800,&quot;mobileHeight&quot;:800,&quot;desktopHeight&quot;:800,&quot;enableTwitter&quot;:false,&quot;enableWhatsapp&quot;:false,&quot;enableFacebook&quot;:false,&quot;enablePinterest&quot;:false,&quot;enableLinkedin&quot;:false,&quot;enableEmail&quot;:false,&quot;randomFactor&quot;:0.5,&quot;type&quot;:&quot;grid&quot;,&quot;columns&quot;:12,&quot;gutter&quot;:10,&quot;mobileGutter&quot;:10,&quot;tabletGutter&quot;:10,&quot;desktopGutter&quot;:10,&quot;enableResponsive&quot;:&quot;0&quot;,&quot;tabletColumns&quot;:2,&quot;mobileColumns&quot;:1,&quot;lazyLoad&quot;:true,&quot;lightboxOpts&quot;:{&quot;animated&quot;:true,&quot;Thumbs&quot;:{&quot;type&quot;:&quot;modern&quot;,&quot;showOnStart&quot;:false},&quot;Toolbar&quot;:{&quot;display&quot;:{&quot;right&quot;:[&quot;close&quot;]},&quot;enabled&quot;:true},&quot;Carousel&quot;:{&quot;Panzoom&quot;:{&quot;touch&quot;:false},&quot;infinite&quot;:false},&quot;keyboard&quot;:{&quot;Escape&quot;:&quot;close&quot;,&quot;Delete&quot;:&quot;close&quot;,&quot;Backspace&quot;:&quot;close&quot;,&quot;PageUp&quot;:false,&quot;PageDown&quot;:false,&quot;ArrowUp&quot;:false,&quot;ArrowDown&quot;:false,&quot;ArrowRight&quot;:false,&quot;ArrowLeft&quot;:false},&quot;touch&quot;:false,&quot;backdropClick&quot;:false,&quot;l10n&quot;:{&quot;CLOSE&quot;:&quot;Close&quot;,&quot;NEXT&quot;:&quot;Next&quot;,&quot;PREV&quot;:&quot;Previous&quot;,&quot;Error&quot;:&quot;The requested content cannot be loaded. Please try again later.&quot;,&quot;PLAY_START&quot;:&quot;Start slideshow&quot;,&quot;PLAY_STOP&quot;:&quot;Pause slideshow&quot;,&quot;FULL_SCREEN&quot;:&quot;Full screen&quot;,&quot;THUMBS&quot;:&quot;Thumbnails&quot;,&quot;DOWNLOAD&quot;:&quot;Download&quot;,&quot;SHARE&quot;:&quot;Share&quot;,&quot;ZOOM&quot;:&quot;Zoom&quot;,&quot;EMAIL&quot;:&quot;Here is the link to the image : %%image_link%% and this is the link to the gallery : %%gallery_link%%&quot;,&quot;MODAL&quot;:&quot;You can close this modal content with the ESC key&quot;,&quot;ERROR&quot;:&quot;Something Went Wrong, Please Try Again Later&quot;,&quot;IMAGE_ERROR&quot;:&quot;Image Not Found&quot;,&quot;ELEMENT_NOT_FOUND&quot;:&quot;HTML Element Not Found&quot;,&quot;AJAX_NOT_FOUND&quot;:&quot;Error Loading AJAX : Not Found&quot;,&quot;AJAX_FORBIDDEN&quot;:&quot;Error Loading AJAX : Forbidden&quot;,&quot;IFRAME_ERROR&quot;:&quot;Error Loading Page&quot;,&quot;TOGGLE_ZOOM&quot;:&quot;Toggle zoom level&quot;,&quot;TOGGLE_THUMBS&quot;:&quot;Toggle thumbnails&quot;,&quot;TOGGLE_SLIDESHOW&quot;:&quot;Toggle slideshow&quot;,&quot;TOGGLE_FULLSCREEN&quot;:&quot;Toggle full-screen mode&quot;},&quot;Images&quot;:{&quot;Panzoom&quot;:{&quot;maxScale&quot;:2}},&quot;mainClass&quot;:&quot;modula-fancybox-container modula-lightbox-jtg-1581&quot;,&quot;Html&quot;:{&quot;videoAutoplay&quot;:0,&quot;videoTpl&quot;:&quot;&lt;video class=\\&quot;fancybox__html5video\\&quot; controls muted playsinline controlsList controlsList=\\&quot;nodownload\\&quot; poster=\\&quot;{{poster}}\\&quot; src=\\&quot;{{src}}\\&quot; type=\\&quot;{{format}}\\&quot; &gt;  Sorry, your browser doesn&#039;t support embedded videos, &lt;a href=\\&quot;{{src}}\\&quot;&gt; download &lt;\\\/a&gt; and watch with your favorite video player! &lt;\\\/video&gt;&quot;}},&quot;inView&quot;:false,&quot;email_subject&quot;:&quot;Check out this awesome image !!&quot;,&quot;email_message&quot;:&quot;Here is the link to the image : %%image_link%% and this is the link to the gallery : %%gallery_link%%&quot;,&quot;grid_type&quot;:&quot;automatic&quot;,&quot;rowHeight&quot;:250,&quot;lastRow&quot;:&quot;justify&quot;,&quot;lightbox&quot;:&quot;fancybox&quot;}\">\n\n\t\n\t<div  class=\"modula-items grid-gallery\">\n\t\t<div class=\"modula-item effect-pufrobo\" >\n\t<div class=\"modula-item-overlay\"><\/div>\n\n\t<div class=\"modula-item-content\">\n\n\t\t\t\t\n\t\t\t\t\t<a data-image-id=\"1586\" data-elementor-open-lightbox=\"no\" tabindex=\"0\" rel=\"jtg-1581\" data-caption=\"\" aria-label=\"Open image in lightbox\" role=\"button\" class=\"tile-inner modula-item-link\"><\/a>\n\t\t\n\t\t<img fetchpriority=\"high\" class=\"pic wp-image-1586 lazyload\"  data-valign=\"middle\" data-halign=\"center\" alt=\"\" data-full=\"https:\/\/vswindhag.ac.at\/wp-content\/uploads\/2025\/08\/9955e4cc-111a-4616-a49c-3fde9ace16aa.jpg\" title=\"9955e4cc-111a-4616-a49c-3fde9ace16aa\" width=\"471\" height=\"353\" data-src=\"https:\/\/vswindhag.ac.at\/wp-content\/uploads\/2025\/08\/9955e4cc-111a-4616-a49c-3fde9ace16aa.jpg\" data-caption=\"\" data-source=\"modula\"\/>\n\t\t<div class=\"figc no-description\">\n\t\t\t<div class=\"figc-inner\">\n\t\t\t\t\t\t\t\t\t\t\t\t\t\t\t<\/div>\n\t\t<\/div>\n\n\t<\/div>\n\n<\/div><div class=\"modula-item effect-pufrobo\" >\n\t<div class=\"modula-item-overlay\"><\/div>\n\n\t<div class=\"modula-item-content\">\n\n\t\t\t\t\n\t\t\t\t\t<a data-image-id=\"1592\" data-elementor-open-lightbox=\"no\" tabindex=\"0\" rel=\"jtg-1581\" data-caption=\"\" aria-label=\"Open image in lightbox\" role=\"button\" class=\"tile-inner modula-item-link\"><\/a>\n\t\t\n\t\t<img class=\"pic wp-image-1592 lazyload\"  data-valign=\"middle\" data-halign=\"center\" alt=\"\" data-full=\"https:\/\/vswindhag.ac.at\/wp-content\/uploads\/2025\/08\/cbab776c-33bc-4681-8505-e1a9380acc07.jpg\" title=\"cbab776c-33bc-4681-8505-e1a9380acc07\" width=\"471\" height=\"353\" data-src=\"https:\/\/vswindhag.ac.at\/wp-content\/uploads\/2025\/08\/cbab776c-33bc-4681-8505-e1a9380acc07.jpg\" data-caption=\"\" data-source=\"modula\"\/>\n\t\t<div class=\"figc no-description\">\n\t\t\t<div class=\"figc-inner\">\n\t\t\t\t\t\t\t\t\t\t\t\t\t\t\t<\/div>\n\t\t<\/div>\n\n\t<\/div>\n\n<\/div><div class=\"modula-item effect-pufrobo\" >\n\t<div class=\"modula-item-overlay\"><\/div>\n\n\t<div class=\"modula-item-content\">\n\n\t\t\t\t\n\t\t\t\t\t<a data-image-id=\"1593\" data-elementor-open-lightbox=\"no\" tabindex=\"0\" rel=\"jtg-1581\" data-caption=\"\" aria-label=\"Open image in lightbox\" role=\"button\" class=\"tile-inner modula-item-link\"><\/a>\n\t\t\n\t\t<img class=\"pic wp-image-1593 lazyload\"  data-valign=\"middle\" data-halign=\"center\" alt=\"\" data-full=\"https:\/\/vswindhag.ac.at\/wp-content\/uploads\/2025\/08\/d96c4ffa-140d-47c8-b1ea-a6e6703d695b.jpg\" title=\"d96c4ffa-140d-47c8-b1ea-a6e6703d695b\" width=\"353\" height=\"471\" data-src=\"https:\/\/vswindhag.ac.at\/wp-content\/uploads\/2025\/08\/d96c4ffa-140d-47c8-b1ea-a6e6703d695b.jpg\" data-caption=\"\" data-source=\"modula\"\/>\n\t\t<div class=\"figc no-description\">\n\t\t\t<div class=\"figc-inner\">\n\t\t\t\t\t\t\t\t\t\t\t\t\t\t\t<\/div>\n\t\t<\/div>\n\n\t<\/div>\n\n<\/div><div class=\"modula-item effect-pufrobo\" >\n\t<div class=\"modula-item-overlay\"><\/div>\n\n\t<div class=\"modula-item-content\">\n\n\t\t\t\t\n\t\t\t\t\t<a data-image-id=\"1588\" data-elementor-open-lightbox=\"no\" tabindex=\"0\" rel=\"jtg-1581\" data-caption=\"\" aria-label=\"Open image in lightbox\" role=\"button\" class=\"tile-inner modula-item-link\"><\/a>\n\t\t\n\t\t<img loading=\"lazy\" class=\"pic wp-image-1588 lazyload\"  data-valign=\"middle\" data-halign=\"center\" alt=\"\" data-full=\"https:\/\/vswindhag.ac.at\/wp-content\/uploads\/2025\/08\/3274655c-0c63-447b-b078-142d63a82008.jpg\" title=\"3274655c-0c63-447b-b078-142d63a82008\" width=\"471\" height=\"353\" data-src=\"https:\/\/vswindhag.ac.at\/wp-content\/uploads\/2025\/08\/3274655c-0c63-447b-b078-142d63a82008.jpg\" data-caption=\"\" data-source=\"modula\"\/>\n\t\t<div class=\"figc no-description\">\n\t\t\t<div class=\"figc-inner\">\n\t\t\t\t\t\t\t\t\t\t\t\t\t\t\t<\/div>\n\t\t<\/div>\n\n\t<\/div>\n\n<\/div><div class=\"modula-item effect-pufrobo\" >\n\t<div class=\"modula-item-overlay\"><\/div>\n\n\t<div class=\"modula-item-content\">\n\n\t\t\t\t\n\t\t\t\t\t<a data-image-id=\"1589\" data-elementor-open-lightbox=\"no\" tabindex=\"0\" rel=\"jtg-1581\" data-caption=\"\" aria-label=\"Open image in lightbox\" role=\"button\" class=\"tile-inner modula-item-link\"><\/a>\n\t\t\n\t\t<img loading=\"lazy\" class=\"pic wp-image-1589 lazyload\"  data-valign=\"middle\" data-halign=\"center\" alt=\"\" data-full=\"https:\/\/vswindhag.ac.at\/wp-content\/uploads\/2025\/08\/a42bef4b-6b46-43e8-b304-b4fcc4af58c1.jpg\" title=\"a42bef4b-6b46-43e8-b304-b4fcc4af58c1\" width=\"471\" height=\"353\" data-src=\"https:\/\/vswindhag.ac.at\/wp-content\/uploads\/2025\/08\/a42bef4b-6b46-43e8-b304-b4fcc4af58c1.jpg\" data-caption=\"\" data-source=\"modula\"\/>\n\t\t<div class=\"figc no-description\">\n\t\t\t<div class=\"figc-inner\">\n\t\t\t\t\t\t\t\t\t\t\t\t\t\t\t<\/div>\n\t\t<\/div>\n\n\t<\/div>\n\n<\/div><div class=\"modula-item effect-pufrobo\" >\n\t<div class=\"modula-item-overlay\"><\/div>\n\n\t<div class=\"modula-item-content\">\n\n\t\t\t\t\n\t\t\t\t\t<a data-image-id=\"1594\" data-elementor-open-lightbox=\"no\" tabindex=\"0\" rel=\"jtg-1581\" data-caption=\"\" aria-label=\"Open image in lightbox\" role=\"button\" class=\"tile-inner modula-item-link\"><\/a>\n\t\t\n\t\t<img loading=\"lazy\" class=\"pic wp-image-1594 lazyload\"  data-valign=\"middle\" data-halign=\"center\" alt=\"\" data-full=\"https:\/\/vswindhag.ac.at\/wp-content\/uploads\/2025\/08\/f5c8d1bf-b85f-4ea7-aaff-8922854213b9.jpg\" title=\"f5c8d1bf-b85f-4ea7-aaff-8922854213b9\" width=\"353\" height=\"471\" data-src=\"https:\/\/vswindhag.ac.at\/wp-content\/uploads\/2025\/08\/f5c8d1bf-b85f-4ea7-aaff-8922854213b9.jpg\" data-caption=\"\" data-source=\"modula\"\/>\n\t\t<div class=\"figc no-description\">\n\t\t\t<div class=\"figc-inner\">\n\t\t\t\t\t\t\t\t\t\t\t\t\t\t\t<\/div>\n\t\t<\/div>\n\n\t<\/div>\n\n<\/div><div class=\"modula-item effect-pufrobo\" >\n\t<div class=\"modula-item-overlay\"><\/div>\n\n\t<div class=\"modula-item-content\">\n\n\t\t\t\t\n\t\t\t\t\t<a data-image-id=\"1583\" data-elementor-open-lightbox=\"no\" tabindex=\"0\" rel=\"jtg-1581\" data-caption=\"\" aria-label=\"Open image in lightbox\" role=\"button\" class=\"tile-inner modula-item-link\"><\/a>\n\t\t\n\t\t<img loading=\"lazy\" class=\"pic wp-image-1583 lazyload\"  data-valign=\"middle\" data-halign=\"center\" alt=\"\" data-full=\"https:\/\/vswindhag.ac.at\/wp-content\/uploads\/2025\/08\/3dc8b83a-28ed-436d-b22e-7c4cd253ba4b.jpg\" title=\"3dc8b83a-28ed-436d-b22e-7c4cd253ba4b\" width=\"353\" height=\"471\" data-src=\"https:\/\/vswindhag.ac.at\/wp-content\/uploads\/2025\/08\/3dc8b83a-28ed-436d-b22e-7c4cd253ba4b.jpg\" data-caption=\"\" data-source=\"modula\"\/>\n\t\t<div class=\"figc no-description\">\n\t\t\t<div class=\"figc-inner\">\n\t\t\t\t\t\t\t\t\t\t\t\t\t\t\t<\/div>\n\t\t<\/div>\n\n\t<\/div>\n\n<\/div><div class=\"modula-item effect-pufrobo\" >\n\t<div class=\"modula-item-overlay\"><\/div>\n\n\t<div class=\"modula-item-content\">\n\n\t\t\t\t\n\t\t\t\t\t<a data-image-id=\"1582\" data-elementor-open-lightbox=\"no\" tabindex=\"0\" rel=\"jtg-1581\" data-caption=\"\" aria-label=\"Open image in lightbox\" role=\"button\" class=\"tile-inner modula-item-link\"><\/a>\n\t\t\n\t\t<img loading=\"lazy\" class=\"pic wp-image-1582 lazyload\"  data-valign=\"middle\" data-halign=\"center\" alt=\"\" data-full=\"https:\/\/vswindhag.ac.at\/wp-content\/uploads\/2025\/08\/1bf4da32-730f-4569-89c5-972cba829ca2.jpg\" title=\"1bf4da32-730f-4569-89c5-972cba829ca2\" width=\"754\" height=\"565\" data-src=\"https:\/\/vswindhag.ac.at\/wp-content\/uploads\/2025\/08\/1bf4da32-730f-4569-89c5-972cba829ca2.jpg\" data-caption=\"\" data-source=\"modula\"\/>\n\t\t<div class=\"figc no-description\">\n\t\t\t<div class=\"figc-inner\">\n\t\t\t\t\t\t\t\t\t\t\t\t\t\t\t<\/div>\n\t\t<\/div>\n\n\t<\/div>\n\n<\/div><div class=\"modula-item effect-pufrobo\" >\n\t<div class=\"modula-item-overlay\"><\/div>\n\n\t<div class=\"modula-item-content\">\n\n\t\t\t\t\n\t\t\t\t\t<a data-image-id=\"1584\" data-elementor-open-lightbox=\"no\" tabindex=\"0\" rel=\"jtg-1581\" data-caption=\"\" aria-label=\"Open image in lightbox\" role=\"button\" class=\"tile-inner modula-item-link\"><\/a>\n\t\t\n\t\t<img loading=\"lazy\" class=\"pic wp-image-1584 lazyload\"  data-valign=\"middle\" data-halign=\"center\" alt=\"\" data-full=\"https:\/\/vswindhag.ac.at\/wp-content\/uploads\/2025\/08\/5eb6e6b5-ff78-45b2-aaab-73125f4ad74d.jpg\" title=\"5eb6e6b5-ff78-45b2-aaab-73125f4ad74d\" width=\"353\" height=\"471\" data-src=\"https:\/\/vswindhag.ac.at\/wp-content\/uploads\/2025\/08\/5eb6e6b5-ff78-45b2-aaab-73125f4ad74d.jpg\" data-caption=\"\" data-source=\"modula\"\/>\n\t\t<div class=\"figc no-description\">\n\t\t\t<div class=\"figc-inner\">\n\t\t\t\t\t\t\t\t\t\t\t\t\t\t\t<\/div>\n\t\t<\/div>\n\n\t<\/div>\n\n<\/div><div class=\"modula-item effect-pufrobo\" >\n\t<div class=\"modula-item-overlay\"><\/div>\n\n\t<div class=\"modula-item-content\">\n\n\t\t\t\t\n\t\t\t\t\t<a data-image-id=\"1585\" data-elementor-open-lightbox=\"no\" tabindex=\"0\" rel=\"jtg-1581\" data-caption=\"\" aria-label=\"Open image in lightbox\" role=\"button\" class=\"tile-inner modula-item-link\"><\/a>\n\t\t\n\t\t<img loading=\"lazy\" class=\"pic wp-image-1585 lazyload\"  data-valign=\"middle\" data-halign=\"center\" alt=\"\" data-full=\"https:\/\/vswindhag.ac.at\/wp-content\/uploads\/2025\/08\/083e13b7-6648-457e-92ee-1ce8bede3038.jpg\" title=\"083e13b7-6648-457e-92ee-1ce8bede3038\" width=\"471\" height=\"353\" data-src=\"https:\/\/vswindhag.ac.at\/wp-content\/uploads\/2025\/08\/083e13b7-6648-457e-92ee-1ce8bede3038.jpg\" data-caption=\"\" data-source=\"modula\"\/>\n\t\t<div class=\"figc no-description\">\n\t\t\t<div class=\"figc-inner\">\n\t\t\t\t\t\t\t\t\t\t\t\t\t\t\t<\/div>\n\t\t<\/div>\n\n\t<\/div>\n\n<\/div><div class=\"modula-item effect-pufrobo\" >\n\t<div class=\"modula-item-overlay\"><\/div>\n\n\t<div class=\"modula-item-content\">\n\n\t\t\t\t\n\t\t\t\t\t<a data-image-id=\"1591\" data-elementor-open-lightbox=\"no\" tabindex=\"0\" rel=\"jtg-1581\" data-caption=\"\" aria-label=\"Open image in lightbox\" role=\"button\" class=\"tile-inner modula-item-link\"><\/a>\n\t\t\n\t\t<img loading=\"lazy\" class=\"pic wp-image-1591 lazyload\"  data-valign=\"middle\" data-halign=\"center\" alt=\"\" data-full=\"https:\/\/vswindhag.ac.at\/wp-content\/uploads\/2025\/08\/c6711947-4ea6-4daa-88ca-e4655e9480ef.jpg\" title=\"c6711947-4ea6-4daa-88ca-e4655e9480ef\" width=\"353\" height=\"471\" data-src=\"https:\/\/vswindhag.ac.at\/wp-content\/uploads\/2025\/08\/c6711947-4ea6-4daa-88ca-e4655e9480ef.jpg\" data-caption=\"\" data-source=\"modula\"\/>\n\t\t<div class=\"figc no-description\">\n\t\t\t<div class=\"figc-inner\">\n\t\t\t\t\t\t\t\t\t\t\t\t\t\t\t<\/div>\n\t\t<\/div>\n\n\t<\/div>\n\n<\/div><div class=\"modula-item effect-pufrobo\" >\n\t<div class=\"modula-item-overlay\"><\/div>\n\n\t<div class=\"modula-item-content\">\n\n\t\t\t\t\n\t\t\t\t\t<a data-image-id=\"1587\" data-elementor-open-lightbox=\"no\" tabindex=\"0\" rel=\"jtg-1581\" data-caption=\"\" aria-label=\"Open image in lightbox\" role=\"button\" class=\"tile-inner modula-item-link\"><\/a>\n\t\t\n\t\t<img loading=\"lazy\" class=\"pic wp-image-1587 lazyload\"  data-valign=\"middle\" data-halign=\"center\" alt=\"\" data-full=\"https:\/\/vswindhag.ac.at\/wp-content\/uploads\/2025\/08\/49236d22-4d25-49a6-a364-fc37b1e55dbc.jpg\" title=\"49236d22-4d25-49a6-a364-fc37b1e55dbc\" width=\"471\" height=\"353\" data-src=\"https:\/\/vswindhag.ac.at\/wp-content\/uploads\/2025\/08\/49236d22-4d25-49a6-a364-fc37b1e55dbc.jpg\" data-caption=\"\" data-source=\"modula\"\/>\n\t\t<div class=\"figc no-description\">\n\t\t\t<div class=\"figc-inner\">\n\t\t\t\t\t\t\t\t\t\t\t\t\t\t\t<\/div>\n\t\t<\/div>\n\n\t<\/div>\n\n<\/div><div class=\"modula-item effect-pufrobo\" >\n\t<div class=\"modula-item-overlay\"><\/div>\n\n\t<div class=\"modula-item-content\">\n\n\t\t\t\t\n\t\t\t\t\t<a data-image-id=\"1590\" data-elementor-open-lightbox=\"no\" tabindex=\"0\" rel=\"jtg-1581\" data-caption=\"\" aria-label=\"Open image in lightbox\" role=\"button\" class=\"tile-inner modula-item-link\"><\/a>\n\t\t\n\t\t<img loading=\"lazy\" class=\"pic wp-image-1590 lazyload\"  data-valign=\"middle\" data-halign=\"center\" alt=\"\" data-full=\"https:\/\/vswindhag.ac.at\/wp-content\/uploads\/2025\/08\/a559d98e-81f5-4e78-85f0-d48f4c090127.jpg\" title=\"a559d98e-81f5-4e78-85f0-d48f4c090127\" width=\"353\" height=\"471\" data-src=\"https:\/\/vswindhag.ac.at\/wp-content\/uploads\/2025\/08\/a559d98e-81f5-4e78-85f0-d48f4c090127.jpg\" data-caption=\"\" data-source=\"modula\"\/>\n\t\t<div class=\"figc no-description\">\n\t\t\t<div class=\"figc-inner\">\n\t\t\t\t\t\t\t\t\t\t\t\t\t\t\t<\/div>\n\t\t<\/div>\n\n\t<\/div>\n\n<\/div>\t\t\n\t<\/div>\n\n\t\n\t\n\t<script type=\"application\/ld+json\">\n\t{\n\t\t\"@context\": \"http:\/\/schema.org\",\n\t\t\"@type\"   : \"ImageGallery\",\n\t\t\"id\"      : \"https:\/\/vswindhag.ac.at\/index.php\/schulgipfel-am-letzten-schultag\/\",\n\t\t\"url\"     : \"https:\/\/vswindhag.ac.at\/index.php\/schulgipfel-am-letzten-schultag\/\"\n\t}\n\n\t<\/script>\n\n\t\n<\/div><\/div>\n\t\t\t\t\t\t<\/div>\n\t\t\t\t<\/div>\n\t\t\t\t<div class=\"elementor-element elementor-element-4c5fe576 elementor-widget elementor-widget-button\" data-id=\"4c5fe576\" data-element_type=\"widget\" data-widget_type=\"button.default\">\n\t\t\t\t<div class=\"elementor-widget-container\">\n\t\t\t\t\t\t\t\t\t<div class=\"elementor-button-wrapper\">\n\t\t\t\t\t<a class=\"elementor-button elementor-button-link elementor-size-sm\" href=\"https:\/\/vswindhag.ac.at\/index.php\/schulleben\/\">\n\t\t\t\t\t\t<span class=\"elementor-button-content-wrapper\">\n\t\t\t\t\t\t\t\t\t<span class=\"elementor-button-text\">zur\u00fcck<\/span>\n\t\t\t\t\t<\/span>\n\t\t\t\t\t<\/a>\n\t\t\t\t<\/div>\n\t\t\t\t\t\t\t\t<\/div>\n\t\t\t\t<\/div>\n\t\t\t\t\t<\/div>\n\t\t\t\t<\/div>\n\t\t<div class=\"elementor-element elementor-element-4596a603 e-flex e-con-boxed e-con e-parent\" data-id=\"4596a603\" data-element_type=\"container\">\n\t\t\t\t\t<div class=\"e-con-inner\">\n\t\t\t\t\t<\/div>\n\t\t\t\t<\/div>\n\t\t\t\t<\/div>\n\t\t","protected":false},"excerpt":{"rendered":"<p>Schulgipfel am letzten Schultag Am letzten Schultag haben wir beim Schulgipfel unsere Viertkl\u00e4ssler:innen verabschiedet. Es gab tolle Lieder, r\u00fchrende Reden und auch einige Tr\u00e4nen. Zum Abschluss haben alle gemeinsam mit [&hellip;]<\/p>\n","protected":false},"author":1,"featured_media":0,"parent":0,"menu_order":0,"comment_status":"closed","ping_status":"closed","template":"","meta":{"_EventAllDay":false,"_EventTimezone":"","_EventStartDate":"","_EventEndDate":"","_EventStartDateUTC":"","_EventEndDateUTC":"","_EventShowMap":false,"_EventShowMapLink":false,"_EventURL":"","_EventCost":"","_EventCostDescription":"","_EventCurrencySymbol":"","_EventCurrencyCode":"","_EventCurrencyPosition":"","_EventDateTimeSeparator":"","_EventTimeRangeSeparator":"","_EventOrganizerID":[],"_EventVenueID":[],"_OrganizerEmail":"","_OrganizerPhone":"","_OrganizerWebsite":"","_VenueAddress":"","_VenueCity":"","_VenueCountry":"","_VenueProvince":"","_VenueState":"","_VenueZip":"","_VenuePhone":"","_VenueURL":"","_VenueStateProvince":"","_VenueLat":"","_VenueLng":"","_VenueShowMap":false,"_VenueShowMapLink":false,"footnotes":""},"class_list":["post-1595","page","type-page","status-publish","hentry"],"_links":{"self":[{"href":"https:\/\/vswindhag.ac.at\/index.php\/wp-json\/wp\/v2\/pages\/1595","targetHints":{"allow":["GET"]}}],"collection":[{"href":"https:\/\/vswindhag.ac.at\/index.php\/wp-json\/wp\/v2\/pages"}],"about":[{"href":"https:\/\/vswindhag.ac.at\/index.php\/wp-json\/wp\/v2\/types\/page"}],"author":[{"embeddable":true,"href":"https:\/\/vswindhag.ac.at\/index.php\/wp-json\/wp\/v2\/users\/1"}],"replies":[{"embeddable":true,"href":"https:\/\/vswindhag.ac.at\/index.php\/wp-json\/wp\/v2\/comments?post=1595"}],"version-history":[{"count":4,"href":"https:\/\/vswindhag.ac.at\/index.php\/wp-json\/wp\/v2\/pages\/1595\/revisions"}],"predecessor-version":[{"id":1599,"href":"https:\/\/vswindhag.ac.at\/index.php\/wp-json\/wp\/v2\/pages\/1595\/revisions\/1599"}],"wp:attachment":[{"href":"https:\/\/vswindhag.ac.at\/index.php\/wp-json\/wp\/v2\/media?parent=1595"}],"curies":[{"name":"wp","href":"https:\/\/api.w.org\/{rel}","templated":true}]}}