{"id":1528,"date":"2025-08-19T16:51:21","date_gmt":"2025-08-19T14:51:21","guid":{"rendered":"https:\/\/vswindhag.ac.at\/?page_id=1528"},"modified":"2025-08-19T16:52:47","modified_gmt":"2025-08-19T14:52:47","slug":"htl-werkstaettentag","status":"publish","type":"page","link":"https:\/\/vswindhag.ac.at\/index.php\/htl-werkstaettentag\/","title":{"rendered":"HTL Werkst\u00e4ttentag"},"content":{"rendered":"\t\t<div data-elementor-type=\"wp-page\" data-elementor-id=\"1528\" class=\"elementor elementor-1528\">\n\t\t\t\t<div class=\"elementor-element elementor-element-2bed069 e-flex e-con-boxed e-con e-parent\" data-id=\"2bed069\" data-element_type=\"container\">\n\t\t\t\t\t<div class=\"e-con-inner\">\n\t\t\t\t<div class=\"elementor-element elementor-element-5dcfffbc elementor-widget elementor-widget-heading\" data-id=\"5dcfffbc\" data-element_type=\"widget\" data-widget_type=\"heading.default\">\n\t\t\t\t<div class=\"elementor-widget-container\">\n\t\t\t\t\t<h1 class=\"elementor-heading-title elementor-size-default\">HTL Werkst\u00e4ttentag<\/h1>\t\t\t\t<\/div>\n\t\t\t\t<\/div>\n\t\t\t\t<div class=\"elementor-element elementor-element-4756fb51 elementor-widget elementor-widget-text-editor\" data-id=\"4756fb51\" data-element_type=\"widget\" data-widget_type=\"text-editor.default\">\n\t\t\t\t<div class=\"elementor-widget-container\">\n\t\t\t\t\t\t\t\t\t<p>Die Kinder der 2. Klasse durften an der HTL Waidhofen hautnah erleben und bauten mit viel Begeisterung ihr eigenes Geschicklichkeitsspiel. An verschiedenen Stationen konnten sie l\u00f6ten, bohren, fr\u00e4sen und sogar eine pers\u00f6nliche Gravur erstellen. Am Ende hielten alle stolz ihr fertiges Spiel in den H\u00e4nden \u2013 ein Vormittag voller Freude, Kreativit\u00e4t und Technik!<\/p>\t\t\t\t\t\t\t\t<\/div>\n\t\t\t\t<\/div>\n\t\t\t\t<div class=\"elementor-element elementor-element-32d5ba47 elementor-widget elementor-widget-shortcode\" data-id=\"32d5ba47\" data-element_type=\"widget\" data-widget_type=\"shortcode.default\">\n\t\t\t\t<div class=\"elementor-widget-container\">\n\t\t\t\t\t\t\t<div class=\"elementor-shortcode\"><style>#jtg-1522 .modula-item .jtg-social a, .lightbox-socials.jtg-social a{ fill: #ffffff; color: #ffffff }#jtg-1522 .modula-item .jtg-social-mobile a{ fill: #ffffff; color: #ffffff }#jtg-1522 .modula-item .jtg-social svg, .lightbox-socials.jtg-social svg { height: 16px; width: 16px }#jtg-1522 .modula-item .jtg-social-mobile svg { height: 16px; width: 16px }#jtg-1522 .modula-item .jtg-social a:not(:last-child), .lightbox-socials.jtg-social a:not(:last-child) { margin-right: 10px }#jtg-1522 .modula-item .jtg-social-mobile .jtg-social-mobile-icons a:not(:last-child){ margin-right: 10px }#jtg-1522 .modula-item .figc {color:#ffffff;}#jtg-1522 .modula-item .figc .jtg-title {  font-size: 24px; }#jtg-1522 .modula-item .modula-item-content { transform: scale(1) }#jtg-1522 { width:100%;}#jtg-1522 .modula-items .figc p.description { font-size:16px; }#jtg-1522 .modula-items .figc p.description { color:#ffffff;}#jtg-1522 .modula-items .figc .jtg-title { color:#ffffff; }#jtg-1522.modula-gallery .modula-item > a, #jtg-1522.modula-gallery .modula-item, #jtg-1522.modula-gallery .modula-item-content > a:not(.modula-no-follow) { cursor:zoom-in; } #jtg-1522.modula-gallery .modula-item-content .modula-no-follow { cursor: default; } @media screen and (max-width:480px){#jtg-1522 .modula-item .figc .jtg-title {  font-size: 12px; }#jtg-1522 .modula-items .figc p.description { color:#ffffff;font-size:10px; }}<\/style>\n<div  id=\"jtg-1522\" class=\"modula modula-gallery modula-columns\" data-config=\"{&quot;tabletHeight&quot;:800,&quot;mobileHeight&quot;:800,&quot;desktopHeight&quot;:800,&quot;enableTwitter&quot;:false,&quot;enableWhatsapp&quot;:false,&quot;enableFacebook&quot;:false,&quot;enablePinterest&quot;:false,&quot;enableLinkedin&quot;:false,&quot;enableEmail&quot;:false,&quot;randomFactor&quot;:0.5,&quot;type&quot;:&quot;grid&quot;,&quot;columns&quot;:12,&quot;gutter&quot;:10,&quot;mobileGutter&quot;:10,&quot;tabletGutter&quot;:10,&quot;desktopGutter&quot;:10,&quot;enableResponsive&quot;:&quot;0&quot;,&quot;tabletColumns&quot;:2,&quot;mobileColumns&quot;:1,&quot;lazyLoad&quot;:true,&quot;lightboxOpts&quot;:{&quot;animated&quot;:true,&quot;Thumbs&quot;:{&quot;type&quot;:&quot;modern&quot;,&quot;showOnStart&quot;:false},&quot;Toolbar&quot;:{&quot;display&quot;:{&quot;right&quot;:[&quot;close&quot;]},&quot;enabled&quot;:true},&quot;Carousel&quot;:{&quot;Panzoom&quot;:{&quot;touch&quot;:false},&quot;infinite&quot;:false},&quot;keyboard&quot;:{&quot;Escape&quot;:&quot;close&quot;,&quot;Delete&quot;:&quot;close&quot;,&quot;Backspace&quot;:&quot;close&quot;,&quot;PageUp&quot;:false,&quot;PageDown&quot;:false,&quot;ArrowUp&quot;:false,&quot;ArrowDown&quot;:false,&quot;ArrowRight&quot;:false,&quot;ArrowLeft&quot;:false},&quot;touch&quot;:false,&quot;backdropClick&quot;:false,&quot;l10n&quot;:{&quot;CLOSE&quot;:&quot;Close&quot;,&quot;NEXT&quot;:&quot;Next&quot;,&quot;PREV&quot;:&quot;Previous&quot;,&quot;Error&quot;:&quot;The requested content cannot be loaded. Please try again later.&quot;,&quot;PLAY_START&quot;:&quot;Start slideshow&quot;,&quot;PLAY_STOP&quot;:&quot;Pause slideshow&quot;,&quot;FULL_SCREEN&quot;:&quot;Full screen&quot;,&quot;THUMBS&quot;:&quot;Thumbnails&quot;,&quot;DOWNLOAD&quot;:&quot;Download&quot;,&quot;SHARE&quot;:&quot;Share&quot;,&quot;ZOOM&quot;:&quot;Zoom&quot;,&quot;EMAIL&quot;:&quot;Here is the link to the image : %%image_link%% and this is the link to the gallery : %%gallery_link%%&quot;,&quot;MODAL&quot;:&quot;You can close this modal content with the ESC key&quot;,&quot;ERROR&quot;:&quot;Something Went Wrong, Please Try Again Later&quot;,&quot;IMAGE_ERROR&quot;:&quot;Image Not Found&quot;,&quot;ELEMENT_NOT_FOUND&quot;:&quot;HTML Element Not Found&quot;,&quot;AJAX_NOT_FOUND&quot;:&quot;Error Loading AJAX : Not Found&quot;,&quot;AJAX_FORBIDDEN&quot;:&quot;Error Loading AJAX : Forbidden&quot;,&quot;IFRAME_ERROR&quot;:&quot;Error Loading Page&quot;,&quot;TOGGLE_ZOOM&quot;:&quot;Toggle zoom level&quot;,&quot;TOGGLE_THUMBS&quot;:&quot;Toggle thumbnails&quot;,&quot;TOGGLE_SLIDESHOW&quot;:&quot;Toggle slideshow&quot;,&quot;TOGGLE_FULLSCREEN&quot;:&quot;Toggle full-screen mode&quot;},&quot;Images&quot;:{&quot;Panzoom&quot;:{&quot;maxScale&quot;:2}},&quot;mainClass&quot;:&quot;modula-fancybox-container modula-lightbox-jtg-1522&quot;,&quot;Html&quot;:{&quot;videoAutoplay&quot;:0,&quot;videoTpl&quot;:&quot;&lt;video class=\\&quot;fancybox__html5video\\&quot; controls muted playsinline controlsList controlsList=\\&quot;nodownload\\&quot; poster=\\&quot;{{poster}}\\&quot; src=\\&quot;{{src}}\\&quot; type=\\&quot;{{format}}\\&quot; &gt;  Sorry, your browser doesn&#039;t support embedded videos, &lt;a href=\\&quot;{{src}}\\&quot;&gt; download &lt;\\\/a&gt; and watch with your favorite video player! &lt;\\\/video&gt;&quot;}},&quot;inView&quot;:false,&quot;email_subject&quot;:&quot;Check out this awesome image !!&quot;,&quot;email_message&quot;:&quot;Here is the link to the image : %%image_link%% and this is the link to the gallery : %%gallery_link%%&quot;,&quot;grid_type&quot;:&quot;automatic&quot;,&quot;rowHeight&quot;:250,&quot;lastRow&quot;:&quot;justify&quot;,&quot;lightbox&quot;:&quot;fancybox&quot;}\">\n\n\t\n\t<div  class=\"modula-items grid-gallery\">\n\t\t<div class=\"modula-item effect-pufrobo\" >\n\t<div class=\"modula-item-overlay\"><\/div>\n\n\t<div class=\"modula-item-content\">\n\n\t\t\t\t\n\t\t\t\t\t<a data-image-id=\"1523\" data-elementor-open-lightbox=\"no\" tabindex=\"0\" rel=\"jtg-1522\" data-caption=\"\" aria-label=\"Open image in lightbox\" role=\"button\" class=\"tile-inner modula-item-link\"><\/a>\n\t\t\n\t\t<img fetchpriority=\"high\" class=\"pic wp-image-1523 lazyload\"  data-valign=\"middle\" data-halign=\"center\" alt=\"\" data-full=\"https:\/\/vswindhag.ac.at\/wp-content\/uploads\/2025\/08\/IMG_0659.jpeg\" title=\"IMG_0659\" width=\"1500\" height=\"2000\" data-src=\"https:\/\/vswindhag.ac.at\/wp-content\/uploads\/2025\/08\/IMG_0659-1500x2000.jpeg\" data-caption=\"\" data-source=\"modula\" data-srcset=\"https:\/\/vswindhag.ac.at\/wp-content\/uploads\/2025\/08\/IMG_0659-scaled.jpeg 1920w, https:\/\/vswindhag.ac.at\/wp-content\/uploads\/2025\/08\/IMG_0659-scaled-1500x2000.jpeg 1500w, https:\/\/vswindhag.ac.at\/wp-content\/uploads\/2025\/08\/IMG_0659-768x1024.jpeg 768w, https:\/\/vswindhag.ac.at\/wp-content\/uploads\/2025\/08\/IMG_0659-1152x1536.jpeg 1152w, https:\/\/vswindhag.ac.at\/wp-content\/uploads\/2025\/08\/IMG_0659-1536x2048.jpeg 1536w\" data-sizes=\"(max-width: 1500px) 100vw, 1500px\" srcset=\"https:\/\/vswindhag.ac.at\/wp-content\/uploads\/2025\/08\/IMG_0659-1500x2000.jpeg 1500w, https:\/\/vswindhag.ac.at\/wp-content\/uploads\/2025\/08\/IMG_0659-768x1024.jpeg 768w, https:\/\/vswindhag.ac.at\/wp-content\/uploads\/2025\/08\/IMG_0659-1152x1536.jpeg 1152w, https:\/\/vswindhag.ac.at\/wp-content\/uploads\/2025\/08\/IMG_0659-1536x2048.jpeg 1536w, https:\/\/vswindhag.ac.at\/wp-content\/uploads\/2025\/08\/IMG_0659-scaled.jpeg 1920w\" sizes=\"(max-width: 1500px) 100vw, 1500px\" \/>\n\t\t<div class=\"figc no-description\">\n\t\t\t<div class=\"figc-inner\">\n\t\t\t\t\t\t\t\t\t\t\t\t\t\t\t<\/div>\n\t\t<\/div>\n\n\t<\/div>\n\n<\/div><div class=\"modula-item effect-pufrobo\" >\n\t<div class=\"modula-item-overlay\"><\/div>\n\n\t<div class=\"modula-item-content\">\n\n\t\t\t\t\n\t\t\t\t\t<a data-image-id=\"1524\" data-elementor-open-lightbox=\"no\" tabindex=\"0\" rel=\"jtg-1522\" data-caption=\"\" aria-label=\"Open image in lightbox\" role=\"button\" class=\"tile-inner modula-item-link\"><\/a>\n\t\t\n\t\t<img class=\"pic wp-image-1524 lazyload\"  data-valign=\"middle\" data-halign=\"center\" alt=\"\" data-full=\"https:\/\/vswindhag.ac.at\/wp-content\/uploads\/2025\/08\/IMG_0662.jpeg\" title=\"IMG_0662\" width=\"1500\" height=\"2000\" data-src=\"https:\/\/vswindhag.ac.at\/wp-content\/uploads\/2025\/08\/IMG_0662-1500x2000.jpeg\" data-caption=\"\" data-source=\"modula\" data-srcset=\"https:\/\/vswindhag.ac.at\/wp-content\/uploads\/2025\/08\/IMG_0662-scaled.jpeg 1920w, https:\/\/vswindhag.ac.at\/wp-content\/uploads\/2025\/08\/IMG_0662-scaled-1500x2000.jpeg 1500w, https:\/\/vswindhag.ac.at\/wp-content\/uploads\/2025\/08\/IMG_0662-768x1024.jpeg 768w, https:\/\/vswindhag.ac.at\/wp-content\/uploads\/2025\/08\/IMG_0662-1152x1536.jpeg 1152w, https:\/\/vswindhag.ac.at\/wp-content\/uploads\/2025\/08\/IMG_0662-1536x2048.jpeg 1536w\" data-sizes=\"(max-width: 1500px) 100vw, 1500px\" srcset=\"https:\/\/vswindhag.ac.at\/wp-content\/uploads\/2025\/08\/IMG_0662-1500x2000.jpeg 1500w, https:\/\/vswindhag.ac.at\/wp-content\/uploads\/2025\/08\/IMG_0662-768x1024.jpeg 768w, https:\/\/vswindhag.ac.at\/wp-content\/uploads\/2025\/08\/IMG_0662-1152x1536.jpeg 1152w, https:\/\/vswindhag.ac.at\/wp-content\/uploads\/2025\/08\/IMG_0662-1536x2048.jpeg 1536w, https:\/\/vswindhag.ac.at\/wp-content\/uploads\/2025\/08\/IMG_0662-scaled.jpeg 1920w\" sizes=\"(max-width: 1500px) 100vw, 1500px\" \/>\n\t\t<div class=\"figc no-description\">\n\t\t\t<div class=\"figc-inner\">\n\t\t\t\t\t\t\t\t\t\t\t\t\t\t\t<\/div>\n\t\t<\/div>\n\n\t<\/div>\n\n<\/div><div class=\"modula-item effect-pufrobo\" >\n\t<div class=\"modula-item-overlay\"><\/div>\n\n\t<div class=\"modula-item-content\">\n\n\t\t\t\t\n\t\t\t\t\t<a data-image-id=\"1525\" data-elementor-open-lightbox=\"no\" tabindex=\"0\" rel=\"jtg-1522\" data-caption=\"\" aria-label=\"Open image in lightbox\" role=\"button\" class=\"tile-inner modula-item-link\"><\/a>\n\t\t\n\t\t<img class=\"pic wp-image-1525 lazyload\"  data-valign=\"middle\" data-halign=\"center\" alt=\"\" data-full=\"https:\/\/vswindhag.ac.at\/wp-content\/uploads\/2025\/08\/IMG_0666.jpeg\" title=\"IMG_0666\" width=\"1500\" height=\"2000\" data-src=\"https:\/\/vswindhag.ac.at\/wp-content\/uploads\/2025\/08\/IMG_0666-1500x2000.jpeg\" data-caption=\"\" data-source=\"modula\" data-srcset=\"https:\/\/vswindhag.ac.at\/wp-content\/uploads\/2025\/08\/IMG_0666-scaled.jpeg 1920w, https:\/\/vswindhag.ac.at\/wp-content\/uploads\/2025\/08\/IMG_0666-scaled-1500x2000.jpeg 1500w, https:\/\/vswindhag.ac.at\/wp-content\/uploads\/2025\/08\/IMG_0666-768x1024.jpeg 768w, https:\/\/vswindhag.ac.at\/wp-content\/uploads\/2025\/08\/IMG_0666-1152x1536.jpeg 1152w, https:\/\/vswindhag.ac.at\/wp-content\/uploads\/2025\/08\/IMG_0666-1536x2048.jpeg 1536w\" data-sizes=\"(max-width: 1500px) 100vw, 1500px\" srcset=\"https:\/\/vswindhag.ac.at\/wp-content\/uploads\/2025\/08\/IMG_0666-1500x2000.jpeg 1500w, https:\/\/vswindhag.ac.at\/wp-content\/uploads\/2025\/08\/IMG_0666-768x1024.jpeg 768w, https:\/\/vswindhag.ac.at\/wp-content\/uploads\/2025\/08\/IMG_0666-1152x1536.jpeg 1152w, https:\/\/vswindhag.ac.at\/wp-content\/uploads\/2025\/08\/IMG_0666-1536x2048.jpeg 1536w, https:\/\/vswindhag.ac.at\/wp-content\/uploads\/2025\/08\/IMG_0666-scaled.jpeg 1920w\" sizes=\"(max-width: 1500px) 100vw, 1500px\" \/>\n\t\t<div class=\"figc no-description\">\n\t\t\t<div class=\"figc-inner\">\n\t\t\t\t\t\t\t\t\t\t\t\t\t\t\t<\/div>\n\t\t<\/div>\n\n\t<\/div>\n\n<\/div><div class=\"modula-item effect-pufrobo\" >\n\t<div class=\"modula-item-overlay\"><\/div>\n\n\t<div class=\"modula-item-content\">\n\n\t\t\t\t\n\t\t\t\t\t<a data-image-id=\"1526\" data-elementor-open-lightbox=\"no\" tabindex=\"0\" rel=\"jtg-1522\" data-caption=\"\" aria-label=\"Open image in lightbox\" role=\"button\" class=\"tile-inner modula-item-link\"><\/a>\n\t\t\n\t\t<img loading=\"lazy\" class=\"pic wp-image-1526 lazyload\"  data-valign=\"middle\" data-halign=\"center\" alt=\"\" data-full=\"https:\/\/vswindhag.ac.at\/wp-content\/uploads\/2025\/08\/IMG_0668.jpeg\" title=\"IMG_0668\" width=\"2000\" height=\"1500\" data-src=\"https:\/\/vswindhag.ac.at\/wp-content\/uploads\/2025\/08\/IMG_0668-2000x1500.jpeg\" data-caption=\"\" data-source=\"modula\" data-srcset=\"https:\/\/vswindhag.ac.at\/wp-content\/uploads\/2025\/08\/IMG_0668-scaled.jpeg 2560w, https:\/\/vswindhag.ac.at\/wp-content\/uploads\/2025\/08\/IMG_0668-scaled-2000x1500.jpeg 2000w, https:\/\/vswindhag.ac.at\/wp-content\/uploads\/2025\/08\/IMG_0668-768x576.jpeg 768w, https:\/\/vswindhag.ac.at\/wp-content\/uploads\/2025\/08\/IMG_0668-1536x1152.jpeg 1536w, https:\/\/vswindhag.ac.at\/wp-content\/uploads\/2025\/08\/IMG_0668-2048x1536.jpeg 2048w\" data-sizes=\"(max-width: 2000px) 100vw, 2000px\" srcset=\"https:\/\/vswindhag.ac.at\/wp-content\/uploads\/2025\/08\/IMG_0668-2000x1500.jpeg 2000w, https:\/\/vswindhag.ac.at\/wp-content\/uploads\/2025\/08\/IMG_0668-768x576.jpeg 768w, https:\/\/vswindhag.ac.at\/wp-content\/uploads\/2025\/08\/IMG_0668-1536x1152.jpeg 1536w, https:\/\/vswindhag.ac.at\/wp-content\/uploads\/2025\/08\/IMG_0668-2048x1536.jpeg 2048w\" sizes=\"(max-width: 2000px) 100vw, 2000px\" \/>\n\t\t<div class=\"figc no-description\">\n\t\t\t<div class=\"figc-inner\">\n\t\t\t\t\t\t\t\t\t\t\t\t\t\t\t<\/div>\n\t\t<\/div>\n\n\t<\/div>\n\n<\/div><div class=\"modula-item effect-pufrobo\" >\n\t<div class=\"modula-item-overlay\"><\/div>\n\n\t<div class=\"modula-item-content\">\n\n\t\t\t\t\n\t\t\t\t\t<a data-image-id=\"1527\" data-elementor-open-lightbox=\"no\" tabindex=\"0\" rel=\"jtg-1522\" data-caption=\"HDR Bracket = 0,8,-8 FaceNum=0    FocusArea=111111111\" aria-label=\"Open image in lightbox\" role=\"button\" class=\"tile-inner modula-item-link\"><\/a>\n\t\t\n\t\t<img loading=\"lazy\" class=\"pic wp-image-1527 lazyload\"  data-valign=\"middle\" data-halign=\"center\" alt=\"\" data-full=\"https:\/\/vswindhag.ac.at\/wp-content\/uploads\/2025\/08\/KIDS_GO_HTL_20250623_VS_Windhag_Bild_1.jpg\" title=\"HDR Bracket = 0,8,-8 FaceNum=0    FocusArea=111111111\" width=\"2000\" height=\"1125\" data-src=\"https:\/\/vswindhag.ac.at\/wp-content\/uploads\/2025\/08\/KIDS_GO_HTL_20250623_VS_Windhag_Bild_1-2000x1125.jpg\" data-caption=\"HDR Bracket = 0,8,-8 FaceNum=0    FocusArea=111111111\" data-source=\"modula\" data-srcset=\"https:\/\/vswindhag.ac.at\/wp-content\/uploads\/2025\/08\/KIDS_GO_HTL_20250623_VS_Windhag_Bild_1-scaled.jpg 2560w, https:\/\/vswindhag.ac.at\/wp-content\/uploads\/2025\/08\/KIDS_GO_HTL_20250623_VS_Windhag_Bild_1-scaled-2000x1125.jpg 2000w, https:\/\/vswindhag.ac.at\/wp-content\/uploads\/2025\/08\/KIDS_GO_HTL_20250623_VS_Windhag_Bild_1-768x432.jpg 768w, https:\/\/vswindhag.ac.at\/wp-content\/uploads\/2025\/08\/KIDS_GO_HTL_20250623_VS_Windhag_Bild_1-1536x864.jpg 1536w, https:\/\/vswindhag.ac.at\/wp-content\/uploads\/2025\/08\/KIDS_GO_HTL_20250623_VS_Windhag_Bild_1-2048x1152.jpg 2048w, https:\/\/vswindhag.ac.at\/wp-content\/uploads\/2025\/08\/KIDS_GO_HTL_20250623_VS_Windhag_Bild_1-320x180.jpg 320w\" data-sizes=\"(max-width: 2000px) 100vw, 2000px\" srcset=\"https:\/\/vswindhag.ac.at\/wp-content\/uploads\/2025\/08\/KIDS_GO_HTL_20250623_VS_Windhag_Bild_1-2000x1125.jpg 2000w, https:\/\/vswindhag.ac.at\/wp-content\/uploads\/2025\/08\/KIDS_GO_HTL_20250623_VS_Windhag_Bild_1-768x432.jpg 768w, https:\/\/vswindhag.ac.at\/wp-content\/uploads\/2025\/08\/KIDS_GO_HTL_20250623_VS_Windhag_Bild_1-1536x864.jpg 1536w, https:\/\/vswindhag.ac.at\/wp-content\/uploads\/2025\/08\/KIDS_GO_HTL_20250623_VS_Windhag_Bild_1-2048x1152.jpg 2048w, https:\/\/vswindhag.ac.at\/wp-content\/uploads\/2025\/08\/KIDS_GO_HTL_20250623_VS_Windhag_Bild_1-320x180.jpg 320w\" sizes=\"(max-width: 2000px) 100vw, 2000px\" \/>\n\t\t<div class=\"figc\">\n\t\t\t<div class=\"figc-inner\">\n\t\t\t\t\t\t\t\t\t\t\t\t\t<p class=\"description\">HDR Bracket = 0,8,-8 FaceNum=0    FocusArea=111111111<\/p>\n\t\t\t\t\t\t\t\t\t\t\t<\/div>\n\t\t<\/div>\n\n\t<\/div>\n\n<\/div>\t\t\n\t<\/div>\n\n\t\n\t\n\t<script type=\"application\/ld+json\">\n\t{\n\t\t\"@context\": \"http:\/\/schema.org\",\n\t\t\"@type\"   : \"ImageGallery\",\n\t\t\"id\"      : \"https:\/\/vswindhag.ac.at\/index.php\/htl-werkstaettentag\/\",\n\t\t\"url\"     : \"https:\/\/vswindhag.ac.at\/index.php\/htl-werkstaettentag\/\"\n\t}\n\n\t<\/script>\n\n\t\n<\/div><\/div>\n\t\t\t\t\t\t<\/div>\n\t\t\t\t<\/div>\n\t\t\t\t<div class=\"elementor-element elementor-element-7b51ec5e elementor-widget elementor-widget-button\" data-id=\"7b51ec5e\" data-element_type=\"widget\" data-widget_type=\"button.default\">\n\t\t\t\t<div class=\"elementor-widget-container\">\n\t\t\t\t\t\t\t\t\t<div class=\"elementor-button-wrapper\">\n\t\t\t\t\t<a class=\"elementor-button elementor-button-link elementor-size-sm\" href=\"https:\/\/vswindhag.ac.at\/index.php\/schulleben\/\">\n\t\t\t\t\t\t<span class=\"elementor-button-content-wrapper\">\n\t\t\t\t\t\t\t\t\t<span class=\"elementor-button-text\">zur\u00fcck<\/span>\n\t\t\t\t\t<\/span>\n\t\t\t\t\t<\/a>\n\t\t\t\t<\/div>\n\t\t\t\t\t\t\t\t<\/div>\n\t\t\t\t<\/div>\n\t\t\t\t\t<\/div>\n\t\t\t\t<\/div>\n\t\t<div class=\"elementor-element elementor-element-2b701e44 e-flex e-con-boxed e-con e-parent\" data-id=\"2b701e44\" data-element_type=\"container\">\n\t\t\t\t\t<div class=\"e-con-inner\">\n\t\t\t\t\t<\/div>\n\t\t\t\t<\/div>\n\t\t\t\t<\/div>\n\t\t","protected":false},"excerpt":{"rendered":"<p>HTL Werkst\u00e4ttentag Die Kinder der 2. Klasse durften an der HTL Waidhofen hautnah erleben und bauten mit viel Begeisterung ihr eigenes Geschicklichkeitsspiel. An verschiedenen Stationen konnten sie l\u00f6ten, bohren, fr\u00e4sen [&hellip;]<\/p>\n","protected":false},"author":1,"featured_media":0,"parent":0,"menu_order":0,"comment_status":"closed","ping_status":"closed","template":"","meta":{"_EventAllDay":false,"_EventTimezone":"","_EventStartDate":"","_EventEndDate":"","_EventStartDateUTC":"","_EventEndDateUTC":"","_EventShowMap":false,"_EventShowMapLink":false,"_EventURL":"","_EventCost":"","_EventCostDescription":"","_EventCurrencySymbol":"","_EventCurrencyCode":"","_EventCurrencyPosition":"","_EventDateTimeSeparator":"","_EventTimeRangeSeparator":"","_EventOrganizerID":[],"_EventVenueID":[],"_OrganizerEmail":"","_OrganizerPhone":"","_OrganizerWebsite":"","_VenueAddress":"","_VenueCity":"","_VenueCountry":"","_VenueProvince":"","_VenueState":"","_VenueZip":"","_VenuePhone":"","_VenueURL":"","_VenueStateProvince":"","_VenueLat":"","_VenueLng":"","_VenueShowMap":false,"_VenueShowMapLink":false,"footnotes":""},"class_list":["post-1528","page","type-page","status-publish","hentry"],"_links":{"self":[{"href":"https:\/\/vswindhag.ac.at\/index.php\/wp-json\/wp\/v2\/pages\/1528","targetHints":{"allow":["GET"]}}],"collection":[{"href":"https:\/\/vswindhag.ac.at\/index.php\/wp-json\/wp\/v2\/pages"}],"about":[{"href":"https:\/\/vswindhag.ac.at\/index.php\/wp-json\/wp\/v2\/types\/page"}],"author":[{"embeddable":true,"href":"https:\/\/vswindhag.ac.at\/index.php\/wp-json\/wp\/v2\/users\/1"}],"replies":[{"embeddable":true,"href":"https:\/\/vswindhag.ac.at\/index.php\/wp-json\/wp\/v2\/comments?post=1528"}],"version-history":[{"count":4,"href":"https:\/\/vswindhag.ac.at\/index.php\/wp-json\/wp\/v2\/pages\/1528\/revisions"}],"predecessor-version":[{"id":1532,"href":"https:\/\/vswindhag.ac.at\/index.php\/wp-json\/wp\/v2\/pages\/1528\/revisions\/1532"}],"wp:attachment":[{"href":"https:\/\/vswindhag.ac.at\/index.php\/wp-json\/wp\/v2\/media?parent=1528"}],"curies":[{"name":"wp","href":"https:\/\/api.w.org\/{rel}","templated":true}]}}