{"id":1168,"date":"2025-07-01T07:29:28","date_gmt":"2025-07-01T05:29:28","guid":{"rendered":"https:\/\/vswindhag.ac.at\/?page_id=1168"},"modified":"2025-07-01T07:31:03","modified_gmt":"2025-07-01T05:31:03","slug":"waldtag-2","status":"publish","type":"page","link":"https:\/\/vswindhag.ac.at\/index.php\/waldtag-2\/","title":{"rendered":"Waldtag"},"content":{"rendered":"\t\t<div data-elementor-type=\"wp-page\" data-elementor-id=\"1168\" class=\"elementor elementor-1168\">\n\t\t\t\t<div class=\"elementor-element elementor-element-98261 e-flex e-con-boxed e-con e-parent\" data-id=\"98261\" data-element_type=\"container\">\n\t\t\t\t\t<div class=\"e-con-inner\">\n\t\t\t\t<div class=\"elementor-element elementor-element-f2836a5 elementor-widget elementor-widget-heading\" data-id=\"f2836a5\" data-element_type=\"widget\" data-widget_type=\"heading.default\">\n\t\t\t\t<div class=\"elementor-widget-container\">\n\t\t\t\t\t<h1 class=\"elementor-heading-title elementor-size-default\">Waldtag<\/h1>\t\t\t\t<\/div>\n\t\t\t\t<\/div>\n\t\t\t\t<div class=\"elementor-element elementor-element-610114fe elementor-widget elementor-widget-text-editor\" data-id=\"610114fe\" data-element_type=\"widget\" data-widget_type=\"text-editor.default\">\n\t\t\t\t<div class=\"elementor-widget-container\">\n\t\t\t\t\t\t\t\t\t<p>Am 30. J\u00e4nner durfte jede Klasse zwei Unterrichtseinheiten im Wald verbringen. Die Sch\u00fcler und Sch\u00fclerinnen durften viele verschiedene Dinge \u00fcber den Wald lernen und dabei gleichzeitig ihr eigenes Wissen mit den anderen Kindern teilen.<\/p>\t\t\t\t\t\t\t\t<\/div>\n\t\t\t\t<\/div>\n\t\t\t\t<div class=\"elementor-element elementor-element-27bf0112 elementor-widget elementor-widget-shortcode\" data-id=\"27bf0112\" data-element_type=\"widget\" data-widget_type=\"shortcode.default\">\n\t\t\t\t<div class=\"elementor-widget-container\">\n\t\t\t\t\t\t\t<div class=\"elementor-shortcode\"><style>#jtg-728 .modula-item .jtg-social a, .lightbox-socials.jtg-social a{ fill: #ffffff; color: #ffffff }#jtg-728 .modula-item .jtg-social-mobile a{ fill: #ffffff; color: #ffffff }#jtg-728 .modula-item .jtg-social svg, .lightbox-socials.jtg-social svg { height: 16px; width: 16px }#jtg-728 .modula-item .jtg-social-mobile svg { height: 16px; width: 16px }#jtg-728 .modula-item .jtg-social a:not(:last-child), .lightbox-socials.jtg-social a:not(:last-child) { margin-right: 10px }#jtg-728 .modula-item .jtg-social-mobile .jtg-social-mobile-icons a:not(:last-child){ margin-right: 10px }#jtg-728 .modula-item .figc {color:#ffffff;}#jtg-728 .modula-item .figc .jtg-title {  font-size: 24px; }#jtg-728 .modula-item .modula-item-content { transform: scale(1) }#jtg-728 { width:100%;}#jtg-728 .modula-items .figc p.description { font-size:16px; }#jtg-728 .modula-items .figc p.description { color:#ffffff;}#jtg-728 .modula-items .figc .jtg-title { color:#ffffff; }#jtg-728.modula-gallery .modula-item > a, #jtg-728.modula-gallery .modula-item, #jtg-728.modula-gallery .modula-item-content > a:not(.modula-no-follow) { cursor:zoom-in; } #jtg-728.modula-gallery .modula-item-content .modula-no-follow { cursor: default; } @media screen and (max-width:480px){#jtg-728 .modula-item .figc .jtg-title {  font-size: 12px; }#jtg-728 .modula-items .figc p.description { color:#ffffff;font-size:10px; }}#jtg-728 .modula-items .modula-item:hover img{opacity:1;}<\/style>\n<div  id=\"jtg-728\" class=\"modula modula-gallery modula-columns\" data-config=\"{&quot;tabletHeight&quot;:800,&quot;mobileHeight&quot;:800,&quot;desktopHeight&quot;:800,&quot;enableTwitter&quot;:false,&quot;enableWhatsapp&quot;:false,&quot;enableFacebook&quot;:false,&quot;enablePinterest&quot;:false,&quot;enableLinkedin&quot;:false,&quot;enableEmail&quot;:false,&quot;randomFactor&quot;:0.5,&quot;type&quot;:&quot;grid&quot;,&quot;columns&quot;:12,&quot;gutter&quot;:10,&quot;mobileGutter&quot;:10,&quot;tabletGutter&quot;:10,&quot;desktopGutter&quot;:10,&quot;enableResponsive&quot;:&quot;0&quot;,&quot;tabletColumns&quot;:2,&quot;mobileColumns&quot;:1,&quot;lazyLoad&quot;:true,&quot;lightboxOpts&quot;:{&quot;animated&quot;:true,&quot;Thumbs&quot;:{&quot;type&quot;:&quot;modern&quot;,&quot;showOnStart&quot;:false},&quot;Toolbar&quot;:{&quot;display&quot;:{&quot;right&quot;:[&quot;close&quot;]},&quot;enabled&quot;:true},&quot;Carousel&quot;:{&quot;Panzoom&quot;:{&quot;touch&quot;:false},&quot;infinite&quot;:false},&quot;keyboard&quot;:{&quot;Escape&quot;:&quot;close&quot;,&quot;Delete&quot;:&quot;close&quot;,&quot;Backspace&quot;:&quot;close&quot;,&quot;PageUp&quot;:false,&quot;PageDown&quot;:false,&quot;ArrowUp&quot;:false,&quot;ArrowDown&quot;:false,&quot;ArrowRight&quot;:false,&quot;ArrowLeft&quot;:false},&quot;touch&quot;:false,&quot;backdropClick&quot;:false,&quot;l10n&quot;:{&quot;CLOSE&quot;:&quot;Close&quot;,&quot;NEXT&quot;:&quot;Next&quot;,&quot;PREV&quot;:&quot;Previous&quot;,&quot;Error&quot;:&quot;The requested content cannot be loaded. Please try again later.&quot;,&quot;PLAY_START&quot;:&quot;Start slideshow&quot;,&quot;PLAY_STOP&quot;:&quot;Pause slideshow&quot;,&quot;FULL_SCREEN&quot;:&quot;Full screen&quot;,&quot;THUMBS&quot;:&quot;Thumbnails&quot;,&quot;DOWNLOAD&quot;:&quot;Download&quot;,&quot;SHARE&quot;:&quot;Share&quot;,&quot;ZOOM&quot;:&quot;Zoom&quot;,&quot;EMAIL&quot;:&quot;Here is the link to the image : %%image_link%% and this is the link to the gallery : %%gallery_link%%&quot;,&quot;MODAL&quot;:&quot;You can close this modal content with the ESC key&quot;,&quot;ERROR&quot;:&quot;Something Went Wrong, Please Try Again Later&quot;,&quot;IMAGE_ERROR&quot;:&quot;Image Not Found&quot;,&quot;ELEMENT_NOT_FOUND&quot;:&quot;HTML Element Not Found&quot;,&quot;AJAX_NOT_FOUND&quot;:&quot;Error Loading AJAX : Not Found&quot;,&quot;AJAX_FORBIDDEN&quot;:&quot;Error Loading AJAX : Forbidden&quot;,&quot;IFRAME_ERROR&quot;:&quot;Error Loading Page&quot;,&quot;TOGGLE_ZOOM&quot;:&quot;Toggle zoom level&quot;,&quot;TOGGLE_THUMBS&quot;:&quot;Toggle thumbnails&quot;,&quot;TOGGLE_SLIDESHOW&quot;:&quot;Toggle slideshow&quot;,&quot;TOGGLE_FULLSCREEN&quot;:&quot;Toggle full-screen mode&quot;},&quot;Images&quot;:{&quot;Panzoom&quot;:{&quot;maxScale&quot;:2}},&quot;mainClass&quot;:&quot;modula-fancybox-container modula-lightbox-jtg-728&quot;,&quot;Html&quot;:{&quot;videoAutoplay&quot;:0,&quot;videoTpl&quot;:&quot;&lt;video class=\\&quot;fancybox__html5video\\&quot; controls muted playsinline controlsList controlsList=\\&quot;nodownload\\&quot; poster=\\&quot;{{poster}}\\&quot; src=\\&quot;{{src}}\\&quot; type=\\&quot;{{format}}\\&quot; &gt;  Sorry, your browser doesn&#039;t support embedded videos, &lt;a href=\\&quot;{{src}}\\&quot;&gt; download &lt;\\\/a&gt; and watch with your favorite video player! &lt;\\\/video&gt;&quot;}},&quot;inView&quot;:false,&quot;email_subject&quot;:&quot;Check out this awesome image !!&quot;,&quot;email_message&quot;:&quot;Here is the link to the image : %%image_link%% and this is the link to the gallery : %%gallery_link%%&quot;,&quot;grid_type&quot;:&quot;automatic&quot;,&quot;rowHeight&quot;:250,&quot;lastRow&quot;:&quot;justify&quot;,&quot;lightbox&quot;:&quot;fancybox&quot;}\">\n\n\t\n\t<div  class=\"modula-items grid-gallery\">\n\t\t<div class=\"modula-item\" >\n\t<div class=\"modula-item-content\">\n\t\t\n\t\t\t\t\t<a data-image-id=\"730\" data-elementor-open-lightbox=\"no\" tabindex=\"0\" rel=\"jtg-728\" data-caption=\"Hallo\" aria-label=\"Open image in lightbox\" role=\"button\" class=\"tile-inner modula-item-link\"><\/a>\n\t\t\n\t\t<img fetchpriority=\"high\" class=\"pic wp-image-730 lazyload\"  data-valign=\"middle\" data-halign=\"center\" alt=\"\" data-full=\"https:\/\/vswindhag.ac.at\/wp-content\/uploads\/2025\/05\/IMG_8620-1.jpeg\" title=\"Wald\" width=\"1500\" height=\"2000\" data-src=\"https:\/\/vswindhag.ac.at\/wp-content\/uploads\/2025\/05\/IMG_8620-1-1500x2000.jpeg\" data-caption=\"Hallo\" data-source=\"modula\" data-srcset=\"https:\/\/vswindhag.ac.at\/wp-content\/uploads\/2025\/05\/IMG_8620-1-scaled.jpeg 1920w, https:\/\/vswindhag.ac.at\/wp-content\/uploads\/2025\/05\/IMG_8620-1-scaled-1500x2000.jpeg 1500w, https:\/\/vswindhag.ac.at\/wp-content\/uploads\/2025\/05\/IMG_8620-1-768x1024.jpeg 768w, https:\/\/vswindhag.ac.at\/wp-content\/uploads\/2025\/05\/IMG_8620-1-1152x1536.jpeg 1152w, https:\/\/vswindhag.ac.at\/wp-content\/uploads\/2025\/05\/IMG_8620-1-1536x2048.jpeg 1536w\" data-sizes=\"(max-width: 1500px) 100vw, 1500px\" srcset=\"https:\/\/vswindhag.ac.at\/wp-content\/uploads\/2025\/05\/IMG_8620-1-1500x2000.jpeg 1500w, https:\/\/vswindhag.ac.at\/wp-content\/uploads\/2025\/05\/IMG_8620-1-768x1024.jpeg 768w, https:\/\/vswindhag.ac.at\/wp-content\/uploads\/2025\/05\/IMG_8620-1-1152x1536.jpeg 1152w, https:\/\/vswindhag.ac.at\/wp-content\/uploads\/2025\/05\/IMG_8620-1-1536x2048.jpeg 1536w, https:\/\/vswindhag.ac.at\/wp-content\/uploads\/2025\/05\/IMG_8620-1-scaled.jpeg 1920w\" sizes=\"(max-width: 1500px) 100vw, 1500px\" \/>\n\t<\/div>\n\n<\/div><div class=\"modula-item\" >\n\t<div class=\"modula-item-content\">\n\t\t\n\t\t\t\t\t<a data-image-id=\"731\" data-elementor-open-lightbox=\"no\" tabindex=\"0\" rel=\"jtg-728\" data-caption=\"\" aria-label=\"Open image in lightbox\" role=\"button\" class=\"tile-inner modula-item-link\"><\/a>\n\t\t\n\t\t<img class=\"pic wp-image-731 lazyload\"  data-valign=\"middle\" data-halign=\"center\" alt=\"\" data-full=\"https:\/\/vswindhag.ac.at\/wp-content\/uploads\/2025\/05\/IMG_8619.jpeg\" title=\"IMG_8619\" width=\"1500\" height=\"2000\" data-src=\"https:\/\/vswindhag.ac.at\/wp-content\/uploads\/2025\/05\/IMG_8619-1500x2000.jpeg\" data-caption=\"\" data-source=\"modula\" data-srcset=\"https:\/\/vswindhag.ac.at\/wp-content\/uploads\/2025\/05\/IMG_8619-scaled.jpeg 1920w, https:\/\/vswindhag.ac.at\/wp-content\/uploads\/2025\/05\/IMG_8619-scaled-1500x2000.jpeg 1500w, https:\/\/vswindhag.ac.at\/wp-content\/uploads\/2025\/05\/IMG_8619-768x1024.jpeg 768w, https:\/\/vswindhag.ac.at\/wp-content\/uploads\/2025\/05\/IMG_8619-1152x1536.jpeg 1152w, https:\/\/vswindhag.ac.at\/wp-content\/uploads\/2025\/05\/IMG_8619-1536x2048.jpeg 1536w\" data-sizes=\"(max-width: 1500px) 100vw, 1500px\" srcset=\"https:\/\/vswindhag.ac.at\/wp-content\/uploads\/2025\/05\/IMG_8619-1500x2000.jpeg 1500w, https:\/\/vswindhag.ac.at\/wp-content\/uploads\/2025\/05\/IMG_8619-768x1024.jpeg 768w, https:\/\/vswindhag.ac.at\/wp-content\/uploads\/2025\/05\/IMG_8619-1152x1536.jpeg 1152w, https:\/\/vswindhag.ac.at\/wp-content\/uploads\/2025\/05\/IMG_8619-1536x2048.jpeg 1536w, https:\/\/vswindhag.ac.at\/wp-content\/uploads\/2025\/05\/IMG_8619-scaled.jpeg 1920w\" sizes=\"(max-width: 1500px) 100vw, 1500px\" \/>\n\t<\/div>\n\n<\/div><div class=\"modula-item\" >\n\t<div class=\"modula-item-content\">\n\t\t\n\t\t\t\t\t<a data-image-id=\"732\" data-elementor-open-lightbox=\"no\" tabindex=\"0\" rel=\"jtg-728\" data-caption=\"Waldtag\" aria-label=\"Open image in lightbox\" role=\"button\" class=\"tile-inner modula-item-link\"><\/a>\n\t\t\n\t\t<img class=\"pic wp-image-732 lazyload\"  data-valign=\"middle\" data-halign=\"center\" alt=\"\" data-full=\"https:\/\/vswindhag.ac.at\/wp-content\/uploads\/2025\/05\/IMG_8622.jpeg\" title=\"IMG_8622\" width=\"1500\" height=\"2000\" data-src=\"https:\/\/vswindhag.ac.at\/wp-content\/uploads\/2025\/05\/IMG_8622-1500x2000.jpeg\" data-caption=\"Waldtag\" data-source=\"modula\" data-srcset=\"https:\/\/vswindhag.ac.at\/wp-content\/uploads\/2025\/05\/IMG_8622-scaled.jpeg 1920w, https:\/\/vswindhag.ac.at\/wp-content\/uploads\/2025\/05\/IMG_8622-scaled-1500x2000.jpeg 1500w, https:\/\/vswindhag.ac.at\/wp-content\/uploads\/2025\/05\/IMG_8622-768x1024.jpeg 768w, https:\/\/vswindhag.ac.at\/wp-content\/uploads\/2025\/05\/IMG_8622-1152x1536.jpeg 1152w, https:\/\/vswindhag.ac.at\/wp-content\/uploads\/2025\/05\/IMG_8622-1536x2048.jpeg 1536w\" data-sizes=\"(max-width: 1500px) 100vw, 1500px\" srcset=\"https:\/\/vswindhag.ac.at\/wp-content\/uploads\/2025\/05\/IMG_8622-1500x2000.jpeg 1500w, https:\/\/vswindhag.ac.at\/wp-content\/uploads\/2025\/05\/IMG_8622-768x1024.jpeg 768w, https:\/\/vswindhag.ac.at\/wp-content\/uploads\/2025\/05\/IMG_8622-1152x1536.jpeg 1152w, https:\/\/vswindhag.ac.at\/wp-content\/uploads\/2025\/05\/IMG_8622-1536x2048.jpeg 1536w, https:\/\/vswindhag.ac.at\/wp-content\/uploads\/2025\/05\/IMG_8622-scaled.jpeg 1920w\" sizes=\"(max-width: 1500px) 100vw, 1500px\" \/>\n\t<\/div>\n\n<\/div>\t\t\n\t<\/div>\n\n\t\n\t\n\t<script type=\"application\/ld+json\">\n\t{\n\t\t\"@context\": \"http:\/\/schema.org\",\n\t\t\"@type\"   : \"ImageGallery\",\n\t\t\"id\"      : \"https:\/\/vswindhag.ac.at\/index.php\/waldtag-2\/\",\n\t\t\"url\"     : \"https:\/\/vswindhag.ac.at\/index.php\/waldtag-2\/\"\n\t}\n\n\t<\/script>\n\n\t\n<\/div><\/div>\n\t\t\t\t\t\t<\/div>\n\t\t\t\t<\/div>\n\t\t\t\t<div class=\"elementor-element elementor-element-4900684c elementor-widget elementor-widget-button\" data-id=\"4900684c\" data-element_type=\"widget\" data-widget_type=\"button.default\">\n\t\t\t\t<div class=\"elementor-widget-container\">\n\t\t\t\t\t\t\t\t\t<div class=\"elementor-button-wrapper\">\n\t\t\t\t\t<a class=\"elementor-button elementor-button-link elementor-size-sm\" href=\"https:\/\/vswindhag.ac.at\/index.php\/schulleben\/\">\n\t\t\t\t\t\t<span class=\"elementor-button-content-wrapper\">\n\t\t\t\t\t\t\t\t\t<span class=\"elementor-button-text\">zur\u00fcck<\/span>\n\t\t\t\t\t<\/span>\n\t\t\t\t\t<\/a>\n\t\t\t\t<\/div>\n\t\t\t\t\t\t\t\t<\/div>\n\t\t\t\t<\/div>\n\t\t\t\t\t<\/div>\n\t\t\t\t<\/div>\n\t\t<div class=\"elementor-element elementor-element-3539b5c4 e-flex e-con-boxed e-con e-parent\" data-id=\"3539b5c4\" data-element_type=\"container\">\n\t\t\t\t\t<div class=\"e-con-inner\">\n\t\t\t\t\t<\/div>\n\t\t\t\t<\/div>\n\t\t\t\t<\/div>\n\t\t","protected":false},"excerpt":{"rendered":"<p>Waldtag Am 30. J\u00e4nner durfte jede Klasse zwei Unterrichtseinheiten im Wald verbringen. Die Sch\u00fcler und Sch\u00fclerinnen durften viele verschiedene Dinge \u00fcber den Wald lernen und dabei gleichzeitig ihr eigenes Wissen [&hellip;]<\/p>\n","protected":false},"author":1,"featured_media":0,"parent":0,"menu_order":0,"comment_status":"closed","ping_status":"closed","template":"","meta":{"_EventAllDay":false,"_EventTimezone":"","_EventStartDate":"","_EventEndDate":"","_EventStartDateUTC":"","_EventEndDateUTC":"","_EventShowMap":false,"_EventShowMapLink":false,"_EventURL":"","_EventCost":"","_EventCostDescription":"","_EventCurrencySymbol":"","_EventCurrencyCode":"","_EventCurrencyPosition":"","_EventDateTimeSeparator":"","_EventTimeRangeSeparator":"","_EventOrganizerID":[],"_EventVenueID":[],"_OrganizerEmail":"","_OrganizerPhone":"","_OrganizerWebsite":"","_VenueAddress":"","_VenueCity":"","_VenueCountry":"","_VenueProvince":"","_VenueState":"","_VenueZip":"","_VenuePhone":"","_VenueURL":"","_VenueStateProvince":"","_VenueLat":"","_VenueLng":"","_VenueShowMap":false,"_VenueShowMapLink":false,"footnotes":""},"class_list":["post-1168","page","type-page","status-publish","hentry"],"_links":{"self":[{"href":"https:\/\/vswindhag.ac.at\/index.php\/wp-json\/wp\/v2\/pages\/1168","targetHints":{"allow":["GET"]}}],"collection":[{"href":"https:\/\/vswindhag.ac.at\/index.php\/wp-json\/wp\/v2\/pages"}],"about":[{"href":"https:\/\/vswindhag.ac.at\/index.php\/wp-json\/wp\/v2\/types\/page"}],"author":[{"embeddable":true,"href":"https:\/\/vswindhag.ac.at\/index.php\/wp-json\/wp\/v2\/users\/1"}],"replies":[{"embeddable":true,"href":"https:\/\/vswindhag.ac.at\/index.php\/wp-json\/wp\/v2\/comments?post=1168"}],"version-history":[{"count":4,"href":"https:\/\/vswindhag.ac.at\/index.php\/wp-json\/wp\/v2\/pages\/1168\/revisions"}],"predecessor-version":[{"id":1172,"href":"https:\/\/vswindhag.ac.at\/index.php\/wp-json\/wp\/v2\/pages\/1168\/revisions\/1172"}],"wp:attachment":[{"href":"https:\/\/vswindhag.ac.at\/index.php\/wp-json\/wp\/v2\/media?parent=1168"}],"curies":[{"name":"wp","href":"https:\/\/api.w.org\/{rel}","templated":true}]}}